{"id":1118,"date":"2023-01-07T10:32:20","date_gmt":"2023-01-07T09:32:20","guid":{"rendered":"https:\/\/hotelhappy.rs\/?page_id=1118"},"modified":"2024-06-12T16:14:53","modified_gmt":"2024-06-12T14:14:53","slug":"crkva-svetih-petra-i-pavla","status":"publish","type":"page","link":"https:\/\/hotelhappy.rs\/en\/turisticke-atrakcije\/crkva-svetih-petra-i-pavla\/","title":{"rendered":"CHURCH OF SAINT PETER AND PAUL"},"content":{"rendered":"<div data-elementor-type=\"wp-page\" data-elementor-id=\"1118\" class=\"elementor elementor-1118\">\n\t\t\t\t\t\t<section class=\"elementor-section elementor-top-section elementor-element elementor-element-6477f81 elementor-section-boxed elementor-section-height-default elementor-section-height-default\" data-id=\"6477f81\" data-element_type=\"section\" data-e-type=\"section\" data-settings=\"{&quot;background_background&quot;:&quot;classic&quot;}\">\n\t\t\t\t\t\t\t<div class=\"elementor-background-overlay\"><\/div>\n\t\t\t\t\t\t\t<div class=\"elementor-container elementor-column-gap-default\">\n\t\t\t\t\t<div class=\"elementor-column elementor-col-100 elementor-top-column elementor-element elementor-element-422aa2f6\" data-id=\"422aa2f6\" data-element_type=\"column\" data-e-type=\"column\">\n\t\t\t<div class=\"elementor-widget-wrap elementor-element-populated\">\n\t\t\t\t\t\t<div class=\"elementor-element elementor-element-4e48b6b1 elementor-widget elementor-widget-heading\" data-id=\"4e48b6b1\" data-element_type=\"widget\" data-e-type=\"widget\" data-widget_type=\"heading.default\">\n\t\t\t\t<div class=\"elementor-widget-container\">\n\t\t\t\t\t<h1 class=\"elementor-heading-title elementor-size-default\">Crkva Svetih apostola Petra i Pavla<\/h1>\t\t\t\t<\/div>\n\t\t\t\t<\/div>\n\t\t\t\t\t<\/div>\n\t\t<\/div>\n\t\t\t\t\t<\/div>\n\t\t<\/section>\n\t\t\t\t<section class=\"elementor-section elementor-top-section elementor-element elementor-element-2637c457 elementor-section-boxed elementor-section-height-default elementor-section-height-default\" data-id=\"2637c457\" data-element_type=\"section\" data-e-type=\"section\">\n\t\t\t\t\t\t<div class=\"elementor-container elementor-column-gap-default\">\n\t\t\t\t\t<div class=\"elementor-column elementor-col-100 elementor-top-column elementor-element elementor-element-2af3b621\" data-id=\"2af3b621\" data-element_type=\"column\" data-e-type=\"column\">\n\t\t\t<div class=\"elementor-widget-wrap elementor-element-populated\">\n\t\t\t\t\t\t<div class=\"elementor-element elementor-element-5afbd9b9 elementor-widget elementor-widget-text-editor\" data-id=\"5afbd9b9\" data-element_type=\"widget\" data-e-type=\"widget\" data-widget_type=\"text-editor.default\">\n\t\t\t\t<div class=\"elementor-widget-container\">\n\t\t\t\t\t\t\t\t\t<p>Crkva Svetih Petra i Pavla nalazi se na Staroj Planini kod sela Rsovci u pe\u0107ini brda Kalik. Ova neverovatna gra\u0111evina je podignuta u 13. veku. Iako je sme\u0161tena u samoj pe\u0107ini, nije to ono po \u010demu je ova crkva jedinstvena u svetu. Tamo je oslikana freska &#8220;\u0106elavog Isusa<span style=\"background-color: var(--ast-global-color-4); color: var(--ast-global-color-3); font-size: 1rem;\">&#8220;<\/span><span style=\"font-style: inherit; font-weight: inherit; background-color: var(--ast-global-color-4); color: var(--ast-global-color-3);\">\u00a0known as the Infant Jesus. You read that right, it's a young Jesus without hair.<\/span><\/p><p><span style=\"font-size: 1rem; font-style: inherit; font-weight: inherit; color: var(--ast-global-color-3); background-color: var(--ast-global-color-4);\">Archaeological research shows that the fresco was painted in the second half of the 13th century.\u00a0<\/span><span style=\"font-style: inherit; font-weight: inherit; color: var(--ast-global-color-3); background-color: var(--ast-global-color-4);\">Pretpostavlja se da su fresku oslikali isposnici sa Sinaja koji su povremeno putovali u Srbiju. Da stvar bude jo\u0161 neobi\u010dnija, &#8220;\u0106elavi Isus<\/span><span style=\"background-color: var(--ast-global-color-4); color: var(--ast-global-color-3); font-size: 1rem;\">&#8220;<\/span><span style=\"background-color: var(--ast-global-color-4); color: var(--ast-global-color-3); font-style: inherit; font-weight: inherit;\">\u00a0is painted in Buddhist garb, and watch now this, in the eight-pointed star. Amazing.\u00a0<\/span><\/p><p><span style=\"background-color: var(--ast-global-color-4); color: var(--ast-global-color-3); font-style: inherit; font-weight: inherit;\">Opinions are divided as to how this work was created. The most common opinion among fresco painters is that this work was done by a painter influenced by various trends in Christianity. In the fresco, it is visible that in the hands of Jesus, there is not a cross, but only one\u00a0<\/span><span style=\"background-color: var(--ast-global-color-4); color: var(--ast-global-color-3);\">ima<\/span><span style=\"background-color: var(--ast-global-color-4); color: var(--ast-global-color-3);\">\u00a0<\/span><span style=\"background-color: var(--ast-global-color-4); color: var(--ast-global-color-3); font-style: inherit; font-weight: inherit;\">three fingers raised, which is synonymous with baptism. This church is classified as a historical rarity and a cultural asset. The Church of Saints Peter and Paul, also known as the Cave Church, measures 7x8m and is located only 10m above the river Viso\u010dica. The entire iconostasis is made of wooden beams. What gives this church an additional charm is the beautiful nature in which it is located, which this area has in abundance.<\/span><\/p><p><span style=\"background-color: var(--ast-global-color-4); color: var(--ast-global-color-3); font-style: inherit; font-weight: inherit;\">Previously, the road was very inaccessible and it was difficult to reach the church. Recently, the path to the church has been renovated by the World Tourism Agency, so now you can easily<\/span><span style=\"background-color: var(--ast-global-color-4); color: var(--ast-global-color-3); font-style: inherit; font-weight: inherit;\">\u00a0to visit this unusual church.<\/span><\/p><p><span style=\"background-color: var(--ast-global-color-4); color: var(--ast-global-color-3); font-style: inherit; font-weight: inherit;\">Our warm recommendation is to set aside some time when you stay at Hotel Happy and visit this unique architectural and painting wonder, which is only 50 kilometers from our hotel.<\/span><\/p><p>For any additional information, feel free to contact our staff, who will help you with further advice to have the best possible experience visiting this destination.<\/p>\t\t\t\t\t\t\t\t<\/div>\n\t\t\t\t<\/div>\n\t\t\t\t<div class=\"elementor-element elementor-element-c306cff elementor-widget elementor-widget-image\" data-id=\"c306cff\" data-element_type=\"widget\" data-e-type=\"widget\" data-widget_type=\"image.default\">\n\t\t\t\t<div class=\"elementor-widget-container\">\n\t\t\t\t\t\t\t\t\t\t\t\t\t\t\t<img fetchpriority=\"high\" decoding=\"async\" width=\"800\" height=\"800\" src=\"https:\/\/i0.wp.com\/hotelhappy.rs\/wp-content\/uploads\/2023\/01\/crkva-svetih-petra-i-pavla-celavi-Isus.jpg?fit=800%2C800&amp;ssl=1\" class=\"attachment-large size-large wp-image-1168\" alt=\"crkva svetih petra i pavla celavi Isus\" srcset=\"https:\/\/i0.wp.com\/hotelhappy.rs\/wp-content\/uploads\/2023\/01\/crkva-svetih-petra-i-pavla-celavi-Isus.jpg?w=800&amp;ssl=1 800w, https:\/\/i0.wp.com\/hotelhappy.rs\/wp-content\/uploads\/2023\/01\/crkva-svetih-petra-i-pavla-celavi-Isus.jpg?resize=300%2C300&amp;ssl=1 300w, https:\/\/i0.wp.com\/hotelhappy.rs\/wp-content\/uploads\/2023\/01\/crkva-svetih-petra-i-pavla-celavi-Isus.jpg?resize=150%2C150&amp;ssl=1 150w, https:\/\/i0.wp.com\/hotelhappy.rs\/wp-content\/uploads\/2023\/01\/crkva-svetih-petra-i-pavla-celavi-Isus.jpg?resize=768%2C768&amp;ssl=1 768w, https:\/\/i0.wp.com\/hotelhappy.rs\/wp-content\/uploads\/2023\/01\/crkva-svetih-petra-i-pavla-celavi-Isus.jpg?resize=12%2C12&amp;ssl=1 12w\" sizes=\"(max-width: 800px) 100vw, 800px\" \/>\t\t\t\t\t\t\t\t\t\t\t\t\t\t\t<\/div>\n\t\t\t\t<\/div>\n\t\t\t\t<div class=\"elementor-element elementor-element-690adf6 elementor-widget elementor-widget-text-editor\" data-id=\"690adf6\" data-element_type=\"widget\" data-e-type=\"widget\" data-widget_type=\"text-editor.default\">\n\t\t\t\t<div class=\"elementor-widget-container\">\n\t\t\t\t\t\t\t\t\t<p>Cave Church of the Holy Apostles Peter and Paul<\/p>\t\t\t\t\t\t\t\t<\/div>\n\t\t\t\t<\/div>\n\t\t\t\t<div class=\"elementor-element elementor-element-cadd9e1 elementor-widget elementor-widget-spacer\" data-id=\"cadd9e1\" data-element_type=\"widget\" data-e-type=\"widget\" data-widget_type=\"spacer.default\">\n\t\t\t\t<div class=\"elementor-widget-container\">\n\t\t\t\t\t\t\t<div class=\"elementor-spacer\">\n\t\t\t<div class=\"elementor-spacer-inner\"><\/div>\n\t\t<\/div>\n\t\t\t\t\t\t<\/div>\n\t\t\t\t<\/div>\n\t\t\t\t\t<\/div>\n\t\t<\/div>\n\t\t\t\t\t<\/div>\n\t\t<\/section>\n\t\t\t\t<section class=\"elementor-section elementor-top-section elementor-element elementor-element-2ff2df02 elementor-section-boxed elementor-section-height-default elementor-section-height-default\" data-id=\"2ff2df02\" data-element_type=\"section\" data-e-type=\"section\" data-settings=\"{&quot;background_background&quot;:&quot;classic&quot;}\">\n\t\t\t\t\t\t\t<div class=\"elementor-background-overlay\"><\/div>\n\t\t\t\t\t\t\t<div class=\"elementor-container elementor-column-gap-no\">\n\t\t\t\t\t<div class=\"elementor-column elementor-col-100 elementor-top-column elementor-element elementor-element-43354b21\" data-id=\"43354b21\" data-element_type=\"column\" data-e-type=\"column\">\n\t\t\t<div class=\"elementor-widget-wrap elementor-element-populated\">\n\t\t\t\t\t\t<div class=\"elementor-element elementor-element-6b4e92d8 elementor-widget elementor-widget-heading\" data-id=\"6b4e92d8\" data-element_type=\"widget\" data-e-type=\"widget\" data-widget_type=\"heading.default\">\n\t\t\t\t<div class=\"elementor-widget-container\">\n\t\t\t\t\t<h3 class=\"elementor-heading-title elementor-size-default\">Plan your unforgettable Happy experience today!<\/h3>\t\t\t\t<\/div>\n\t\t\t\t<\/div>\n\t\t\t\t<div class=\"elementor-element elementor-element-c5ccf01 elementor-align-center elementor-widget elementor-widget-button\" data-id=\"c5ccf01\" data-element_type=\"widget\" data-e-type=\"widget\" data-widget_type=\"button.default\">\n\t\t\t\t<div class=\"elementor-widget-container\">\n\t\t\t\t\t\t\t\t\t<div class=\"elementor-button-wrapper\">\n\t\t\t\t\t<a class=\"elementor-button elementor-button-link elementor-size-sm\" href=\"https:\/\/hotelhappy.rs\/en\/contact\/\">\n\t\t\t\t\t\t<span class=\"elementor-button-content-wrapper\">\n\t\t\t\t\t\t\t\t\t<span class=\"elementor-button-text\">BOOK ACCOMMODATION<\/span>\n\t\t\t\t\t<\/span>\n\t\t\t\t\t<\/a>\n\t\t\t\t<\/div>\n\t\t\t\t\t\t\t\t<\/div>\n\t\t\t\t<\/div>\n\t\t\t\t\t<\/div>\n\t\t<\/div>\n\t\t\t\t\t<\/div>\n\t\t<\/section>\n\t\t\t\t<\/div>","protected":false},"excerpt":{"rendered":"<p>Crkva Svetih apostola Petra i Pavla Crkva Svetih Petra i Pavla nalazi se na Staroj Planini kod sela Rsovci u pe\u0107ini brda Kalik. Ova neverovatna gra\u0111evina je podignuta u 13. veku. Iako je sme\u0161tena u samoj pe\u0107ini, nije to ono po \u010demu je ova crkva jedinstvena u svetu. Tamo je oslikana freska &#8220;\u0106elavog Isusa&#8220;\u00a0poznata kao [&hellip;]<\/p>\n","protected":false},"author":1,"featured_media":0,"parent":621,"menu_order":0,"comment_status":"closed","ping_status":"closed","template":"","meta":{"site-sidebar-layout":"no-sidebar","site-content-layout":"page-builder","ast-site-content-layout":"full-width-container","site-content-style":"unboxed","site-sidebar-style":"unboxed","ast-global-header-display":"","ast-banner-title-visibility":"","ast-main-header-display":"","ast-hfb-above-header-display":"","ast-hfb-below-header-display":"","ast-hfb-mobile-header-display":"","site-post-title":"disabled","ast-breadcrumbs-content":"","ast-featured-img":"disabled","footer-sml-layout":"","ast-disable-related-posts":"","theme-transparent-header-meta":"","adv-header-id-meta":"","stick-header-meta":"","header-above-stick-meta":"","header-main-stick-meta":"","header-below-stick-meta":"","astra-migrate-meta-layouts":"set","ast-page-background-enabled":"default","ast-page-background-meta":{"desktop":{"background-color":"","background-image":"","background-repeat":"repeat","background-position":"center center","background-size":"auto","background-attachment":"scroll","background-type":"","background-media":"","overlay-type":"","overlay-color":"","overlay-opacity":"","overlay-gradient":""},"tablet":{"background-color":"","background-image":"","background-repeat":"repeat","background-position":"center center","background-size":"auto","background-attachment":"scroll","background-type":"","background-media":"","overlay-type":"","overlay-color":"","overlay-opacity":"","overlay-gradient":""},"mobile":{"background-color":"","background-image":"","background-repeat":"repeat","background-position":"center center","background-size":"auto","background-attachment":"scroll","background-type":"","background-media":"","overlay-type":"","overlay-color":"","overlay-opacity":"","overlay-gradient":""}},"ast-content-background-meta":{"desktop":{"background-color":"var(--ast-global-color-5)","background-image":"","background-repeat":"repeat","background-position":"center center","background-size":"auto","background-attachment":"scroll","background-type":"","background-media":"","overlay-type":"","overlay-color":"","overlay-opacity":"","overlay-gradient":""},"tablet":{"background-color":"var(--ast-global-color-5)","background-image":"","background-repeat":"repeat","background-position":"center center","background-size":"auto","background-attachment":"scroll","background-type":"","background-media":"","overlay-type":"","overlay-color":"","overlay-opacity":"","overlay-gradient":""},"mobile":{"background-color":"var(--ast-global-color-5)","background-image":"","background-repeat":"repeat","background-position":"center center","background-size":"auto","background-attachment":"scroll","background-type":"","background-media":"","overlay-type":"","overlay-color":"","overlay-opacity":"","overlay-gradient":""}},"footnotes":""},"class_list":["post-1118","page","type-page","status-publish","hentry"],"yoast_head":"<!-- This site is optimized with the Yoast SEO plugin v27.5 - https:\/\/yoast.com\/product\/yoast-seo-wordpress\/ -->\n<title>Crkva Svetih Apostola Petra i Pavla - Hotel Happy Va\u0161 vodi\u010d<\/title>\n<meta name=\"description\" content=\"Pogledajte za\u0161to je ova crkva na Staroj Planini jedinstvena u svetu. Pe\u0107inska crkva Svetih Petra i Pavla. Oslikana freska &#039;&#039;\u0106elavi Isus&#039;&#039;\" \/>\n<meta name=\"robots\" content=\"index, follow, max-snippet:-1, max-image-preview:large, max-video-preview:-1\" \/>\n<link rel=\"canonical\" href=\"https:\/\/hotelhappy.rs\/en\/tourist-attractions\/crkva-svetih-petra-i-pavla\/\" \/>\n<meta property=\"og:locale\" content=\"en_US\" \/>\n<meta property=\"og:type\" content=\"article\" \/>\n<meta property=\"og:title\" content=\"Crkva Svetih Apostola Petra i Pavla - Hotel Happy Va\u0161 vodi\u010d\" \/>\n<meta property=\"og:description\" content=\"Pogledajte za\u0161to je ova crkva na Staroj Planini jedinstvena u svetu. Pe\u0107inska crkva Svetih Petra i Pavla. Oslikana freska &#039;&#039;\u0106elavi Isus&#039;&#039;\" \/>\n<meta property=\"og:url\" content=\"https:\/\/hotelhappy.rs\/en\/tourist-attractions\/crkva-svetih-petra-i-pavla\/\" \/>\n<meta property=\"og:site_name\" content=\"hotelhappy\" \/>\n<meta property=\"article:publisher\" content=\"https:\/\/www.facebook.com\/hotelhappy.rs\/\" \/>\n<meta property=\"article:modified_time\" content=\"2024-06-12T14:14:53+00:00\" \/>\n<meta property=\"og:image\" content=\"https:\/\/hotelhappy.rs\/wp-content\/uploads\/2023\/01\/crkva-svetih-petra-i-pavla-celavi-Isus.jpg\" \/>\n<meta name=\"twitter:card\" content=\"summary_large_image\" \/>\n<meta name=\"twitter:label1\" content=\"Est. reading time\" \/>\n\t<meta name=\"twitter:data1\" content=\"2 minutes\" \/>\n<script type=\"application\/ld+json\" class=\"yoast-schema-graph\">{\"@context\":\"https:\\\/\\\/schema.org\",\"@graph\":[{\"@type\":\"WebPage\",\"@id\":\"https:\\\/\\\/hotelhappy.rs\\\/turisticke-atrakcije\\\/crkva-svetih-petra-i-pavla\\\/\",\"url\":\"https:\\\/\\\/hotelhappy.rs\\\/turisticke-atrakcije\\\/crkva-svetih-petra-i-pavla\\\/\",\"name\":\"Crkva Svetih Apostola Petra i Pavla - Hotel Happy Va\u0161 vodi\u010d\",\"isPartOf\":{\"@id\":\"http:\\\/\\\/hotelhappy.rs\\\/#website\"},\"primaryImageOfPage\":{\"@id\":\"https:\\\/\\\/hotelhappy.rs\\\/turisticke-atrakcije\\\/crkva-svetih-petra-i-pavla\\\/#primaryimage\"},\"image\":{\"@id\":\"https:\\\/\\\/hotelhappy.rs\\\/turisticke-atrakcije\\\/crkva-svetih-petra-i-pavla\\\/#primaryimage\"},\"thumbnailUrl\":\"https:\\\/\\\/hotelhappy.rs\\\/wp-content\\\/uploads\\\/2023\\\/01\\\/crkva-svetih-petra-i-pavla-celavi-Isus.jpg\",\"datePublished\":\"2023-01-07T09:32:20+00:00\",\"dateModified\":\"2024-06-12T14:14:53+00:00\",\"description\":\"Pogledajte za\u0161to je ova crkva na Staroj Planini jedinstvena u svetu. Pe\u0107inska crkva Svetih Petra i Pavla. Oslikana freska ''\u0106elavi Isus''\",\"breadcrumb\":{\"@id\":\"https:\\\/\\\/hotelhappy.rs\\\/turisticke-atrakcije\\\/crkva-svetih-petra-i-pavla\\\/#breadcrumb\"},\"inLanguage\":\"en-US\",\"potentialAction\":[{\"@type\":\"ReadAction\",\"target\":[\"https:\\\/\\\/hotelhappy.rs\\\/turisticke-atrakcije\\\/crkva-svetih-petra-i-pavla\\\/\"]}]},{\"@type\":\"ImageObject\",\"inLanguage\":\"en-US\",\"@id\":\"https:\\\/\\\/hotelhappy.rs\\\/turisticke-atrakcije\\\/crkva-svetih-petra-i-pavla\\\/#primaryimage\",\"url\":\"https:\\\/\\\/hotelhappy.rs\\\/wp-content\\\/uploads\\\/2023\\\/01\\\/crkva-svetih-petra-i-pavla-celavi-Isus.jpg\",\"contentUrl\":\"https:\\\/\\\/hotelhappy.rs\\\/wp-content\\\/uploads\\\/2023\\\/01\\\/crkva-svetih-petra-i-pavla-celavi-Isus.jpg\"},{\"@type\":\"BreadcrumbList\",\"@id\":\"https:\\\/\\\/hotelhappy.rs\\\/turisticke-atrakcije\\\/crkva-svetih-petra-i-pavla\\\/#breadcrumb\",\"itemListElement\":[{\"@type\":\"ListItem\",\"position\":1,\"name\":\"Home\",\"item\":\"https:\\\/\\\/hotelhappy.rs\\\/\"},{\"@type\":\"ListItem\",\"position\":2,\"name\":\"TURISTI\u010cKE ATRAKCIJE\",\"item\":\"https:\\\/\\\/hotelhappy.rs\\\/turisticke-atrakcije\\\/\"},{\"@type\":\"ListItem\",\"position\":3,\"name\":\"CRKVA SVETIH PETRA I PAVLA\"}]},{\"@type\":\"WebSite\",\"@id\":\"http:\\\/\\\/hotelhappy.rs\\\/#website\",\"url\":\"http:\\\/\\\/hotelhappy.rs\\\/\",\"name\":\"hotelhappy\",\"description\":\"hotelhappy\",\"publisher\":{\"@id\":\"http:\\\/\\\/hotelhappy.rs\\\/#organization\"},\"potentialAction\":[{\"@type\":\"SearchAction\",\"target\":{\"@type\":\"EntryPoint\",\"urlTemplate\":\"http:\\\/\\\/hotelhappy.rs\\\/?s={search_term_string}\"},\"query-input\":{\"@type\":\"PropertyValueSpecification\",\"valueRequired\":true,\"valueName\":\"search_term_string\"}}],\"inLanguage\":\"en-US\"},{\"@type\":\"Organization\",\"@id\":\"http:\\\/\\\/hotelhappy.rs\\\/#organization\",\"name\":\"hotelhappy\",\"url\":\"http:\\\/\\\/hotelhappy.rs\\\/\",\"logo\":{\"@type\":\"ImageObject\",\"inLanguage\":\"en-US\",\"@id\":\"http:\\\/\\\/hotelhappy.rs\\\/#\\\/schema\\\/logo\\\/image\\\/\",\"url\":\"https:\\\/\\\/i0.wp.com\\\/hotelhappy.rs\\\/wp-content\\\/uploads\\\/2023\\\/01\\\/cropped-LOGO-HOTEL-HAPPY.png?fit=2011%2C2011&ssl=1\",\"contentUrl\":\"https:\\\/\\\/i0.wp.com\\\/hotelhappy.rs\\\/wp-content\\\/uploads\\\/2023\\\/01\\\/cropped-LOGO-HOTEL-HAPPY.png?fit=2011%2C2011&ssl=1\",\"width\":2011,\"height\":2011,\"caption\":\"hotelhappy\"},\"image\":{\"@id\":\"http:\\\/\\\/hotelhappy.rs\\\/#\\\/schema\\\/logo\\\/image\\\/\"},\"sameAs\":[\"https:\\\/\\\/www.facebook.com\\\/hotelhappy.rs\\\/\",\"https:\\\/\\\/www.instagram.com\\\/hotelhappy.rs\\\/\"]}]}<\/script>\n<!-- \/ Yoast SEO plugin. -->","yoast_head_json":{"title":"Church of the Holy Apostles Peter and Paul - Hotel Happy","description":"Pogledajte za\u0161to je ova crkva na Staroj Planini jedinstvena u svetu. Pe\u0107inska crkva Svetih Petra i Pavla. Oslikana freska ''\u0106elavi Isus''","robots":{"index":"index","follow":"follow","max-snippet":"max-snippet:-1","max-image-preview":"max-image-preview:large","max-video-preview":"max-video-preview:-1"},"canonical":"https:\/\/hotelhappy.rs\/en\/tourist-attractions\/crkva-svetih-petra-i-pavla\/","og_locale":"en_US","og_type":"article","og_title":"Crkva Svetih Apostola Petra i Pavla - Hotel Happy Va\u0161 vodi\u010d","og_description":"Pogledajte za\u0161to je ova crkva na Staroj Planini jedinstvena u svetu. Pe\u0107inska crkva Svetih Petra i Pavla. Oslikana freska ''\u0106elavi Isus''","og_url":"https:\/\/hotelhappy.rs\/en\/tourist-attractions\/crkva-svetih-petra-i-pavla\/","og_site_name":"hotelhappy","article_publisher":"https:\/\/www.facebook.com\/hotelhappy.rs\/","article_modified_time":"2024-06-12T14:14:53+00:00","og_image":[{"url":"https:\/\/hotelhappy.rs\/wp-content\/uploads\/2023\/01\/crkva-svetih-petra-i-pavla-celavi-Isus.jpg","type":"","width":"","height":""}],"twitter_card":"summary_large_image","twitter_misc":{"Est. reading time":"2 minutes"},"schema":{"@context":"https:\/\/schema.org","@graph":[{"@type":"WebPage","@id":"https:\/\/hotelhappy.rs\/turisticke-atrakcije\/crkva-svetih-petra-i-pavla\/","url":"https:\/\/hotelhappy.rs\/turisticke-atrakcije\/crkva-svetih-petra-i-pavla\/","name":"Church of the Holy Apostles Peter and Paul - Hotel Happy","isPartOf":{"@id":"http:\/\/hotelhappy.rs\/#website"},"primaryImageOfPage":{"@id":"https:\/\/hotelhappy.rs\/turisticke-atrakcije\/crkva-svetih-petra-i-pavla\/#primaryimage"},"image":{"@id":"https:\/\/hotelhappy.rs\/turisticke-atrakcije\/crkva-svetih-petra-i-pavla\/#primaryimage"},"thumbnailUrl":"https:\/\/hotelhappy.rs\/wp-content\/uploads\/2023\/01\/crkva-svetih-petra-i-pavla-celavi-Isus.jpg","datePublished":"2023-01-07T09:32:20+00:00","dateModified":"2024-06-12T14:14:53+00:00","description":"Pogledajte za\u0161to je ova crkva na Staroj Planini jedinstvena u svetu. Pe\u0107inska crkva Svetih Petra i Pavla. Oslikana freska ''\u0106elavi Isus''","breadcrumb":{"@id":"https:\/\/hotelhappy.rs\/turisticke-atrakcije\/crkva-svetih-petra-i-pavla\/#breadcrumb"},"inLanguage":"en-US","potentialAction":[{"@type":"ReadAction","target":["https:\/\/hotelhappy.rs\/turisticke-atrakcije\/crkva-svetih-petra-i-pavla\/"]}]},{"@type":"ImageObject","inLanguage":"en-US","@id":"https:\/\/hotelhappy.rs\/turisticke-atrakcije\/crkva-svetih-petra-i-pavla\/#primaryimage","url":"https:\/\/hotelhappy.rs\/wp-content\/uploads\/2023\/01\/crkva-svetih-petra-i-pavla-celavi-Isus.jpg","contentUrl":"https:\/\/hotelhappy.rs\/wp-content\/uploads\/2023\/01\/crkva-svetih-petra-i-pavla-celavi-Isus.jpg"},{"@type":"BreadcrumbList","@id":"https:\/\/hotelhappy.rs\/turisticke-atrakcije\/crkva-svetih-petra-i-pavla\/#breadcrumb","itemListElement":[{"@type":"ListItem","position":1,"name":"Home","item":"https:\/\/hotelhappy.rs\/"},{"@type":"ListItem","position":2,"name":"TURISTI\u010cKE ATRAKCIJE","item":"https:\/\/hotelhappy.rs\/turisticke-atrakcije\/"},{"@type":"ListItem","position":3,"name":"CRKVA SVETIH PETRA I PAVLA"}]},{"@type":"WebSite","@id":"http:\/\/hotelhappy.rs\/#website","url":"http:\/\/hotelhappy.rs\/","name":"hotelhappy","description":"hotelhappy","publisher":{"@id":"http:\/\/hotelhappy.rs\/#organization"},"potentialAction":[{"@type":"SearchAction","target":{"@type":"EntryPoint","urlTemplate":"http:\/\/hotelhappy.rs\/?s={search_term_string}"},"query-input":{"@type":"PropertyValueSpecification","valueRequired":true,"valueName":"search_term_string"}}],"inLanguage":"en-US"},{"@type":"Organization","@id":"http:\/\/hotelhappy.rs\/#organization","name":"hotelhappy","url":"http:\/\/hotelhappy.rs\/","logo":{"@type":"ImageObject","inLanguage":"en-US","@id":"http:\/\/hotelhappy.rs\/#\/schema\/logo\/image\/","url":"https:\/\/i0.wp.com\/hotelhappy.rs\/wp-content\/uploads\/2023\/01\/cropped-LOGO-HOTEL-HAPPY.png?fit=2011%2C2011&ssl=1","contentUrl":"https:\/\/i0.wp.com\/hotelhappy.rs\/wp-content\/uploads\/2023\/01\/cropped-LOGO-HOTEL-HAPPY.png?fit=2011%2C2011&ssl=1","width":2011,"height":2011,"caption":"hotelhappy"},"image":{"@id":"http:\/\/hotelhappy.rs\/#\/schema\/logo\/image\/"},"sameAs":["https:\/\/www.facebook.com\/hotelhappy.rs\/","https:\/\/www.instagram.com\/hotelhappy.rs\/"]}]}},"jetpack_sharing_enabled":true,"_links":{"self":[{"href":"https:\/\/hotelhappy.rs\/en\/wp-json\/wp\/v2\/pages\/1118","targetHints":{"allow":["GET"]}}],"collection":[{"href":"https:\/\/hotelhappy.rs\/en\/wp-json\/wp\/v2\/pages"}],"about":[{"href":"https:\/\/hotelhappy.rs\/en\/wp-json\/wp\/v2\/types\/page"}],"author":[{"embeddable":true,"href":"https:\/\/hotelhappy.rs\/en\/wp-json\/wp\/v2\/users\/1"}],"replies":[{"embeddable":true,"href":"https:\/\/hotelhappy.rs\/en\/wp-json\/wp\/v2\/comments?post=1118"}],"version-history":[{"count":5,"href":"https:\/\/hotelhappy.rs\/en\/wp-json\/wp\/v2\/pages\/1118\/revisions"}],"predecessor-version":[{"id":3633,"href":"https:\/\/hotelhappy.rs\/en\/wp-json\/wp\/v2\/pages\/1118\/revisions\/3633"}],"up":[{"embeddable":true,"href":"https:\/\/hotelhappy.rs\/en\/wp-json\/wp\/v2\/pages\/621"}],"wp:attachment":[{"href":"https:\/\/hotelhappy.rs\/en\/wp-json\/wp\/v2\/media?parent=1118"}],"curies":[{"name":"wp","href":"https:\/\/api.w.org\/{rel}","templated":true}]}}