{"id":2474,"date":"2023-04-02T10:25:21","date_gmt":"2023-04-02T08:25:21","guid":{"rendered":"https:\/\/hotelhappy.rs\/?page_id=2474"},"modified":"2024-06-12T16:12:11","modified_gmt":"2024-06-12T14:12:11","slug":"manastir-sukovo","status":"publish","type":"page","link":"https:\/\/hotelhappy.rs\/en\/turisticke-atrakcije\/manastir-sukovo\/","title":{"rendered":"The Sukovo Monastery"},"content":{"rendered":"<div data-elementor-type=\"wp-page\" data-elementor-id=\"2474\" class=\"elementor elementor-2474\">\n\t\t\t\t\t\t<section class=\"elementor-section elementor-top-section elementor-element elementor-element-3a826499 elementor-section-boxed elementor-section-height-default elementor-section-height-default\" data-id=\"3a826499\" data-element_type=\"section\" data-e-type=\"section\" data-settings=\"{&quot;background_background&quot;:&quot;classic&quot;}\">\n\t\t\t\t\t\t\t<div class=\"elementor-background-overlay\"><\/div>\n\t\t\t\t\t\t\t<div class=\"elementor-container elementor-column-gap-default\">\n\t\t\t\t\t<div class=\"elementor-column elementor-col-100 elementor-top-column elementor-element elementor-element-512d1481\" data-id=\"512d1481\" data-element_type=\"column\" data-e-type=\"column\">\n\t\t\t<div class=\"elementor-widget-wrap elementor-element-populated\">\n\t\t\t\t\t\t<div class=\"elementor-element elementor-element-632c19ec elementor-widget elementor-widget-heading\" data-id=\"632c19ec\" data-element_type=\"widget\" data-e-type=\"widget\" data-widget_type=\"heading.default\">\n\t\t\t\t<div class=\"elementor-widget-container\">\n\t\t\t\t\t<h1 class=\"elementor-heading-title elementor-size-default\">The Sukovo Monastery<\/h1>\t\t\t\t<\/div>\n\t\t\t\t<\/div>\n\t\t\t\t\t<\/div>\n\t\t<\/div>\n\t\t\t\t\t<\/div>\n\t\t<\/section>\n\t\t\t\t<section class=\"elementor-section elementor-top-section elementor-element elementor-element-23801f42 elementor-section-boxed elementor-section-height-default elementor-section-height-default\" data-id=\"23801f42\" data-element_type=\"section\" data-e-type=\"section\">\n\t\t\t\t\t\t<div class=\"elementor-container elementor-column-gap-default\">\n\t\t\t\t\t<div class=\"elementor-column elementor-col-100 elementor-top-column elementor-element elementor-element-27cf2e83\" data-id=\"27cf2e83\" data-element_type=\"column\" data-e-type=\"column\">\n\t\t\t<div class=\"elementor-widget-wrap elementor-element-populated\">\n\t\t\t\t\t\t<div class=\"elementor-element elementor-element-34c7c222 elementor-widget__width-initial elementor-widget elementor-widget-text-editor\" data-id=\"34c7c222\" data-element_type=\"widget\" data-e-type=\"widget\" data-widget_type=\"text-editor.default\">\n\t\t\t\t<div class=\"elementor-widget-container\">\n\t\t\t\t\t\t\t\t\t<p><strong>The Sukovo Monastery<\/strong> se nalazi na desnoj obali reke Jerme, sme\u0161ten na samo 15 km od Dimitrovgrada, u podno\u017eju misti\u010dnog brda &#8222;Carev kamen&#8220;. Ovaj manastir pripada Eparhiji ni\u0161koj Srpske pravoslavne crkve. Nekada je bio mu\u0161ki manastir, a danas je \u017eenski.<\/p><p>It is unknown who the monastery's founder was, as well as the century of construction; what is known is that the monastery church is dedicated to the Assumption of the Blessed Virgin Mary. According to records, this monastery was destroyed several times.<\/p><p class=\"translation-block\"><strong>Sukovo Monastery<\/strong> has an interesting history. The church was built on the foundations of an ancient church, and the painting was done in 1869. Nun Efimija from Pirot contributed greatly to the church building; she even went to Jerusalem for the occasion. In 1882, there was only an abbot and one hieromonk in the monastery, while they still needed a parish. During the First World War, the Bulgarians looted the monastery in 1915.<\/p><p>According to folklore, the present monastery church was built by Sali-bey from Pirot from 1857 to 1859 as a sign of gratitude for the recovery of his son Emin. One day while he was with his family in Sukovo, he noticed a young Serb, Velja from Veliko Selo, picking something on the ground. Velja was an orphan helped by Pope Jovan Madi\u0107, the parish priest at the time, by giving him a separate room in the church house.\u00a0<span style=\"font-style: inherit; font-weight: inherit; background-color: var(--ast-global-color-4); color: var(--ast-global-color-3);\">Velja constantly talked about the mysterious visions, voices, and dreams he experienced, but no one attached importance to his stories.\u00a0<\/span><\/p><p><span style=\"font-style: inherit; font-weight: inherit; background-color: var(--ast-global-color-4); color: var(--ast-global-color-3);\">Jedne hladne zimske no\u0107i, pop Jovan je naredio svom u\u010deniku Videnu Jovanovi\u0107u da odnese malo vatre u mangalu u Veljinu sobu, ali kada se Viden pribli\u017eio vratima, \u010duo je pevanje razli\u010ditih glasova, pa je upla\u0161en oti\u0161ao i sve ispri\u010dao popu Jovanu. Pop Jovan se na po\u010detku nasmejao, ali kada je i on oti\u0161ao do vrata Veljine sobe i \u010duo to isto pevanje, otvorio je vrata i video da Velja spava dok nikog drugog nije bilo u sobi. Pop Jovan je tek tada poverovao Velji da mu se u snu javlja Sveta Bogorodica i ka\u017ee da se na mestu zvanom &#8222;Crkvi\u0161te&#8220;, izme\u0111u Begovih vodenica, otkopa manastir.\u00a0<\/span><\/p><p>Velja then came to Sukovo and started digging in that place with several peasants, where they found an old icon and a lamp. Then it was clear to them that there were the foundations of the ancient Christian church. Emin, Bey's son, was the first to find out about the excavation. He was furious about it. However, suddenly Emin got severe cramps in his legs and arms, so he started begging for help. No one knew what was going on. Finally, one peasant remembered Pope Jovan, who came and began to read prayers, after which the spasms in the Bey's son stopped. Then the Bey himself took off his hat, knelt, and kissed the hands of everyone present, including Velja.<\/p><p class=\"translation-block\">The <strong>Sukovo Monastery<\/strong> has been under state protection since 1968, and two frescoes in it attract special attention. One depicts Saint Christopher with a halo and an animal head, and the other shows the Virgin Mary with wings.<\/p><p>The appearance of the church is fascinating. It has three semicircular asps in the shape of a triconchos. The eastern apse is used for the altar, while the northern and southern are used as a choir. It is covered with tiles, under which there is cut stone and lime.<\/p><p>On all the walls, the Last Judgment is painted, where the Holy Apostle Peter, with the keys in his hands, leads the righteous to heaven, and the devil leads sinners to hell. The story depicted in the frescoes is simple, and many of the frescoes are damaged. The church founders, Pope Jovan and Monk Benjamin are buried in the common grave at the entrance to the vestibule.<\/p><p>The church has three doors, while the central one is the main one and is opened only for the glory and great holidays.<\/p><p class=\"translation-block\">We invite you to come and experience the unique spirit of Sukovo Monastery. Apart from visiting the monastery, we recommend staying at <strong>Hotel Happy Dimitrovgrad<\/strong>, which offers comfort, delicious food, and everything you need to feel you deserve. We guarantee that you will not be able to resist the charms offered by this region and <strong>Hotel Happy Dimitrovgrad<\/strong>. See you!<\/p>\t\t\t\t\t\t\t\t<\/div>\n\t\t\t\t<\/div>\n\t\t\t\t<div class=\"elementor-element elementor-element-bd74717 elementor-widget elementor-widget-image\" data-id=\"bd74717\" data-element_type=\"widget\" data-e-type=\"widget\" data-widget_type=\"image.default\">\n\t\t\t\t<div class=\"elementor-widget-container\">\n\t\t\t\t\t\t\t\t\t\t\t\t\t\t\t\t<a href=\"https:\/\/i0.wp.com\/hotelhappy.rs\/wp-content\/uploads\/2023\/04\/Manastir-Sukovo.jpg?ssl=1\" data-elementor-open-lightbox=\"yes\" data-elementor-lightbox-title=\"Manastir Sukovo\" data-elementor-lightbox-description=\"Manastir Sukovo\" data-e-action-hash=\"#elementor-action%3Aaction%3Dlightbox%26settings%3DeyJpZCI6MjQ4OSwidXJsIjoiaHR0cHM6XC9cL2hvdGVsaGFwcHkucnNcL3dwLWNvbnRlbnRcL3VwbG9hZHNcLzIwMjNcLzA0XC9NYW5hc3Rpci1TdWtvdm8uanBnIn0%3D\">\n\t\t\t\t\t\t\t<img fetchpriority=\"high\" decoding=\"async\" width=\"800\" height=\"600\" src=\"https:\/\/i0.wp.com\/hotelhappy.rs\/wp-content\/uploads\/2023\/04\/Manastir-Sukovo.jpg?fit=800%2C600&amp;ssl=1\" class=\"attachment-large size-large wp-image-2489\" alt=\"The Sukovo Monastery\" srcset=\"https:\/\/i0.wp.com\/hotelhappy.rs\/wp-content\/uploads\/2023\/04\/Manastir-Sukovo.jpg?w=800&amp;ssl=1 800w, https:\/\/i0.wp.com\/hotelhappy.rs\/wp-content\/uploads\/2023\/04\/Manastir-Sukovo.jpg?resize=300%2C225&amp;ssl=1 300w, https:\/\/i0.wp.com\/hotelhappy.rs\/wp-content\/uploads\/2023\/04\/Manastir-Sukovo.jpg?resize=768%2C576&amp;ssl=1 768w, https:\/\/i0.wp.com\/hotelhappy.rs\/wp-content\/uploads\/2023\/04\/Manastir-Sukovo.jpg?resize=16%2C12&amp;ssl=1 16w\" sizes=\"(max-width: 800px) 100vw, 800px\" \/>\t\t\t\t\t\t\t\t<\/a>\n\t\t\t\t\t\t\t\t\t\t\t\t\t\t\t<\/div>\n\t\t\t\t<\/div>\n\t\t\t\t<div class=\"elementor-element elementor-element-1865b90 elementor-widget elementor-widget-heading\" data-id=\"1865b90\" data-element_type=\"widget\" data-e-type=\"widget\" data-widget_type=\"heading.default\">\n\t\t\t\t<div class=\"elementor-widget-container\">\n\t\t\t\t\t<h2 class=\"elementor-heading-title elementor-size-default\">The Sukovo Monastery<\/h2>\t\t\t\t<\/div>\n\t\t\t\t<\/div>\n\t\t\t\t<div class=\"elementor-element elementor-element-d325aae elementor-widget elementor-widget-text-editor\" data-id=\"d325aae\" data-element_type=\"widget\" data-e-type=\"widget\" data-widget_type=\"text-editor.default\">\n\t\t\t\t<div class=\"elementor-widget-container\">\n\t\t\t\t\t\t\t\t\t<p>\u0410\u0443\u0442\u043e\u0440: Miljan Simonovi\u0107 &#8211; \u0421\u043e\u043f\u0441\u0442\u0432\u0435\u043d\u043e \u0434\u0435\u043b\u043e, CC BY-SA 4.0, https:\/\/commons.wikimedia.org\/w\/index.php?curid=43981037<\/p>\t\t\t\t\t\t\t\t<\/div>\n\t\t\t\t<\/div>\n\t\t\t\t<div class=\"elementor-element elementor-element-7da5d533 elementor-widget elementor-widget-spacer\" data-id=\"7da5d533\" data-element_type=\"widget\" data-e-type=\"widget\" data-widget_type=\"spacer.default\">\n\t\t\t\t<div class=\"elementor-widget-container\">\n\t\t\t\t\t\t\t<div class=\"elementor-spacer\">\n\t\t\t<div class=\"elementor-spacer-inner\"><\/div>\n\t\t<\/div>\n\t\t\t\t\t\t<\/div>\n\t\t\t\t<\/div>\n\t\t\t\t\t<\/div>\n\t\t<\/div>\n\t\t\t\t\t<\/div>\n\t\t<\/section>\n\t\t\t\t<section class=\"elementor-section elementor-top-section elementor-element elementor-element-990fed6 elementor-section-boxed elementor-section-height-default elementor-section-height-default\" data-id=\"990fed6\" data-element_type=\"section\" data-e-type=\"section\" data-settings=\"{&quot;background_background&quot;:&quot;classic&quot;}\">\n\t\t\t\t\t\t\t<div class=\"elementor-background-overlay\"><\/div>\n\t\t\t\t\t\t\t<div class=\"elementor-container elementor-column-gap-no\">\n\t\t\t\t\t<div class=\"elementor-column elementor-col-100 elementor-top-column elementor-element elementor-element-36b156c8\" data-id=\"36b156c8\" data-element_type=\"column\" data-e-type=\"column\">\n\t\t\t<div class=\"elementor-widget-wrap elementor-element-populated\">\n\t\t\t\t\t\t<div class=\"elementor-element elementor-element-152cc3d elementor-widget elementor-widget-heading\" data-id=\"152cc3d\" data-element_type=\"widget\" data-e-type=\"widget\" data-widget_type=\"heading.default\">\n\t\t\t\t<div class=\"elementor-widget-container\">\n\t\t\t\t\t<h2 class=\"elementor-heading-title elementor-size-default\">Plan your unforgettable Happy experience today!<\/h2>\t\t\t\t<\/div>\n\t\t\t\t<\/div>\n\t\t\t\t<div class=\"elementor-element elementor-element-f947f37 elementor-align-center elementor-widget elementor-widget-button\" data-id=\"f947f37\" data-element_type=\"widget\" data-e-type=\"widget\" data-widget_type=\"button.default\">\n\t\t\t\t<div class=\"elementor-widget-container\">\n\t\t\t\t\t\t\t\t\t<div class=\"elementor-button-wrapper\">\n\t\t\t\t\t<a class=\"elementor-button elementor-button-link elementor-size-sm\" href=\"https:\/\/hotelhappy.rs\/en\/contact\/\">\n\t\t\t\t\t\t<span class=\"elementor-button-content-wrapper\">\n\t\t\t\t\t\t\t\t\t<span class=\"elementor-button-text\">BOOK ACCOMMODATION<\/span>\n\t\t\t\t\t<\/span>\n\t\t\t\t\t<\/a>\n\t\t\t\t<\/div>\n\t\t\t\t\t\t\t\t<\/div>\n\t\t\t\t<\/div>\n\t\t\t\t\t<\/div>\n\t\t<\/div>\n\t\t\t\t\t<\/div>\n\t\t<\/section>\n\t\t\t\t<section class=\"elementor-section elementor-top-section elementor-element elementor-element-1eeb485 elementor-section-boxed elementor-section-height-default elementor-section-height-default\" data-id=\"1eeb485\" data-element_type=\"section\" data-e-type=\"section\">\n\t\t\t\t\t\t<div class=\"elementor-container elementor-column-gap-default\">\n\t\t\t\t\t<div class=\"elementor-column elementor-col-100 elementor-top-column elementor-element elementor-element-dabaa7a\" data-id=\"dabaa7a\" data-element_type=\"column\" data-e-type=\"column\">\n\t\t\t<div class=\"elementor-widget-wrap elementor-element-populated\">\n\t\t\t\t\t\t<div class=\"elementor-element elementor-element-079e112 elementor-widget elementor-widget-spacer\" data-id=\"079e112\" data-element_type=\"widget\" data-e-type=\"widget\" data-widget_type=\"spacer.default\">\n\t\t\t\t<div class=\"elementor-widget-container\">\n\t\t\t\t\t\t\t<div class=\"elementor-spacer\">\n\t\t\t<div class=\"elementor-spacer-inner\"><\/div>\n\t\t<\/div>\n\t\t\t\t\t\t<\/div>\n\t\t\t\t<\/div>\n\t\t\t\t\t<\/div>\n\t\t<\/div>\n\t\t\t\t\t<\/div>\n\t\t<\/section>\n\t\t\t\t<\/div>","protected":false},"excerpt":{"rendered":"<p>Manastir Sukovo Manastir Sukovo se nalazi na desnoj obali reke Jerme, sme\u0161ten na samo 15 km od Dimitrovgrada, u podno\u017eju misti\u010dnog brda &#8222;Carev kamen&#8220;. Ovaj manastir pripada Eparhiji ni\u0161koj Srpske pravoslavne crkve. Nekada je bio mu\u0161ki manastir, a danas je \u017eenski. Nije poznato ko je ktitor manastira kao i vek gradnje, ono \u0161to se zna [&hellip;]<\/p>\n","protected":false},"author":1,"featured_media":0,"parent":621,"menu_order":0,"comment_status":"closed","ping_status":"closed","template":"","meta":{"site-sidebar-layout":"no-sidebar","site-content-layout":"page-builder","ast-site-content-layout":"full-width-container","site-content-style":"unboxed","site-sidebar-style":"unboxed","ast-global-header-display":"","ast-banner-title-visibility":"","ast-main-header-display":"","ast-hfb-above-header-display":"","ast-hfb-below-header-display":"","ast-hfb-mobile-header-display":"","site-post-title":"disabled","ast-breadcrumbs-content":"","ast-featured-img":"disabled","footer-sml-layout":"","ast-disable-related-posts":"","theme-transparent-header-meta":"","adv-header-id-meta":"","stick-header-meta":"","header-above-stick-meta":"","header-main-stick-meta":"","header-below-stick-meta":"","astra-migrate-meta-layouts":"set","ast-page-background-enabled":"default","ast-page-background-meta":{"desktop":{"background-color":"","background-image":"","background-repeat":"repeat","background-position":"center center","background-size":"auto","background-attachment":"scroll","background-type":"","background-media":"","overlay-type":"","overlay-color":"","overlay-opacity":"","overlay-gradient":""},"tablet":{"background-color":"","background-image":"","background-repeat":"repeat","background-position":"center center","background-size":"auto","background-attachment":"scroll","background-type":"","background-media":"","overlay-type":"","overlay-color":"","overlay-opacity":"","overlay-gradient":""},"mobile":{"background-color":"","background-image":"","background-repeat":"repeat","background-position":"center center","background-size":"auto","background-attachment":"scroll","background-type":"","background-media":"","overlay-type":"","overlay-color":"","overlay-opacity":"","overlay-gradient":""}},"ast-content-background-meta":{"desktop":{"background-color":"var(--ast-global-color-5)","background-image":"","background-repeat":"repeat","background-position":"center center","background-size":"auto","background-attachment":"scroll","background-type":"","background-media":"","overlay-type":"","overlay-color":"","overlay-opacity":"","overlay-gradient":""},"tablet":{"background-color":"var(--ast-global-color-5)","background-image":"","background-repeat":"repeat","background-position":"center center","background-size":"auto","background-attachment":"scroll","background-type":"","background-media":"","overlay-type":"","overlay-color":"","overlay-opacity":"","overlay-gradient":""},"mobile":{"background-color":"var(--ast-global-color-5)","background-image":"","background-repeat":"repeat","background-position":"center center","background-size":"auto","background-attachment":"scroll","background-type":"","background-media":"","overlay-type":"","overlay-color":"","overlay-opacity":"","overlay-gradient":""}},"footnotes":""},"class_list":["post-2474","page","type-page","status-publish","hentry"],"yoast_head":"<!-- This site is optimized with the Yoast SEO plugin v27.5 - https:\/\/yoast.com\/product\/yoast-seo-wordpress\/ -->\n<title>Manastir Sukovo - Hotel Happy Dimitrovgrad Va\u0161 vodi\u010d!<\/title>\n<meta name=\"description\" content=\"Proverite za\u0161to Manastir Sukovo zovu oaza molitvenog mira. Okru\u017een predivnom prirodom na samo 15km od Dimitrovgrada\" \/>\n<meta name=\"robots\" content=\"index, follow, max-snippet:-1, max-image-preview:large, max-video-preview:-1\" \/>\n<link rel=\"canonical\" href=\"https:\/\/hotelhappy.rs\/en\/tourist-attractions\/manastir-sukovo\/\" \/>\n<meta property=\"og:locale\" content=\"en_US\" \/>\n<meta property=\"og:type\" content=\"article\" \/>\n<meta property=\"og:title\" content=\"Manastir Sukovo - Hotel Happy Dimitrovgrad Va\u0161 vodi\u010d!\" \/>\n<meta property=\"og:description\" content=\"Proverite za\u0161to Manastir Sukovo zovu oaza molitvenog mira. Okru\u017een predivnom prirodom na samo 15km od Dimitrovgrada\" \/>\n<meta property=\"og:url\" content=\"https:\/\/hotelhappy.rs\/en\/tourist-attractions\/manastir-sukovo\/\" \/>\n<meta property=\"og:site_name\" content=\"hotelhappy\" \/>\n<meta property=\"article:publisher\" content=\"https:\/\/www.facebook.com\/hotelhappy.rs\/\" \/>\n<meta property=\"article:modified_time\" content=\"2024-06-12T14:12:11+00:00\" \/>\n<meta property=\"og:image\" content=\"https:\/\/hotelhappy.rs\/wp-content\/uploads\/2023\/04\/Manastir-Sukovo.jpg\" \/>\n<meta name=\"twitter:card\" content=\"summary_large_image\" \/>\n<meta name=\"twitter:label1\" content=\"Est. reading time\" \/>\n\t<meta name=\"twitter:data1\" content=\"4 minutes\" \/>\n<script type=\"application\/ld+json\" class=\"yoast-schema-graph\">{\"@context\":\"https:\\\/\\\/schema.org\",\"@graph\":[{\"@type\":\"WebPage\",\"@id\":\"https:\\\/\\\/hotelhappy.rs\\\/turisticke-atrakcije\\\/manastir-sukovo\\\/\",\"url\":\"https:\\\/\\\/hotelhappy.rs\\\/turisticke-atrakcije\\\/manastir-sukovo\\\/\",\"name\":\"Manastir Sukovo - Hotel Happy Dimitrovgrad Va\u0161 vodi\u010d!\",\"isPartOf\":{\"@id\":\"http:\\\/\\\/hotelhappy.rs\\\/#website\"},\"primaryImageOfPage\":{\"@id\":\"https:\\\/\\\/hotelhappy.rs\\\/turisticke-atrakcije\\\/manastir-sukovo\\\/#primaryimage\"},\"image\":{\"@id\":\"https:\\\/\\\/hotelhappy.rs\\\/turisticke-atrakcije\\\/manastir-sukovo\\\/#primaryimage\"},\"thumbnailUrl\":\"https:\\\/\\\/hotelhappy.rs\\\/wp-content\\\/uploads\\\/2023\\\/04\\\/Manastir-Sukovo.jpg\",\"datePublished\":\"2023-04-02T08:25:21+00:00\",\"dateModified\":\"2024-06-12T14:12:11+00:00\",\"description\":\"Proverite za\u0161to Manastir Sukovo zovu oaza molitvenog mira. Okru\u017een predivnom prirodom na samo 15km od Dimitrovgrada\",\"breadcrumb\":{\"@id\":\"https:\\\/\\\/hotelhappy.rs\\\/turisticke-atrakcije\\\/manastir-sukovo\\\/#breadcrumb\"},\"inLanguage\":\"en-US\",\"potentialAction\":[{\"@type\":\"ReadAction\",\"target\":[\"https:\\\/\\\/hotelhappy.rs\\\/turisticke-atrakcije\\\/manastir-sukovo\\\/\"]}]},{\"@type\":\"ImageObject\",\"inLanguage\":\"en-US\",\"@id\":\"https:\\\/\\\/hotelhappy.rs\\\/turisticke-atrakcije\\\/manastir-sukovo\\\/#primaryimage\",\"url\":\"https:\\\/\\\/hotelhappy.rs\\\/wp-content\\\/uploads\\\/2023\\\/04\\\/Manastir-Sukovo.jpg\",\"contentUrl\":\"https:\\\/\\\/hotelhappy.rs\\\/wp-content\\\/uploads\\\/2023\\\/04\\\/Manastir-Sukovo.jpg\"},{\"@type\":\"BreadcrumbList\",\"@id\":\"https:\\\/\\\/hotelhappy.rs\\\/turisticke-atrakcije\\\/manastir-sukovo\\\/#breadcrumb\",\"itemListElement\":[{\"@type\":\"ListItem\",\"position\":1,\"name\":\"Home\",\"item\":\"https:\\\/\\\/hotelhappy.rs\\\/\"},{\"@type\":\"ListItem\",\"position\":2,\"name\":\"TURISTI\u010cKE ATRAKCIJE\",\"item\":\"https:\\\/\\\/hotelhappy.rs\\\/turisticke-atrakcije\\\/\"},{\"@type\":\"ListItem\",\"position\":3,\"name\":\"Manastir Sukovo\"}]},{\"@type\":\"WebSite\",\"@id\":\"http:\\\/\\\/hotelhappy.rs\\\/#website\",\"url\":\"http:\\\/\\\/hotelhappy.rs\\\/\",\"name\":\"hotelhappy\",\"description\":\"hotelhappy\",\"publisher\":{\"@id\":\"http:\\\/\\\/hotelhappy.rs\\\/#organization\"},\"potentialAction\":[{\"@type\":\"SearchAction\",\"target\":{\"@type\":\"EntryPoint\",\"urlTemplate\":\"http:\\\/\\\/hotelhappy.rs\\\/?s={search_term_string}\"},\"query-input\":{\"@type\":\"PropertyValueSpecification\",\"valueRequired\":true,\"valueName\":\"search_term_string\"}}],\"inLanguage\":\"en-US\"},{\"@type\":\"Organization\",\"@id\":\"http:\\\/\\\/hotelhappy.rs\\\/#organization\",\"name\":\"hotelhappy\",\"url\":\"http:\\\/\\\/hotelhappy.rs\\\/\",\"logo\":{\"@type\":\"ImageObject\",\"inLanguage\":\"en-US\",\"@id\":\"http:\\\/\\\/hotelhappy.rs\\\/#\\\/schema\\\/logo\\\/image\\\/\",\"url\":\"https:\\\/\\\/i0.wp.com\\\/hotelhappy.rs\\\/wp-content\\\/uploads\\\/2023\\\/01\\\/cropped-LOGO-HOTEL-HAPPY.png?fit=2011%2C2011&ssl=1\",\"contentUrl\":\"https:\\\/\\\/i0.wp.com\\\/hotelhappy.rs\\\/wp-content\\\/uploads\\\/2023\\\/01\\\/cropped-LOGO-HOTEL-HAPPY.png?fit=2011%2C2011&ssl=1\",\"width\":2011,\"height\":2011,\"caption\":\"hotelhappy\"},\"image\":{\"@id\":\"http:\\\/\\\/hotelhappy.rs\\\/#\\\/schema\\\/logo\\\/image\\\/\"},\"sameAs\":[\"https:\\\/\\\/www.facebook.com\\\/hotelhappy.rs\\\/\",\"https:\\\/\\\/www.instagram.com\\\/hotelhappy.rs\\\/\"]}]}<\/script>\n<!-- \/ Yoast SEO plugin. -->","yoast_head_json":{"title":"Sukovo Monastery - Hotel Happy Dimitrovgrad Your guide!","description":"Check why Sukovo Monastery is called an oasis of prayerful peace. Surrounded by beautiful nature, just 15 km from Dimitrovgrad","robots":{"index":"index","follow":"follow","max-snippet":"max-snippet:-1","max-image-preview":"max-image-preview:large","max-video-preview":"max-video-preview:-1"},"canonical":"https:\/\/hotelhappy.rs\/en\/tourist-attractions\/manastir-sukovo\/","og_locale":"en_US","og_type":"article","og_title":"Manastir Sukovo - Hotel Happy Dimitrovgrad Va\u0161 vodi\u010d!","og_description":"Proverite za\u0161to Manastir Sukovo zovu oaza molitvenog mira. Okru\u017een predivnom prirodom na samo 15km od Dimitrovgrada","og_url":"https:\/\/hotelhappy.rs\/en\/tourist-attractions\/manastir-sukovo\/","og_site_name":"hotelhappy","article_publisher":"https:\/\/www.facebook.com\/hotelhappy.rs\/","article_modified_time":"2024-06-12T14:12:11+00:00","og_image":[{"url":"https:\/\/hotelhappy.rs\/wp-content\/uploads\/2023\/04\/Manastir-Sukovo.jpg","type":"","width":"","height":""}],"twitter_card":"summary_large_image","twitter_misc":{"Est. reading time":"4 minutes"},"schema":{"@context":"https:\/\/schema.org","@graph":[{"@type":"WebPage","@id":"https:\/\/hotelhappy.rs\/turisticke-atrakcije\/manastir-sukovo\/","url":"https:\/\/hotelhappy.rs\/turisticke-atrakcije\/manastir-sukovo\/","name":"Sukovo Monastery - Hotel Happy Dimitrovgrad Your guide!","isPartOf":{"@id":"http:\/\/hotelhappy.rs\/#website"},"primaryImageOfPage":{"@id":"https:\/\/hotelhappy.rs\/turisticke-atrakcije\/manastir-sukovo\/#primaryimage"},"image":{"@id":"https:\/\/hotelhappy.rs\/turisticke-atrakcije\/manastir-sukovo\/#primaryimage"},"thumbnailUrl":"https:\/\/hotelhappy.rs\/wp-content\/uploads\/2023\/04\/Manastir-Sukovo.jpg","datePublished":"2023-04-02T08:25:21+00:00","dateModified":"2024-06-12T14:12:11+00:00","description":"Check why Sukovo Monastery is called an oasis of prayerful peace. Surrounded by beautiful nature, just 15 km from Dimitrovgrad","breadcrumb":{"@id":"https:\/\/hotelhappy.rs\/turisticke-atrakcije\/manastir-sukovo\/#breadcrumb"},"inLanguage":"en-US","potentialAction":[{"@type":"ReadAction","target":["https:\/\/hotelhappy.rs\/turisticke-atrakcije\/manastir-sukovo\/"]}]},{"@type":"ImageObject","inLanguage":"en-US","@id":"https:\/\/hotelhappy.rs\/turisticke-atrakcije\/manastir-sukovo\/#primaryimage","url":"https:\/\/hotelhappy.rs\/wp-content\/uploads\/2023\/04\/Manastir-Sukovo.jpg","contentUrl":"https:\/\/hotelhappy.rs\/wp-content\/uploads\/2023\/04\/Manastir-Sukovo.jpg"},{"@type":"BreadcrumbList","@id":"https:\/\/hotelhappy.rs\/turisticke-atrakcije\/manastir-sukovo\/#breadcrumb","itemListElement":[{"@type":"ListItem","position":1,"name":"Home","item":"https:\/\/hotelhappy.rs\/"},{"@type":"ListItem","position":2,"name":"TURISTI\u010cKE ATRAKCIJE","item":"https:\/\/hotelhappy.rs\/turisticke-atrakcije\/"},{"@type":"ListItem","position":3,"name":"Manastir Sukovo"}]},{"@type":"WebSite","@id":"http:\/\/hotelhappy.rs\/#website","url":"http:\/\/hotelhappy.rs\/","name":"hotelhappy","description":"hotelhappy","publisher":{"@id":"http:\/\/hotelhappy.rs\/#organization"},"potentialAction":[{"@type":"SearchAction","target":{"@type":"EntryPoint","urlTemplate":"http:\/\/hotelhappy.rs\/?s={search_term_string}"},"query-input":{"@type":"PropertyValueSpecification","valueRequired":true,"valueName":"search_term_string"}}],"inLanguage":"en-US"},{"@type":"Organization","@id":"http:\/\/hotelhappy.rs\/#organization","name":"hotelhappy","url":"http:\/\/hotelhappy.rs\/","logo":{"@type":"ImageObject","inLanguage":"en-US","@id":"http:\/\/hotelhappy.rs\/#\/schema\/logo\/image\/","url":"https:\/\/i0.wp.com\/hotelhappy.rs\/wp-content\/uploads\/2023\/01\/cropped-LOGO-HOTEL-HAPPY.png?fit=2011%2C2011&ssl=1","contentUrl":"https:\/\/i0.wp.com\/hotelhappy.rs\/wp-content\/uploads\/2023\/01\/cropped-LOGO-HOTEL-HAPPY.png?fit=2011%2C2011&ssl=1","width":2011,"height":2011,"caption":"hotelhappy"},"image":{"@id":"http:\/\/hotelhappy.rs\/#\/schema\/logo\/image\/"},"sameAs":["https:\/\/www.facebook.com\/hotelhappy.rs\/","https:\/\/www.instagram.com\/hotelhappy.rs\/"]}]}},"jetpack_sharing_enabled":true,"_links":{"self":[{"href":"https:\/\/hotelhappy.rs\/en\/wp-json\/wp\/v2\/pages\/2474","targetHints":{"allow":["GET"]}}],"collection":[{"href":"https:\/\/hotelhappy.rs\/en\/wp-json\/wp\/v2\/pages"}],"about":[{"href":"https:\/\/hotelhappy.rs\/en\/wp-json\/wp\/v2\/types\/page"}],"author":[{"embeddable":true,"href":"https:\/\/hotelhappy.rs\/en\/wp-json\/wp\/v2\/users\/1"}],"replies":[{"embeddable":true,"href":"https:\/\/hotelhappy.rs\/en\/wp-json\/wp\/v2\/comments?post=2474"}],"version-history":[{"count":5,"href":"https:\/\/hotelhappy.rs\/en\/wp-json\/wp\/v2\/pages\/2474\/revisions"}],"predecessor-version":[{"id":3625,"href":"https:\/\/hotelhappy.rs\/en\/wp-json\/wp\/v2\/pages\/2474\/revisions\/3625"}],"up":[{"embeddable":true,"href":"https:\/\/hotelhappy.rs\/en\/wp-json\/wp\/v2\/pages\/621"}],"wp:attachment":[{"href":"https:\/\/hotelhappy.rs\/en\/wp-json\/wp\/v2\/media?parent=2474"}],"curies":[{"name":"wp","href":"https:\/\/api.w.org\/{rel}","templated":true}]}}