{"id":2546,"date":"2023-04-17T14:42:46","date_gmt":"2023-04-17T12:42:46","guid":{"rendered":"https:\/\/hotelhappy.rs\/?page_id=2546"},"modified":"2023-11-26T11:59:44","modified_gmt":"2023-11-26T10:59:44","slug":"manastir-poganovo","status":"publish","type":"page","link":"https:\/\/hotelhappy.rs\/en\/turisticke-atrakcije\/manastir-poganovo\/","title":{"rendered":"Poganovo Monastery"},"content":{"rendered":"<div data-elementor-type=\"wp-page\" data-elementor-id=\"2546\" class=\"elementor elementor-2546\">\n\t\t\t\t\t\t<section class=\"elementor-section elementor-top-section elementor-element elementor-element-2b032a67 elementor-section-boxed elementor-section-height-default elementor-section-height-default\" data-id=\"2b032a67\" data-element_type=\"section\" data-e-type=\"section\" data-settings=\"{&quot;background_background&quot;:&quot;classic&quot;}\">\n\t\t\t\t\t\t\t<div class=\"elementor-background-overlay\"><\/div>\n\t\t\t\t\t\t\t<div class=\"elementor-container elementor-column-gap-default\">\n\t\t\t\t\t<div class=\"elementor-column elementor-col-100 elementor-top-column elementor-element elementor-element-3943b579\" data-id=\"3943b579\" data-element_type=\"column\" data-e-type=\"column\">\n\t\t\t<div class=\"elementor-widget-wrap elementor-element-populated\">\n\t\t\t\t\t\t<div class=\"elementor-element elementor-element-4fe453b8 elementor-widget elementor-widget-heading\" data-id=\"4fe453b8\" data-element_type=\"widget\" data-e-type=\"widget\" data-widget_type=\"heading.default\">\n\t\t\t\t<div class=\"elementor-widget-container\">\n\t\t\t\t\t<h1 class=\"elementor-heading-title elementor-size-default\">Poganovo Monastery<\/h1>\t\t\t\t<\/div>\n\t\t\t\t<\/div>\n\t\t\t\t\t<\/div>\n\t\t<\/div>\n\t\t\t\t\t<\/div>\n\t\t<\/section>\n\t\t\t\t<section class=\"elementor-section elementor-top-section elementor-element elementor-element-228dd995 elementor-section-boxed elementor-section-height-default elementor-section-height-default\" data-id=\"228dd995\" data-element_type=\"section\" data-e-type=\"section\">\n\t\t\t\t\t\t<div class=\"elementor-container elementor-column-gap-default\">\n\t\t\t\t\t<div class=\"elementor-column elementor-col-100 elementor-top-column elementor-element elementor-element-31e6fb53\" data-id=\"31e6fb53\" data-element_type=\"column\" data-e-type=\"column\">\n\t\t\t<div class=\"elementor-widget-wrap elementor-element-populated\">\n\t\t\t\t\t\t<div class=\"elementor-element elementor-element-78e19d92 elementor-widget elementor-widget-text-editor\" data-id=\"78e19d92\" data-element_type=\"widget\" data-e-type=\"widget\" data-widget_type=\"text-editor.default\">\n\t\t\t\t<div class=\"elementor-widget-container\">\n\t\t\t\t\t\t\t\t\t<p>Poganovo is a quiet paradise that attracts visitors with its indescribable beauty and unique energy. This enchanting oasis of spirituality offers visitors a unique opportunity to retreat from hectic everyday life and find inner peace in embracing nature and spirituality. This place leaves a deep impression with its beauty and authentic atmosphere, making every visit an unforgettable experience of spiritual fulfillment.<\/p>\t\t\t\t\t\t\t\t<\/div>\n\t\t\t\t<\/div>\n\t\t\t\t<div class=\"elementor-element elementor-element-67914a7 elementor-arrows-position-inside elementor-pagination-position-outside elementor-widget elementor-widget-image-carousel\" data-id=\"67914a7\" data-element_type=\"widget\" data-e-type=\"widget\" data-settings=\"{&quot;slides_to_show&quot;:&quot;1&quot;,&quot;navigation&quot;:&quot;both&quot;,&quot;autoplay&quot;:&quot;yes&quot;,&quot;pause_on_hover&quot;:&quot;yes&quot;,&quot;pause_on_interaction&quot;:&quot;yes&quot;,&quot;autoplay_speed&quot;:5000,&quot;infinite&quot;:&quot;yes&quot;,&quot;effect&quot;:&quot;slide&quot;,&quot;speed&quot;:500}\" data-widget_type=\"image-carousel.default\">\n\t\t\t\t<div class=\"elementor-widget-container\">\n\t\t\t\t\t\t\t<div class=\"elementor-image-carousel-wrapper swiper\" role=\"region\" aria-roledescription=\"carousel\" aria-label=\"Image Carousel\" dir=\"ltr\">\n\t\t\t<div class=\"elementor-image-carousel swiper-wrapper\" aria-live=\"off\">\n\t\t\t\t\t\t\t\t<div class=\"swiper-slide\" role=\"group\" aria-roledescription=\"slide\" aria-label=\"1 of 1\" data-no-translation-aria-label=\"\"><a data-elementor-open-lightbox=\"yes\" data-elementor-lightbox-slideshow=\"67914a7\" data-elementor-lightbox-title=\"Manastir Poganovo\" data-elementor-lightbox-description=\"Manastir Poganovo\" data-e-action-hash=\"#elementor-action%3Aaction%3Dlightbox%26settings%3DeyJpZCI6MjU0OSwidXJsIjoiaHR0cHM6XC9cL2hvdGVsaGFwcHkucnNcL3dwLWNvbnRlbnRcL3VwbG9hZHNcLzIwMjNcLzA0XC9tYW5hc3Rpci1Qb2dhbm92by5qcGciLCJzbGlkZXNob3ciOiI2NzkxNGE3In0%3D\" href=\"https:\/\/i0.wp.com\/hotelhappy.rs\/wp-content\/uploads\/2023\/04\/manastir-Poganovo.jpg?ssl=1\"><figure class=\"swiper-slide-inner\"><img decoding=\"async\" class=\"swiper-slide-image\" src=\"https:\/\/i0.wp.com\/hotelhappy.rs\/wp-content\/uploads\/2023\/04\/manastir-Poganovo.jpg?fit=788%2C504&amp;ssl=1\" alt=\"Poganovo Monastery\" \/><\/figure><\/a><\/div>\t\t\t<\/div>\n\t\t\t\t\t<\/div>\n\t\t\t\t\t\t<\/div>\n\t\t\t\t<\/div>\n\t\t\t\t<div class=\"elementor-element elementor-element-2bed67d elementor-widget elementor-widget-heading\" data-id=\"2bed67d\" data-element_type=\"widget\" data-e-type=\"widget\" data-widget_type=\"heading.default\">\n\t\t\t\t<div class=\"elementor-widget-container\">\n\t\t\t\t\t<h2 class=\"elementor-heading-title elementor-size-default\">Where is the Poganovo Monastery located?<\/h2>\t\t\t\t<\/div>\n\t\t\t\t<\/div>\n\t\t\t\t<div class=\"elementor-element elementor-element-7bf3ed8 elementor-widget elementor-widget-text-editor\" data-id=\"7bf3ed8\" data-element_type=\"widget\" data-e-type=\"widget\" data-widget_type=\"text-editor.default\">\n\t\t\t\t<div class=\"elementor-widget-container\">\n\t\t\t\t\t\t\t\t\t<p><strong>Poganovo Monastery<\/strong> is located near Dimitrovgrad, on the banks of the Jerma River, near the village of Poganovo. It was initially believed that the monastery was built in the 12th century. However, recent historiography reveals that the abbey was built in the 14th century. Tsar Du\u0161an's cousin built this beautiful monastery, the Serbian nobleman Konstantin Dejanovi\u0107 Draga\u0161, who dedicated it to Saint John the Theologian.<\/p><p>The monastery's foundation was built of unhewn stone and mortar, and the walls of processed blocks. As a result, the monastery has features of the Moravian architecture. This monastery has been under state protection since 1944, and since 1979 it has been on the list of world cultural heritage as an immovable property of great importance.<\/p>\t\t\t\t\t\t\t\t<\/div>\n\t\t\t\t<\/div>\n\t\t\t\t<div class=\"elementor-element elementor-element-8971020 elementor-widget elementor-widget-heading\" data-id=\"8971020\" data-element_type=\"widget\" data-e-type=\"widget\" data-widget_type=\"heading.default\">\n\t\t\t\t<div class=\"elementor-widget-container\">\n\t\t\t\t\t<h2 class=\"elementor-heading-title elementor-size-default\">How did this monastery get its name?<\/h2>\t\t\t\t<\/div>\n\t\t\t\t<\/div>\n\t\t\t\t<div class=\"elementor-element elementor-element-0b387f0 elementor-widget elementor-widget-text-editor\" data-id=\"0b387f0\" data-element_type=\"widget\" data-e-type=\"widget\" data-widget_type=\"text-editor.default\">\n\t\t\t\t<div class=\"elementor-widget-container\">\n\t\t\t\t\t\t\t\t\t<p class=\"translation-block\">There are several legends about how <strong>Poganov Monastery<\/strong> got its name. However, one of the most widespread is a joke that says that the surrounding villagers planted vines on the monastery property, so they dug the vine into the ground, and the root remained above. When the local priest saw this, he reprimanded them with the words: \"Gentile people, pagan people,\" so Paganovo remained.<\/p><p>Surrounded by beautiful nature, this place defies its name. Otherwise, in the literature, you can find that the village of Poganovo was renamed Dobro\u0161evo on several occasions in the 19th century. Then the monastery was renamed Dobro\u0161evski Monastery. Unfortunately, the new names did not last long among the people, and not long after, the original name was returned to the village and the monastery.<\/p><p class=\"translation-block\">The ancient frescoes in <strong>Poganovo Monastery<\/strong> were painted by unknown painters from northern Greece, probably 100 years after its foundation. The frescoes show rich compositions of the Passion of Christ, Serbian saints figures, apostles, and Orthodox saints' teachings.<\/p>\t\t\t\t\t\t\t\t<\/div>\n\t\t\t\t<\/div>\n\t\t\t\t<div class=\"elementor-element elementor-element-1f6a685 elementor-widget elementor-widget-heading\" data-id=\"1f6a685\" data-element_type=\"widget\" data-e-type=\"widget\" data-widget_type=\"heading.default\">\n\t\t\t\t<div class=\"elementor-widget-container\">\n\t\t\t\t\t<h2 class=\"elementor-heading-title elementor-size-default\">Sights and values<\/h2>\t\t\t\t<\/div>\n\t\t\t\t<\/div>\n\t\t\t\t<div class=\"elementor-element elementor-element-44cc22c elementor-widget elementor-widget-text-editor\" data-id=\"44cc22c\" data-element_type=\"widget\" data-e-type=\"widget\" data-widget_type=\"text-editor.default\">\n\t\t\t\t<div class=\"elementor-widget-container\">\n\t\t\t\t\t\t\t\t\t<p><span style=\"font-style: inherit; font-weight: inherit; background-color: var(--ast-global-color-4);\">Because of its previously inaccessible terrain and the Jerma river canyon, this monastery was never destroyed, so it managed to preserve its authentic appearance. An exception is the famous double-sided icon, one side of which depicts a miracle in the Latom monastery. In contrast, the other side shows the figures of St. John the Theologian and the Blessed Virgin Mary.<\/span><\/p><p>This icon was a gift from the Byzantine empress Jelena in memory of Father Constantine. Together with the iconostasis of great artistic value, which dates from 1622, it was a priceless church treasure. Unfortunately, during the Bulgarian-Serbian wars, the iconostasis was stolen by the occupying army and taken to Sofia, which remains in the National Museum.<\/p><p>The Poganovo Monastery is an important place for Serbian culture and history. This monastery was an active cultural and spiritual center of this part of Serbia during the Middle Ages. Its account is closely connected with the history of the Serbian state. Serbian rulers and military leaders often gathered in the monastery, and it was the place where important historical documents were kept.<\/p><p>Today, the Poganovo Monastery is a tourist attraction in this part of Serbia. Many tourists from the country and abroad visit this monastery and admire its frescoes. In addition, visitors can enjoy the beautiful natural environment in which the monastery is located, with greenery and mountain air.<\/p>\t\t\t\t\t\t\t\t<\/div>\n\t\t\t\t<\/div>\n\t\t\t\t<div class=\"elementor-element elementor-element-c05dc37 elementor-widget elementor-widget-heading\" data-id=\"c05dc37\" data-element_type=\"widget\" data-e-type=\"widget\" data-widget_type=\"heading.default\">\n\t\t\t\t<div class=\"elementor-widget-container\">\n\t\t\t\t\t<h2 class=\"elementor-heading-title elementor-size-default\">Where do you rest when you visit the Poganovo Monastery?<\/h2>\t\t\t\t<\/div>\n\t\t\t\t<\/div>\n\t\t\t\t<div class=\"elementor-element elementor-element-93c4930 elementor-widget elementor-widget-text-editor\" data-id=\"93c4930\" data-element_type=\"widget\" data-e-type=\"widget\" data-widget_type=\"text-editor.default\">\n\t\t\t\t<div class=\"elementor-widget-container\">\n\t\t\t\t\t\t\t\t\t<p class=\"translation-block\">For all those who plan to visit the Poganovo Monastery, we recommend staying at <strong>Hotel Happy Dimitrovgrad<\/strong>. The hotel is only a 20-minute drive from the monastery, offering guests comfortable accommodation, a beautiful view of the surroundings, and delicious food.<\/p><p class=\"translation-block\">With comfortable accommodation and a pleasant stay at <strong>Hotel Happy Dimitrovgrad<\/strong>, you will have the opportunity to explore this beautiful part of Serbia and get to know this region's rich history and culture. Discover the beauty of the Poganovo Monastery and enjoy the natural charms of this part of Serbia with comfortable accommodation at Hotel Happy Dimitrovgrad.<\/p>\t\t\t\t\t\t\t\t<\/div>\n\t\t\t\t<\/div>\n\t\t\t\t<div class=\"elementor-element elementor-element-24e329c9 elementor-widget elementor-widget-spacer\" data-id=\"24e329c9\" data-element_type=\"widget\" data-e-type=\"widget\" data-widget_type=\"spacer.default\">\n\t\t\t\t<div class=\"elementor-widget-container\">\n\t\t\t\t\t\t\t<div class=\"elementor-spacer\">\n\t\t\t<div class=\"elementor-spacer-inner\"><\/div>\n\t\t<\/div>\n\t\t\t\t\t\t<\/div>\n\t\t\t\t<\/div>\n\t\t\t\t\t<\/div>\n\t\t<\/div>\n\t\t\t\t\t<\/div>\n\t\t<\/section>\n\t\t\t\t<\/div>","protected":false},"excerpt":{"rendered":"<p>Manastir Poganovo Poganovo je tihi raj koji privla\u010di posetioce svojom neopisivom lepotom i posebnom energijom. Ova o\u010daravaju\u0107a oaza duhovnosti pru\u017ea jedinstvenu priliku posetiocima da se povuku iz u\u017eurbanog svakodnevnog \u017eivota i prona\u0111u unutarnji mir u zagrljaju prirode i duhovnosti. Ovo mesto ostavlja dubok utisak svojom lepotom i autenti\u010dnom atmosferom, \u010dine\u0107i svaku posetu nezaboravnom iskustvom duhovnog [&hellip;]<\/p>\n","protected":false},"author":1,"featured_media":0,"parent":621,"menu_order":0,"comment_status":"closed","ping_status":"closed","template":"","meta":{"site-sidebar-layout":"no-sidebar","site-content-layout":"page-builder","ast-site-content-layout":"default","site-content-style":"default","site-sidebar-style":"default","ast-global-header-display":"","ast-banner-title-visibility":"","ast-main-header-display":"","ast-hfb-above-header-display":"","ast-hfb-below-header-display":"","ast-hfb-mobile-header-display":"","site-post-title":"disabled","ast-breadcrumbs-content":"","ast-featured-img":"disabled","footer-sml-layout":"","ast-disable-related-posts":"","theme-transparent-header-meta":"","adv-header-id-meta":"","stick-header-meta":"","header-above-stick-meta":"","header-main-stick-meta":"","header-below-stick-meta":"","astra-migrate-meta-layouts":"default","ast-page-background-enabled":"default","ast-page-background-meta":{"desktop":{"background-color":"","background-image":"","background-repeat":"repeat","background-position":"center center","background-size":"auto","background-attachment":"scroll","background-type":"","background-media":"","overlay-type":"","overlay-color":"","overlay-opacity":"","overlay-gradient":""},"tablet":{"background-color":"","background-image":"","background-repeat":"repeat","background-position":"center center","background-size":"auto","background-attachment":"scroll","background-type":"","background-media":"","overlay-type":"","overlay-color":"","overlay-opacity":"","overlay-gradient":""},"mobile":{"background-color":"","background-image":"","background-repeat":"repeat","background-position":"center center","background-size":"auto","background-attachment":"scroll","background-type":"","background-media":"","overlay-type":"","overlay-color":"","overlay-opacity":"","overlay-gradient":""}},"ast-content-background-meta":{"desktop":{"background-color":"var(--ast-global-color-5)","background-image":"","background-repeat":"repeat","background-position":"center center","background-size":"auto","background-attachment":"scroll","background-type":"","background-media":"","overlay-type":"","overlay-color":"","overlay-opacity":"","overlay-gradient":""},"tablet":{"background-color":"var(--ast-global-color-5)","background-image":"","background-repeat":"repeat","background-position":"center center","background-size":"auto","background-attachment":"scroll","background-type":"","background-media":"","overlay-type":"","overlay-color":"","overlay-opacity":"","overlay-gradient":""},"mobile":{"background-color":"var(--ast-global-color-5)","background-image":"","background-repeat":"repeat","background-position":"center center","background-size":"auto","background-attachment":"scroll","background-type":"","background-media":"","overlay-type":"","overlay-color":"","overlay-opacity":"","overlay-gradient":""}},"footnotes":""},"class_list":["post-2546","page","type-page","status-publish","hentry"],"yoast_head":"<!-- This site is optimized with the Yoast SEO plugin v27.5 - https:\/\/yoast.com\/product\/yoast-seo-wordpress\/ -->\n<title>Manastir Poganovo - Hotel Happy Dimitrovgrad Va\u0161 vodi\u010d<\/title>\n<meta name=\"description\" content=\"Manastir Poganovo je jedan od najsa\u010duvanijih manastira iz 14. veka. Okru\u017een predivnom prirodom, prkosi svom imenu. Obavezno posetite Poganovo\" \/>\n<meta name=\"robots\" content=\"index, follow, max-snippet:-1, max-image-preview:large, max-video-preview:-1\" \/>\n<link rel=\"canonical\" href=\"https:\/\/hotelhappy.rs\/en\/tourist-attractions\/manastir-poganovo\/\" \/>\n<meta property=\"og:locale\" content=\"en_US\" \/>\n<meta property=\"og:type\" content=\"article\" \/>\n<meta property=\"og:title\" content=\"Manastir Poganovo - Hotel Happy Dimitrovgrad Va\u0161 vodi\u010d\" \/>\n<meta property=\"og:description\" content=\"Manastir Poganovo je jedan od najsa\u010duvanijih manastira iz 14. veka. Okru\u017een predivnom prirodom, prkosi svom imenu. Obavezno posetite Poganovo\" \/>\n<meta property=\"og:url\" content=\"https:\/\/hotelhappy.rs\/en\/tourist-attractions\/manastir-poganovo\/\" \/>\n<meta property=\"og:site_name\" content=\"hotelhappy\" \/>\n<meta property=\"article:publisher\" content=\"https:\/\/www.facebook.com\/hotelhappy.rs\/\" \/>\n<meta property=\"article:modified_time\" content=\"2023-11-26T10:59:44+00:00\" \/>\n<meta property=\"og:image\" content=\"https:\/\/hotelhappy.rs\/wp-content\/uploads\/2023\/04\/manastir-Poganovo.jpg\" \/>\n<meta name=\"twitter:card\" content=\"summary_large_image\" \/>\n<meta name=\"twitter:label1\" content=\"Est. reading time\" \/>\n\t<meta name=\"twitter:data1\" content=\"3 minutes\" \/>\n<script type=\"application\/ld+json\" class=\"yoast-schema-graph\">{\"@context\":\"https:\\\/\\\/schema.org\",\"@graph\":[{\"@type\":\"WebPage\",\"@id\":\"https:\\\/\\\/hotelhappy.rs\\\/turisticke-atrakcije\\\/manastir-poganovo\\\/\",\"url\":\"https:\\\/\\\/hotelhappy.rs\\\/turisticke-atrakcije\\\/manastir-poganovo\\\/\",\"name\":\"Manastir Poganovo - Hotel Happy Dimitrovgrad Va\u0161 vodi\u010d\",\"isPartOf\":{\"@id\":\"http:\\\/\\\/hotelhappy.rs\\\/#website\"},\"primaryImageOfPage\":{\"@id\":\"https:\\\/\\\/hotelhappy.rs\\\/turisticke-atrakcije\\\/manastir-poganovo\\\/#primaryimage\"},\"image\":{\"@id\":\"https:\\\/\\\/hotelhappy.rs\\\/turisticke-atrakcije\\\/manastir-poganovo\\\/#primaryimage\"},\"thumbnailUrl\":\"https:\\\/\\\/hotelhappy.rs\\\/wp-content\\\/uploads\\\/2023\\\/04\\\/manastir-Poganovo.jpg\",\"datePublished\":\"2023-04-17T12:42:46+00:00\",\"dateModified\":\"2023-11-26T10:59:44+00:00\",\"description\":\"Manastir Poganovo je jedan od najsa\u010duvanijih manastira iz 14. veka. Okru\u017een predivnom prirodom, prkosi svom imenu. Obavezno posetite Poganovo\",\"breadcrumb\":{\"@id\":\"https:\\\/\\\/hotelhappy.rs\\\/turisticke-atrakcije\\\/manastir-poganovo\\\/#breadcrumb\"},\"inLanguage\":\"en-US\",\"potentialAction\":[{\"@type\":\"ReadAction\",\"target\":[\"https:\\\/\\\/hotelhappy.rs\\\/turisticke-atrakcije\\\/manastir-poganovo\\\/\"]}]},{\"@type\":\"ImageObject\",\"inLanguage\":\"en-US\",\"@id\":\"https:\\\/\\\/hotelhappy.rs\\\/turisticke-atrakcije\\\/manastir-poganovo\\\/#primaryimage\",\"url\":\"https:\\\/\\\/hotelhappy.rs\\\/wp-content\\\/uploads\\\/2023\\\/04\\\/manastir-Poganovo.jpg\",\"contentUrl\":\"https:\\\/\\\/hotelhappy.rs\\\/wp-content\\\/uploads\\\/2023\\\/04\\\/manastir-Poganovo.jpg\"},{\"@type\":\"BreadcrumbList\",\"@id\":\"https:\\\/\\\/hotelhappy.rs\\\/turisticke-atrakcije\\\/manastir-poganovo\\\/#breadcrumb\",\"itemListElement\":[{\"@type\":\"ListItem\",\"position\":1,\"name\":\"Home\",\"item\":\"https:\\\/\\\/hotelhappy.rs\\\/\"},{\"@type\":\"ListItem\",\"position\":2,\"name\":\"TURISTI\u010cKE ATRAKCIJE\",\"item\":\"https:\\\/\\\/hotelhappy.rs\\\/turisticke-atrakcije\\\/\"},{\"@type\":\"ListItem\",\"position\":3,\"name\":\"Manastir Poganovo\"}]},{\"@type\":\"WebSite\",\"@id\":\"http:\\\/\\\/hotelhappy.rs\\\/#website\",\"url\":\"http:\\\/\\\/hotelhappy.rs\\\/\",\"name\":\"hotelhappy\",\"description\":\"hotelhappy\",\"publisher\":{\"@id\":\"http:\\\/\\\/hotelhappy.rs\\\/#organization\"},\"potentialAction\":[{\"@type\":\"SearchAction\",\"target\":{\"@type\":\"EntryPoint\",\"urlTemplate\":\"http:\\\/\\\/hotelhappy.rs\\\/?s={search_term_string}\"},\"query-input\":{\"@type\":\"PropertyValueSpecification\",\"valueRequired\":true,\"valueName\":\"search_term_string\"}}],\"inLanguage\":\"en-US\"},{\"@type\":\"Organization\",\"@id\":\"http:\\\/\\\/hotelhappy.rs\\\/#organization\",\"name\":\"hotelhappy\",\"url\":\"http:\\\/\\\/hotelhappy.rs\\\/\",\"logo\":{\"@type\":\"ImageObject\",\"inLanguage\":\"en-US\",\"@id\":\"http:\\\/\\\/hotelhappy.rs\\\/#\\\/schema\\\/logo\\\/image\\\/\",\"url\":\"https:\\\/\\\/i0.wp.com\\\/hotelhappy.rs\\\/wp-content\\\/uploads\\\/2023\\\/01\\\/cropped-LOGO-HOTEL-HAPPY.png?fit=2011%2C2011&ssl=1\",\"contentUrl\":\"https:\\\/\\\/i0.wp.com\\\/hotelhappy.rs\\\/wp-content\\\/uploads\\\/2023\\\/01\\\/cropped-LOGO-HOTEL-HAPPY.png?fit=2011%2C2011&ssl=1\",\"width\":2011,\"height\":2011,\"caption\":\"hotelhappy\"},\"image\":{\"@id\":\"http:\\\/\\\/hotelhappy.rs\\\/#\\\/schema\\\/logo\\\/image\\\/\"},\"sameAs\":[\"https:\\\/\\\/www.facebook.com\\\/hotelhappy.rs\\\/\",\"https:\\\/\\\/www.instagram.com\\\/hotelhappy.rs\\\/\"]}]}<\/script>\n<!-- \/ Yoast SEO plugin. -->","yoast_head_json":{"title":"Poganovo Monastery - Hotel Happy Dimitrovgrad Your guide","description":"The Poganovo Monastery is one of the best-preserved monasteries from the 14th century. Surrounded by beautiful nature, it defies its name. Visit Poganovo","robots":{"index":"index","follow":"follow","max-snippet":"max-snippet:-1","max-image-preview":"max-image-preview:large","max-video-preview":"max-video-preview:-1"},"canonical":"https:\/\/hotelhappy.rs\/en\/tourist-attractions\/manastir-poganovo\/","og_locale":"en_US","og_type":"article","og_title":"Manastir Poganovo - Hotel Happy Dimitrovgrad Va\u0161 vodi\u010d","og_description":"Manastir Poganovo je jedan od najsa\u010duvanijih manastira iz 14. veka. Okru\u017een predivnom prirodom, prkosi svom imenu. Obavezno posetite Poganovo","og_url":"https:\/\/hotelhappy.rs\/en\/tourist-attractions\/manastir-poganovo\/","og_site_name":"hotelhappy","article_publisher":"https:\/\/www.facebook.com\/hotelhappy.rs\/","article_modified_time":"2023-11-26T10:59:44+00:00","og_image":[{"url":"https:\/\/hotelhappy.rs\/wp-content\/uploads\/2023\/04\/manastir-Poganovo.jpg","type":"","width":"","height":""}],"twitter_card":"summary_large_image","twitter_misc":{"Est. reading time":"3 minutes"},"schema":{"@context":"https:\/\/schema.org","@graph":[{"@type":"WebPage","@id":"https:\/\/hotelhappy.rs\/turisticke-atrakcije\/manastir-poganovo\/","url":"https:\/\/hotelhappy.rs\/turisticke-atrakcije\/manastir-poganovo\/","name":"Poganovo Monastery - Hotel Happy Dimitrovgrad Your guide","isPartOf":{"@id":"http:\/\/hotelhappy.rs\/#website"},"primaryImageOfPage":{"@id":"https:\/\/hotelhappy.rs\/turisticke-atrakcije\/manastir-poganovo\/#primaryimage"},"image":{"@id":"https:\/\/hotelhappy.rs\/turisticke-atrakcije\/manastir-poganovo\/#primaryimage"},"thumbnailUrl":"https:\/\/hotelhappy.rs\/wp-content\/uploads\/2023\/04\/manastir-Poganovo.jpg","datePublished":"2023-04-17T12:42:46+00:00","dateModified":"2023-11-26T10:59:44+00:00","description":"The Poganovo Monastery is one of the best-preserved monasteries from the 14th century. Surrounded by beautiful nature, it defies its name. Visit Poganovo","breadcrumb":{"@id":"https:\/\/hotelhappy.rs\/turisticke-atrakcije\/manastir-poganovo\/#breadcrumb"},"inLanguage":"en-US","potentialAction":[{"@type":"ReadAction","target":["https:\/\/hotelhappy.rs\/turisticke-atrakcije\/manastir-poganovo\/"]}]},{"@type":"ImageObject","inLanguage":"en-US","@id":"https:\/\/hotelhappy.rs\/turisticke-atrakcije\/manastir-poganovo\/#primaryimage","url":"https:\/\/hotelhappy.rs\/wp-content\/uploads\/2023\/04\/manastir-Poganovo.jpg","contentUrl":"https:\/\/hotelhappy.rs\/wp-content\/uploads\/2023\/04\/manastir-Poganovo.jpg"},{"@type":"BreadcrumbList","@id":"https:\/\/hotelhappy.rs\/turisticke-atrakcije\/manastir-poganovo\/#breadcrumb","itemListElement":[{"@type":"ListItem","position":1,"name":"Home","item":"https:\/\/hotelhappy.rs\/"},{"@type":"ListItem","position":2,"name":"TURISTI\u010cKE ATRAKCIJE","item":"https:\/\/hotelhappy.rs\/turisticke-atrakcije\/"},{"@type":"ListItem","position":3,"name":"Manastir Poganovo"}]},{"@type":"WebSite","@id":"http:\/\/hotelhappy.rs\/#website","url":"http:\/\/hotelhappy.rs\/","name":"hotelhappy","description":"hotelhappy","publisher":{"@id":"http:\/\/hotelhappy.rs\/#organization"},"potentialAction":[{"@type":"SearchAction","target":{"@type":"EntryPoint","urlTemplate":"http:\/\/hotelhappy.rs\/?s={search_term_string}"},"query-input":{"@type":"PropertyValueSpecification","valueRequired":true,"valueName":"search_term_string"}}],"inLanguage":"en-US"},{"@type":"Organization","@id":"http:\/\/hotelhappy.rs\/#organization","name":"hotelhappy","url":"http:\/\/hotelhappy.rs\/","logo":{"@type":"ImageObject","inLanguage":"en-US","@id":"http:\/\/hotelhappy.rs\/#\/schema\/logo\/image\/","url":"https:\/\/i0.wp.com\/hotelhappy.rs\/wp-content\/uploads\/2023\/01\/cropped-LOGO-HOTEL-HAPPY.png?fit=2011%2C2011&ssl=1","contentUrl":"https:\/\/i0.wp.com\/hotelhappy.rs\/wp-content\/uploads\/2023\/01\/cropped-LOGO-HOTEL-HAPPY.png?fit=2011%2C2011&ssl=1","width":2011,"height":2011,"caption":"hotelhappy"},"image":{"@id":"http:\/\/hotelhappy.rs\/#\/schema\/logo\/image\/"},"sameAs":["https:\/\/www.facebook.com\/hotelhappy.rs\/","https:\/\/www.instagram.com\/hotelhappy.rs\/"]}]}},"jetpack_sharing_enabled":true,"_links":{"self":[{"href":"https:\/\/hotelhappy.rs\/en\/wp-json\/wp\/v2\/pages\/2546","targetHints":{"allow":["GET"]}}],"collection":[{"href":"https:\/\/hotelhappy.rs\/en\/wp-json\/wp\/v2\/pages"}],"about":[{"href":"https:\/\/hotelhappy.rs\/en\/wp-json\/wp\/v2\/types\/page"}],"author":[{"embeddable":true,"href":"https:\/\/hotelhappy.rs\/en\/wp-json\/wp\/v2\/users\/1"}],"replies":[{"embeddable":true,"href":"https:\/\/hotelhappy.rs\/en\/wp-json\/wp\/v2\/comments?post=2546"}],"version-history":[{"count":5,"href":"https:\/\/hotelhappy.rs\/en\/wp-json\/wp\/v2\/pages\/2546\/revisions"}],"predecessor-version":[{"id":3265,"href":"https:\/\/hotelhappy.rs\/en\/wp-json\/wp\/v2\/pages\/2546\/revisions\/3265"}],"up":[{"embeddable":true,"href":"https:\/\/hotelhappy.rs\/en\/wp-json\/wp\/v2\/pages\/621"}],"wp:attachment":[{"href":"https:\/\/hotelhappy.rs\/en\/wp-json\/wp\/v2\/media?parent=2546"}],"curies":[{"name":"wp","href":"https:\/\/api.w.org\/{rel}","templated":true}]}}