{"id":3,"date":"2022-12-29T19:30:27","date_gmt":"2022-12-29T18:30:27","guid":{"rendered":"http:\/\/box5347\/cgi\/addon_GT.cgi?s=GT::WP::Install::EIG+%28lrssedmy%29+-+10.0.87.40+%5BWordpress%3b+\/var\/hp\/common\/lib\/Wordpress.pm%3b+534%3b+Hosting::gap_call%5D\/?page_id=3"},"modified":"2023-02-12T09:01:24","modified_gmt":"2023-02-12T08:01:24","slug":"politika-privatnosti","status":"publish","type":"page","link":"https:\/\/hotelhappy.rs\/en\/politika-privatnosti\/","title":{"rendered":"POLITIKA PRIVATNOSTI"},"content":{"rendered":"<div data-elementor-type=\"wp-page\" data-elementor-id=\"3\" class=\"elementor elementor-3\">\n\t\t\t\t\t\t<section class=\"elementor-section elementor-top-section elementor-element elementor-element-749700e3 elementor-section-boxed elementor-section-height-default elementor-section-height-default\" data-id=\"749700e3\" data-element_type=\"section\" data-e-type=\"section\">\n\t\t\t\t\t\t<div class=\"elementor-container elementor-column-gap-default\">\n\t\t\t\t\t<div class=\"elementor-column elementor-col-100 elementor-top-column elementor-element elementor-element-7078f93d\" data-id=\"7078f93d\" data-element_type=\"column\" data-e-type=\"column\">\n\t\t\t<div class=\"elementor-widget-wrap elementor-element-populated\">\n\t\t\t\t\t\t<div class=\"elementor-element elementor-element-149fcd7 elementor-widget elementor-widget-heading\" data-id=\"149fcd7\" data-element_type=\"widget\" data-e-type=\"widget\" data-widget_type=\"heading.default\">\n\t\t\t\t<div class=\"elementor-widget-container\">\n\t\t\t\t\t<h1 class=\"elementor-heading-title elementor-size-default\">Privacy Policy<\/h1>\t\t\t\t<\/div>\n\t\t\t\t<\/div>\n\t\t\t\t<div class=\"elementor-element elementor-element-299ddf39 elementor-widget elementor-widget-text-editor\" data-id=\"299ddf39\" data-element_type=\"widget\" data-e-type=\"widget\" data-widget_type=\"text-editor.default\">\n\t\t\t\t<div class=\"elementor-widget-container\">\n\t\t\t\t\t\t\t\t\t<p><\/p>\n<p class=\"MsoNormal\">Ova Politika Privatnosti opisuje politiku firme HAPPINESS D.O.O. DIMITROVGRAD, Caribrodskih umetnika 1, Dimitrovgrad 18320, Srbija, email<span lang=\"BG\">:<\/span> motelhappy@hotmail.com, telefon: +381694027280 o prikupljanju, kori\u0161c\u0301enju i otkrivanju Va\u0161ih informacija koje prikupljamo kada koristite na\u0161u veb stranicu (https:\/\/hotelhappi.rs ) . (&#8222;<span lang=\"SR-LATN-RS\">Usluga<\/span>&#8222;). Pristupanjem ili kori\u0161c\u0301enjem Usluga, pristajete na prikupljanje, kori\u0161c\u0301enje i otkrivanje Va\u0161ih informacija u skladu sa ovom Politikom Privatnosti. Ako se ne sla\u017eete sa istim, molimo Vas da ne pristupate ili koristite uslugu.<\/p>\n<p class=\"MsoNormal\">Ovu Politiku Privatnosti mo\u017eemo da izmenimo u bilo kom trenutku bez prethodnog obave\u0161tenja i objavic\u0301emo revidiranu Politiku Privatnosti na Usluzi. Revidirana Politika c\u0301e stupiti na snagu 180 dana od dana kada je revidirana politika objavljena u Usluzi i Va\u0161 nastavak pristupa ili kori\u0161c\u0301enje Usluge nakon tog vremena c\u0301e predstavljati da prihvatate revidiranu Politiku privatnosti. Stoga preporu\u010dujemo da povremeno pregledate ovu stranicu.<\/p>\n<p class=\"MsoNormal\">KAKO KORISTIMO VA\u0160E INFORMACIJE:<\/p>\n<p class=\"MsoNormal\">Koristic\u0301emo informacije koje prikupljamo o Vama u sledec\u0301e svrhe:<\/p>\n<p class=\"MsoNormal\">\u2022 Marketing\/Promocija<\/p>\n<p class=\"MsoNormal\">\u2022 Ciljano ogla\u0161avanje<\/p>\n<p class=\"MsoNormal\">Ako \u017eelimo da koristimo Va\u0161e podatke u bilo koju drugu svrhu, tra\u017eic\u0301emo od Vas saglasnost i koristic\u0301emo Va\u0161e podatke samo kada dobijemo Va\u0161u saglasnost, a zatim, samo u svrhu(e) za koju dobijemo saglasnost, osim ako se od nas ne zahteva zakon druga\u010dije.<\/p>\n<p class=\"MsoNormal\">KAKO DELIMO VA\u0160E INFORMACIJE:<\/p>\n<p class=\"MsoNormal\">Nec\u0301emo preneti Va\u0161e li\u010dne podatke bilo kojoj trec\u0301oj strani bez tra\u017eenja Va\u0161eg pristanka, osim u ograni\u010denim okolnostima kao \u0161to je opisano u nastavku:<\/p>\n<p class=\"MsoNormal\">\u2022 Oglasna usluga<\/p>\n<p class=\"MsoNormal\">\u2022 Analitika<\/p>\n<p class=\"MsoNormal\">Zahtevamo od takvih trec\u0301ih lica da koriste li\u010dne podatke koje im prenosimo samo u svrhu za koju su preneti i da ih ne zadr\u017eavaju du\u017ee nego \u0161to je potrebno za ispunjenje navedene svrhe.<\/p>\n<p class=\"MsoNormal\">Tako\u0111e mo\u017eemo otkriti va\u0161e li\u010dne podatke za sledec\u0301e: (1) da bismo bili u skladu sa va\u017eec\u0301im zakonom, uredbom, sudskim nalogom ili drugim pravnim procesom; (2) da sprovodite svoje ugovore sa nama, uklju\u010dujuc\u0301i ovu Politiku Privatnosti; ili (3) da odgovorite na tvrdnje da Va\u0161e kori\u0161c\u0301enje Usluge kr\u0161i bilo koje pravo trec\u0301e strane. Ako se Usluga ili na\u0161a kompanija spoji sa drugom kompanijom, Va\u0161i podaci c\u0301e biti jedna od imovine koja se prenosi na novog vlasnika.<\/p>\n<p class=\"MsoNormal\">VA\u0160A PRAVA:<\/p>\n<p class=\"MsoNormal\">U zavisnosti od zakona koji se primenjuje, mo\u017eete imati pravo da pristupite i ispravite ili izbri\u0161ete svoje li\u010dne podatke ili da dobijete kopiju va\u0161ih li\u010dnih podataka, ograni\u010dite ili prigovorite na aktivnu obradu Va\u0161ih podataka, zatra\u017eite od nas da podelimo (prenesemo) Va\u0161e li\u010dne podatke informacije drugom licu, povuc\u0301i svaku saglasnost koju ste nam dali za obradu Va\u0161ih podataka, pravo na podno\u0161enje \u017ealbe zakonskom organu i druga prava koja mogu biti relevantna prema va\u017eec\u0301im zakonima. Da biste ostvarili ova prava, mo\u017eete nam pisati na motelhappi@hotmail.com. Odgovoric\u0301emo na va\u0161 zahtev u skladu sa va\u017eec\u0301im zakonom.<\/p>\n<p class=\"MsoNormal\">Imajte na umu da ako nam ne dozvolite da prikupljamo ili obra\u0111ujemo tra\u017eene li\u010dne podatke ili povu\u010dete saglasnost za obradu istih u tra\u017eene svrhe, mo\u017eda nec\u0301ete moc\u0301i da pristupite ili koristite usluge za koje su va\u0161e informacije tra\u017eene.<\/p>\n<p class=\"MsoNormal\">KOLA\u010cIC\u0301I<\/p>\n<p class=\"MsoNormal\">Kako bi smo unapredili Va<span lang=\"SR-LATN-RS\">\u0161e korisni\u010dko iskustvo prilikom kori\u0161\u0107enja na\u0161eg sajta, <\/span>HAPPINESS D.O.O. DIMITROVGRAD I na\u0161i pru\u017eaoci usluga mogu koristiti \u2018\u2019kola<span lang=\"SR-LATN-RS\">\u010di\u0107e<\/span>\u2018\u2019<span lang=\"SR-LATN-RS\"> na sajtu. Kola\u010di\u0107i su podaci koje web-server prebacuje na ra\u010dunar pojedinaca radi vo\u0111enja evidencije i u druge svrhe. Koristimo <\/span>\u2018\u2019kola<span lang=\"SR-LATN-RS\">\u010di\u0107e<\/span>\u2018\u2019 I druge tehnologije kako bi smo olak\u0161ali korisnikov pristup i kori\u0161\u0107enje na\u0161eg sajta.<\/p>\n<p class=\"MsoNormal\"><span lang=\"SR-LATN-RS\">Na\u0161 web sajt koristi Google Analytics, servis za internet analitiku koji je napravljen od strane kompanije Google (\u201eGoogle\u201c). Google Analytics koristi tzv. \u201ekola\u010di\u0107e\u201c (tekstualni fajlovi koji se nalaze na ra\u010dunalima korisnika) i koji omogu\u0107avaju analizu stranica koje se pose\u0107uju.\u00a0<\/span><span style=\"font-style: inherit; font-weight: inherit; background-color: var(--ast-global-color-5); color: var(--ast-global-color-3);\">Platforme<br \/>koje se jo\u0161 koriste radi plasiranja personalizovanih oglasa su Google Ads i Meta Business Manager.<\/span><\/p>\n<p class=\"MsoNormal\">\u00a0<\/p>\n<p class=\"MsoNormal\">SIGURNOST:<\/p>\n<p class=\"MsoNormal\">Bezbednost Va\u0161ih informacija nam je va\u017ena i mi c\u0301emo koristiti razumne mere bezbednosti da spre\u010dimo gubitak, zloupotrebu ili neovla\u0161c\u0301enu izmenu va\u0161ih informacija pod na\u0161om kontrolom. Me\u0111utim, s obzirom na inherentne rizike, ne mo\u017eemo da garantujemo apsolutnu bezbednost i shodno tome, ne mo\u017eemo da obezbedimo ili garantujemo bezbednost bilo koje informacije koju nam prenosite i to \u010dinite na sopstveni rizik.<\/p>\n<p class=\"MsoNormal\">SLU\u017dBENIK ZA \u017dALBE\/ZA\u0160TITU PODATAKA:<\/p>\n<p class=\"MsoNormal\">Ako imate bilo kakvih pitanja ili nedoumica u vezi sa obradom va\u0161ih informacija koje su dostupne kod nas, mo\u017eete poslati e-poruku na\u0161em slu\u017ebeniku za \u017ealbe u HAPPINESS D.O.O. DIMITROVGRAD, Caribrodskih umetnika 1, email: motelhappi@hotmail.com. Re\u0161ic\u0301emo va\u0161e nedoumice u skladu sa va\u017eec\u0301im zakonom.<\/p>\n<p><\/p>\t\t\t\t\t\t\t\t<\/div>\n\t\t\t\t<\/div>\n\t\t\t\t\t<\/div>\n\t\t<\/div>\n\t\t\t\t\t<\/div>\n\t\t<\/section>\n\t\t\t\t<\/div>","protected":false},"excerpt":{"rendered":"<p>Politika Privatnosti Ova Politika Privatnosti opisuje politiku firme HAPPINESS D.O.O. DIMITROVGRAD, Caribrodskih umetnika 1, Dimitrovgrad 18320, Srbija, email: motelhappy@hotmail.com, telefon: +381694027280 o prikupljanju, kori\u0161c\u0301enju i otkrivanju Va\u0161ih informacija koje prikupljamo kada koristite na\u0161u veb stranicu (https:\/\/hotelhappi.rs ) . (&#8222;Usluga&#8220;). Pristupanjem ili kori\u0161c\u0301enjem Usluga, pristajete na prikupljanje, kori\u0161c\u0301enje i otkrivanje Va\u0161ih informacija u skladu sa ovom [&hellip;]<\/p>\n","protected":false},"author":1,"featured_media":0,"parent":0,"menu_order":0,"comment_status":"closed","ping_status":"closed","template":"","meta":{"site-sidebar-layout":"default","site-content-layout":"","ast-site-content-layout":"default","site-content-style":"default","site-sidebar-style":"default","ast-global-header-display":"","ast-banner-title-visibility":"","ast-main-header-display":"","ast-hfb-above-header-display":"","ast-hfb-below-header-display":"","ast-hfb-mobile-header-display":"","site-post-title":"disabled","ast-breadcrumbs-content":"","ast-featured-img":"","footer-sml-layout":"","ast-disable-related-posts":"","theme-transparent-header-meta":"","adv-header-id-meta":"","stick-header-meta":"","header-above-stick-meta":"","header-main-stick-meta":"","header-below-stick-meta":"","astra-migrate-meta-layouts":"default","ast-page-background-enabled":"default","ast-page-background-meta":{"desktop":{"background-color":"","background-image":"","background-repeat":"repeat","background-position":"center center","background-size":"auto","background-attachment":"scroll","background-type":"","background-media":"","overlay-type":"","overlay-color":"","overlay-opacity":"","overlay-gradient":""},"tablet":{"background-color":"","background-image":"","background-repeat":"repeat","background-position":"center center","background-size":"auto","background-attachment":"scroll","background-type":"","background-media":"","overlay-type":"","overlay-color":"","overlay-opacity":"","overlay-gradient":""},"mobile":{"background-color":"","background-image":"","background-repeat":"repeat","background-position":"center center","background-size":"auto","background-attachment":"scroll","background-type":"","background-media":"","overlay-type":"","overlay-color":"","overlay-opacity":"","overlay-gradient":""}},"ast-content-background-meta":{"desktop":{"background-color":"var(--ast-global-color-5)","background-image":"","background-repeat":"repeat","background-position":"center center","background-size":"auto","background-attachment":"scroll","background-type":"","background-media":"","overlay-type":"","overlay-color":"","overlay-opacity":"","overlay-gradient":""},"tablet":{"background-color":"var(--ast-global-color-5)","background-image":"","background-repeat":"repeat","background-position":"center center","background-size":"auto","background-attachment":"scroll","background-type":"","background-media":"","overlay-type":"","overlay-color":"","overlay-opacity":"","overlay-gradient":""},"mobile":{"background-color":"var(--ast-global-color-5)","background-image":"","background-repeat":"repeat","background-position":"center center","background-size":"auto","background-attachment":"scroll","background-type":"","background-media":"","overlay-type":"","overlay-color":"","overlay-opacity":"","overlay-gradient":""}},"footnotes":""},"class_list":["post-3","page","type-page","status-publish","hentry"],"yoast_head":"<!-- This site is optimized with the Yoast SEO plugin v27.5 - https:\/\/yoast.com\/product\/yoast-seo-wordpress\/ -->\n<title>POLITIKA PRIVATNOSTI - hotelhappy<\/title>\n<meta name=\"description\" content=\"Ova Politika Privatnosti opisuje politiku firme HAPPINESS D.O.O. DIMITROVGRAD, Caribrodskih umetnika 1, Dimitrovgrad 18320, Srbija\" \/>\n<meta name=\"robots\" content=\"index, follow, max-snippet:-1, max-image-preview:large, max-video-preview:-1\" \/>\n<link rel=\"canonical\" href=\"https:\/\/hotelhappy.rs\/en\/politika-privatnosti\/\" \/>\n<meta property=\"og:locale\" content=\"en_US\" \/>\n<meta property=\"og:type\" content=\"article\" \/>\n<meta property=\"og:title\" content=\"POLITIKA PRIVATNOSTI - hotelhappy\" \/>\n<meta property=\"og:description\" content=\"Ova Politika Privatnosti opisuje politiku firme HAPPINESS D.O.O. DIMITROVGRAD, Caribrodskih umetnika 1, Dimitrovgrad 18320, Srbija\" \/>\n<meta property=\"og:url\" content=\"https:\/\/hotelhappy.rs\/en\/politika-privatnosti\/\" \/>\n<meta property=\"og:site_name\" content=\"hotelhappy\" \/>\n<meta property=\"article:publisher\" content=\"https:\/\/www.facebook.com\/hotelhappy.rs\/\" \/>\n<meta property=\"article:modified_time\" content=\"2023-02-12T08:01:24+00:00\" \/>\n<meta name=\"twitter:card\" content=\"summary_large_image\" \/>\n<meta name=\"twitter:label1\" content=\"Est. reading time\" \/>\n\t<meta name=\"twitter:data1\" content=\"3 minutes\" \/>\n<script type=\"application\/ld+json\" class=\"yoast-schema-graph\">{\"@context\":\"https:\\\/\\\/schema.org\",\"@graph\":[{\"@type\":\"WebPage\",\"@id\":\"https:\\\/\\\/hotelhappy.rs\\\/politika-privatnosti\\\/\",\"url\":\"https:\\\/\\\/hotelhappy.rs\\\/politika-privatnosti\\\/\",\"name\":\"POLITIKA PRIVATNOSTI - hotelhappy\",\"isPartOf\":{\"@id\":\"http:\\\/\\\/hotelhappy.rs\\\/#website\"},\"datePublished\":\"2022-12-29T18:30:27+00:00\",\"dateModified\":\"2023-02-12T08:01:24+00:00\",\"description\":\"Ova Politika Privatnosti opisuje politiku firme HAPPINESS D.O.O. DIMITROVGRAD, Caribrodskih umetnika 1, Dimitrovgrad 18320, Srbija\",\"breadcrumb\":{\"@id\":\"https:\\\/\\\/hotelhappy.rs\\\/politika-privatnosti\\\/#breadcrumb\"},\"inLanguage\":\"en-US\",\"potentialAction\":[{\"@type\":\"ReadAction\",\"target\":[\"https:\\\/\\\/hotelhappy.rs\\\/politika-privatnosti\\\/\"]}]},{\"@type\":\"BreadcrumbList\",\"@id\":\"https:\\\/\\\/hotelhappy.rs\\\/politika-privatnosti\\\/#breadcrumb\",\"itemListElement\":[{\"@type\":\"ListItem\",\"position\":1,\"name\":\"Home\",\"item\":\"https:\\\/\\\/hotelhappy.rs\\\/\"},{\"@type\":\"ListItem\",\"position\":2,\"name\":\"POLITIKA PRIVATNOSTI\"}]},{\"@type\":\"WebSite\",\"@id\":\"http:\\\/\\\/hotelhappy.rs\\\/#website\",\"url\":\"http:\\\/\\\/hotelhappy.rs\\\/\",\"name\":\"hotelhappy\",\"description\":\"hotelhappy\",\"publisher\":{\"@id\":\"http:\\\/\\\/hotelhappy.rs\\\/#organization\"},\"potentialAction\":[{\"@type\":\"SearchAction\",\"target\":{\"@type\":\"EntryPoint\",\"urlTemplate\":\"http:\\\/\\\/hotelhappy.rs\\\/?s={search_term_string}\"},\"query-input\":{\"@type\":\"PropertyValueSpecification\",\"valueRequired\":true,\"valueName\":\"search_term_string\"}}],\"inLanguage\":\"en-US\"},{\"@type\":\"Organization\",\"@id\":\"http:\\\/\\\/hotelhappy.rs\\\/#organization\",\"name\":\"hotelhappy\",\"url\":\"http:\\\/\\\/hotelhappy.rs\\\/\",\"logo\":{\"@type\":\"ImageObject\",\"inLanguage\":\"en-US\",\"@id\":\"http:\\\/\\\/hotelhappy.rs\\\/#\\\/schema\\\/logo\\\/image\\\/\",\"url\":\"https:\\\/\\\/i0.wp.com\\\/hotelhappy.rs\\\/wp-content\\\/uploads\\\/2023\\\/01\\\/cropped-LOGO-HOTEL-HAPPY.png?fit=2011%2C2011&ssl=1\",\"contentUrl\":\"https:\\\/\\\/i0.wp.com\\\/hotelhappy.rs\\\/wp-content\\\/uploads\\\/2023\\\/01\\\/cropped-LOGO-HOTEL-HAPPY.png?fit=2011%2C2011&ssl=1\",\"width\":2011,\"height\":2011,\"caption\":\"hotelhappy\"},\"image\":{\"@id\":\"http:\\\/\\\/hotelhappy.rs\\\/#\\\/schema\\\/logo\\\/image\\\/\"},\"sameAs\":[\"https:\\\/\\\/www.facebook.com\\\/hotelhappy.rs\\\/\",\"https:\\\/\\\/www.instagram.com\\\/hotelhappy.rs\\\/\"]}]}<\/script>\n<!-- \/ Yoast SEO plugin. -->","yoast_head_json":{"title":"Hotel Happy Dimitrovgrad - PRIVACY POLICY","description":"This Privacy Policy describes the policy of HAPPINESS D.O.O. DIMITROVGRAD, Caribrodskih umetnika 1, Dimitrovgrad 18320, Serbia","robots":{"index":"index","follow":"follow","max-snippet":"max-snippet:-1","max-image-preview":"max-image-preview:large","max-video-preview":"max-video-preview:-1"},"canonical":"https:\/\/hotelhappy.rs\/en\/politika-privatnosti\/","og_locale":"en_US","og_type":"article","og_title":"POLITIKA PRIVATNOSTI - hotelhappy","og_description":"Ova Politika Privatnosti opisuje politiku firme HAPPINESS D.O.O. DIMITROVGRAD, Caribrodskih umetnika 1, Dimitrovgrad 18320, Srbija","og_url":"https:\/\/hotelhappy.rs\/en\/politika-privatnosti\/","og_site_name":"hotelhappy","article_publisher":"https:\/\/www.facebook.com\/hotelhappy.rs\/","article_modified_time":"2023-02-12T08:01:24+00:00","twitter_card":"summary_large_image","twitter_misc":{"Est. reading time":"3 minutes"},"schema":{"@context":"https:\/\/schema.org","@graph":[{"@type":"WebPage","@id":"https:\/\/hotelhappy.rs\/politika-privatnosti\/","url":"https:\/\/hotelhappy.rs\/politika-privatnosti\/","name":"Hotel Happy Dimitrovgrad - PRIVACY POLICY","isPartOf":{"@id":"http:\/\/hotelhappy.rs\/#website"},"datePublished":"2022-12-29T18:30:27+00:00","dateModified":"2023-02-12T08:01:24+00:00","description":"This Privacy Policy describes the policy of HAPPINESS D.O.O. DIMITROVGRAD, Caribrodskih umetnika 1, Dimitrovgrad 18320, Serbia","breadcrumb":{"@id":"https:\/\/hotelhappy.rs\/politika-privatnosti\/#breadcrumb"},"inLanguage":"en-US","potentialAction":[{"@type":"ReadAction","target":["https:\/\/hotelhappy.rs\/politika-privatnosti\/"]}]},{"@type":"BreadcrumbList","@id":"https:\/\/hotelhappy.rs\/politika-privatnosti\/#breadcrumb","itemListElement":[{"@type":"ListItem","position":1,"name":"Home","item":"https:\/\/hotelhappy.rs\/"},{"@type":"ListItem","position":2,"name":"POLITIKA PRIVATNOSTI"}]},{"@type":"WebSite","@id":"http:\/\/hotelhappy.rs\/#website","url":"http:\/\/hotelhappy.rs\/","name":"hotelhappy","description":"hotelhappy","publisher":{"@id":"http:\/\/hotelhappy.rs\/#organization"},"potentialAction":[{"@type":"SearchAction","target":{"@type":"EntryPoint","urlTemplate":"http:\/\/hotelhappy.rs\/?s={search_term_string}"},"query-input":{"@type":"PropertyValueSpecification","valueRequired":true,"valueName":"search_term_string"}}],"inLanguage":"en-US"},{"@type":"Organization","@id":"http:\/\/hotelhappy.rs\/#organization","name":"hotelhappy","url":"http:\/\/hotelhappy.rs\/","logo":{"@type":"ImageObject","inLanguage":"en-US","@id":"http:\/\/hotelhappy.rs\/#\/schema\/logo\/image\/","url":"https:\/\/i0.wp.com\/hotelhappy.rs\/wp-content\/uploads\/2023\/01\/cropped-LOGO-HOTEL-HAPPY.png?fit=2011%2C2011&ssl=1","contentUrl":"https:\/\/i0.wp.com\/hotelhappy.rs\/wp-content\/uploads\/2023\/01\/cropped-LOGO-HOTEL-HAPPY.png?fit=2011%2C2011&ssl=1","width":2011,"height":2011,"caption":"hotelhappy"},"image":{"@id":"http:\/\/hotelhappy.rs\/#\/schema\/logo\/image\/"},"sameAs":["https:\/\/www.facebook.com\/hotelhappy.rs\/","https:\/\/www.instagram.com\/hotelhappy.rs\/"]}]}},"jetpack_sharing_enabled":true,"_links":{"self":[{"href":"https:\/\/hotelhappy.rs\/en\/wp-json\/wp\/v2\/pages\/3","targetHints":{"allow":["GET"]}}],"collection":[{"href":"https:\/\/hotelhappy.rs\/en\/wp-json\/wp\/v2\/pages"}],"about":[{"href":"https:\/\/hotelhappy.rs\/en\/wp-json\/wp\/v2\/types\/page"}],"author":[{"embeddable":true,"href":"https:\/\/hotelhappy.rs\/en\/wp-json\/wp\/v2\/users\/1"}],"replies":[{"embeddable":true,"href":"https:\/\/hotelhappy.rs\/en\/wp-json\/wp\/v2\/comments?post=3"}],"version-history":[{"count":20,"href":"https:\/\/hotelhappy.rs\/en\/wp-json\/wp\/v2\/pages\/3\/revisions"}],"predecessor-version":[{"id":2307,"href":"https:\/\/hotelhappy.rs\/en\/wp-json\/wp\/v2\/pages\/3\/revisions\/2307"}],"wp:attachment":[{"href":"https:\/\/hotelhappy.rs\/en\/wp-json\/wp\/v2\/media?parent=3"}],"curies":[{"name":"wp","href":"https:\/\/api.w.org\/{rel}","templated":true}]}}