{"id":3490,"date":"2024-03-02T09:34:02","date_gmt":"2024-03-02T08:34:02","guid":{"rendered":"https:\/\/hotelhappy.rs\/?page_id=3490"},"modified":"2024-03-02T17:28:25","modified_gmt":"2024-03-02T16:28:25","slug":"petrlaske-pecine","status":"publish","type":"page","link":"https:\/\/hotelhappy.rs\/en\/turisticke-atrakcije\/petrlaske-pecine\/","title":{"rendered":"Petrla\u0161ke Caves"},"content":{"rendered":"<div data-elementor-type=\"wp-page\" data-elementor-id=\"3490\" class=\"elementor elementor-3490\">\n\t\t\t\t\t\t<section class=\"elementor-section elementor-top-section elementor-element elementor-element-22e700d1 elementor-section-boxed elementor-section-height-default elementor-section-height-default\" data-id=\"22e700d1\" data-element_type=\"section\" data-e-type=\"section\" data-settings=\"{&quot;background_background&quot;:&quot;classic&quot;}\">\n\t\t\t\t\t\t\t<div class=\"elementor-background-overlay\"><\/div>\n\t\t\t\t\t\t\t<div class=\"elementor-container elementor-column-gap-default\">\n\t\t\t\t\t<div class=\"elementor-column elementor-col-100 elementor-top-column elementor-element elementor-element-28a238e6\" data-id=\"28a238e6\" data-element_type=\"column\" data-e-type=\"column\">\n\t\t\t<div class=\"elementor-widget-wrap elementor-element-populated\">\n\t\t\t\t\t\t<div class=\"elementor-element elementor-element-effee91 elementor-widget elementor-widget-heading\" data-id=\"effee91\" data-element_type=\"widget\" data-e-type=\"widget\" data-widget_type=\"heading.default\">\n\t\t\t\t<div class=\"elementor-widget-container\">\n\t\t\t\t\t<h1 class=\"elementor-heading-title elementor-size-default\">Petrla\u0161ke Caves<\/h1>\t\t\t\t<\/div>\n\t\t\t\t<\/div>\n\t\t\t\t\t<\/div>\n\t\t<\/div>\n\t\t\t\t\t<\/div>\n\t\t<\/section>\n\t\t\t\t<section class=\"elementor-section elementor-top-section elementor-element elementor-element-5ad7ed17 elementor-section-boxed elementor-section-height-default elementor-section-height-default\" data-id=\"5ad7ed17\" data-element_type=\"section\" data-e-type=\"section\">\n\t\t\t\t\t\t<div class=\"elementor-container elementor-column-gap-default\">\n\t\t\t\t\t<div class=\"elementor-column elementor-col-100 elementor-top-column elementor-element elementor-element-142c45a8\" data-id=\"142c45a8\" data-element_type=\"column\" data-e-type=\"column\">\n\t\t\t<div class=\"elementor-widget-wrap elementor-element-populated\">\n\t\t\t\t\t\t<div class=\"elementor-element elementor-element-1afb3ef2 elementor-widget elementor-widget-text-editor\" data-id=\"1afb3ef2\" data-element_type=\"widget\" data-e-type=\"widget\" data-widget_type=\"text-editor.default\">\n\t\t\t\t<div class=\"elementor-widget-container\">\n\t\t\t\t\t\t\t\t\t<p>Caves have always inspired awe and admiration in people, representing fascinating geological wonders that often conceal various secrets deep beneath the surface. These natural formations provide a glimpse into the long geological history and processes that have shaped the world around us. Caves can be found everywhere, from mountainous areas to deserts, attracting explorers, spelunkers, and tourists worldwide with their unique beauty. Once the homes of our ancestors, they are now tourist attractions gaining well-deserved popularity.<\/p>\t\t\t\t\t\t\t\t<\/div>\n\t\t\t\t<\/div>\n\t\t\t\t<div class=\"elementor-element elementor-element-66a6b20b elementor-widget elementor-widget-image\" data-id=\"66a6b20b\" data-element_type=\"widget\" data-e-type=\"widget\" data-widget_type=\"image.default\">\n\t\t\t\t<div class=\"elementor-widget-container\">\n\t\t\t\t\t\t\t\t\t\t\t\t\t\t\t<img fetchpriority=\"high\" decoding=\"async\" width=\"1000\" height=\"667\" src=\"https:\/\/i0.wp.com\/hotelhappy.rs\/wp-content\/uploads\/2024\/03\/petrlaske-pecine.jpg?fit=1000%2C667&amp;ssl=1\" class=\"attachment-large size-large wp-image-3499\" alt=\"Petrla\u0161ke Caves\" srcset=\"https:\/\/i0.wp.com\/hotelhappy.rs\/wp-content\/uploads\/2024\/03\/petrlaske-pecine.jpg?w=1000&amp;ssl=1 1000w, https:\/\/i0.wp.com\/hotelhappy.rs\/wp-content\/uploads\/2024\/03\/petrlaske-pecine.jpg?resize=300%2C200&amp;ssl=1 300w, https:\/\/i0.wp.com\/hotelhappy.rs\/wp-content\/uploads\/2024\/03\/petrlaske-pecine.jpg?resize=768%2C512&amp;ssl=1 768w, https:\/\/i0.wp.com\/hotelhappy.rs\/wp-content\/uploads\/2024\/03\/petrlaske-pecine.jpg?resize=18%2C12&amp;ssl=1 18w\" sizes=\"(max-width: 1000px) 100vw, 1000px\" \/>\t\t\t\t\t\t\t\t\t\t\t\t\t\t\t<\/div>\n\t\t\t\t<\/div>\n\t\t\t\t<div class=\"elementor-element elementor-element-435628da elementor-widget elementor-widget-heading\" data-id=\"435628da\" data-element_type=\"widget\" data-e-type=\"widget\" data-widget_type=\"heading.default\">\n\t\t\t\t<div class=\"elementor-widget-container\">\n\t\t\t\t\t<h2 class=\"elementor-heading-title elementor-size-default\">Where Are Petrla\u0161ke Caves Located?<\/h2>\t\t\t\t<\/div>\n\t\t\t\t<\/div>\n\t\t\t\t<div class=\"elementor-element elementor-element-378e7478 elementor-widget elementor-widget-text-editor\" data-id=\"378e7478\" data-element_type=\"widget\" data-e-type=\"widget\" data-widget_type=\"text-editor.default\">\n\t\t\t\t<div class=\"elementor-widget-container\">\n\t\t\t\t\t\t\t\t\t<p>Just 15 km from Dimitrovgrad, in the vicinity of the village of Peterla\u0161, lies the natural monument known as \"Petrla\u0161ke Caves.\" This natural phenomenon is situated between the Vidli\u010d mountain to the north and the Ni\u0161ava valley to the south, right on the border with Bulgaria. You can reach these caves by car in less than half an hour from Dimitrovgrad.<\/p>\t\t\t\t\t\t\t\t<\/div>\n\t\t\t\t<\/div>\n\t\t\t\t<div class=\"elementor-element elementor-element-78c901d1 elementor-widget elementor-widget-heading\" data-id=\"78c901d1\" data-element_type=\"widget\" data-e-type=\"widget\" data-widget_type=\"heading.default\">\n\t\t\t\t<div class=\"elementor-widget-container\">\n\t\t\t\t\t<h2 class=\"elementor-heading-title elementor-size-default\">Geography of Petrla\u0161ke Caves<\/h2>\t\t\t\t<\/div>\n\t\t\t\t<\/div>\n\t\t\t\t<div class=\"elementor-element elementor-element-4d6b2ed4 elementor-widget elementor-widget-text-editor\" data-id=\"4d6b2ed4\" data-element_type=\"widget\" data-e-type=\"widget\" data-widget_type=\"text-editor.default\">\n\t\t\t\t<div class=\"elementor-widget-container\">\n\t\t\t\t\t\t\t\t\t<p>Petrla\u0161ke Caves span an area of 7 km in length and 4.5 km in width. This region is bordered by the Vidli\u010d mountain and limestone ridges. It comprises a system of five caves, with the most significant and longest being Petrla\u0161ka or Velika Cave, measuring 468 meters in explored channels. The other caves in this group include:<\/p><ul><li>Tmna Dupka (170m)<\/li><li>Od\u017eina Dupka (150m)<\/li><li>Dan\u010dulica (108m)<\/li><li>Nedeljina Dupka (69m)<\/li><\/ul><p>These caves are rich in various cave formations, predominantly featuring stalagmites and stalactites. Additionally, the caves house remnants of fossil fauna and archaeological artifacts.<\/p>\t\t\t\t\t\t\t\t<\/div>\n\t\t\t\t<\/div>\n\t\t\t\t<div class=\"elementor-element elementor-element-7e1cabb6 elementor-widget elementor-widget-heading\" data-id=\"7e1cabb6\" data-element_type=\"widget\" data-e-type=\"widget\" data-widget_type=\"heading.default\">\n\t\t\t\t<div class=\"elementor-widget-container\">\n\t\t\t\t\t<h2 class=\"elementor-heading-title elementor-size-default\">The Big Cave<\/h2>\t\t\t\t<\/div>\n\t\t\t\t<\/div>\n\t\t\t\t<div class=\"elementor-element elementor-element-5ac25789 elementor-widget elementor-widget-text-editor\" data-id=\"5ac25789\" data-element_type=\"widget\" data-e-type=\"widget\" data-widget_type=\"text-editor.default\">\n\t\t\t\t<div class=\"elementor-widget-container\">\n\t\t\t\t\t\t\t\t\t<p>The longest and most fascinating, Velika Cave, undoubtedly reigns as the master of this natural monument. The entrance to Velika Cave is located at the base of the limestone section on the flat surface of the Odorova\u010dko Polje. Directly in front of the entrance stretches the abyss of the Odorova\u010dka River. Apart from the main entrance with the entrance hall, this cave encompasses other morphological units such as \u0160iroki Kanal, Aragonite Kanal, Meandering Kanal, Central and Velika Dvorana, Veliki Vodeni Nivo, and several secondary channels.<\/p>\t\t\t\t\t\t\t\t<\/div>\n\t\t\t\t<\/div>\n\t\t\t\t<div class=\"elementor-element elementor-element-38a880ba elementor-widget elementor-widget-heading\" data-id=\"38a880ba\" data-element_type=\"widget\" data-e-type=\"widget\" data-widget_type=\"heading.default\">\n\t\t\t\t<div class=\"elementor-widget-container\">\n\t\t\t\t\t<h2 class=\"elementor-heading-title elementor-size-default\">Accommodation Nearby<\/h2>\t\t\t\t<\/div>\n\t\t\t\t<\/div>\n\t\t\t\t<div class=\"elementor-element elementor-element-178fce1a elementor-widget elementor-widget-text-editor\" data-id=\"178fce1a\" data-element_type=\"widget\" data-e-type=\"widget\" data-widget_type=\"text-editor.default\">\n\t\t\t\t<div class=\"elementor-widget-container\">\n\t\t\t\t\t\t\t\t\t<p class=\"translation-block\">If you decide to visit this natural phenomenon, Hotel Happy in Dimitrovgrad offers <a href=\"https:\/\/hotelhappy.rs\/en\/rooms\/\" target=\"_blank\" rel=\"noopener\"><i><u>accommodation<\/u><\/i><\/a> that will help you recharge your batteries and prepare for a real adventure. In <a href=\"https:\/\/hotelhappy.rs\/en\/restaurant\/\" target=\"_blank\" rel=\"noopener\"><i><u>restaurant<\/u><\/i> <\/a>Hotel Happy Dimitrovgrad you can enjoy a variety of specialties with authentic flavors, and our friendly staff is here to help you with suggestions of tourist destinations located near Dimitrovgrad.<\/p>\t\t\t\t\t\t\t\t<\/div>\n\t\t\t\t<\/div>\n\t\t\t\t<div class=\"elementor-element elementor-element-7e1fc5c0 elementor-widget elementor-widget-spacer\" data-id=\"7e1fc5c0\" data-element_type=\"widget\" data-e-type=\"widget\" data-widget_type=\"spacer.default\">\n\t\t\t\t<div class=\"elementor-widget-container\">\n\t\t\t\t\t\t\t<div class=\"elementor-spacer\">\n\t\t\t<div class=\"elementor-spacer-inner\"><\/div>\n\t\t<\/div>\n\t\t\t\t\t\t<\/div>\n\t\t\t\t<\/div>\n\t\t\t\t\t<\/div>\n\t\t<\/div>\n\t\t\t\t\t<\/div>\n\t\t<\/section>\n\t\t\t\t<section class=\"elementor-section elementor-top-section elementor-element elementor-element-16f7f45b elementor-section-boxed elementor-section-height-default elementor-section-height-default\" data-id=\"16f7f45b\" data-element_type=\"section\" data-e-type=\"section\" data-settings=\"{&quot;background_background&quot;:&quot;classic&quot;}\">\n\t\t\t\t\t\t\t<div class=\"elementor-background-overlay\"><\/div>\n\t\t\t\t\t\t\t<div class=\"elementor-container elementor-column-gap-no\">\n\t\t\t\t\t<div class=\"elementor-column elementor-col-100 elementor-top-column elementor-element elementor-element-5fb2ea21\" data-id=\"5fb2ea21\" data-element_type=\"column\" data-e-type=\"column\">\n\t\t\t<div class=\"elementor-widget-wrap elementor-element-populated\">\n\t\t\t\t\t\t<div class=\"elementor-element elementor-element-4576e0c elementor-widget elementor-widget-heading\" data-id=\"4576e0c\" data-element_type=\"widget\" data-e-type=\"widget\" data-widget_type=\"heading.default\">\n\t\t\t\t<div class=\"elementor-widget-container\">\n\t\t\t\t\t<h2 class=\"elementor-heading-title elementor-size-default\">Plan your unforgettable Happy experience today!<\/h2>\t\t\t\t<\/div>\n\t\t\t\t<\/div>\n\t\t\t\t<div class=\"elementor-element elementor-element-72bbdb66 elementor-align-center elementor-widget elementor-widget-button\" data-id=\"72bbdb66\" data-element_type=\"widget\" data-e-type=\"widget\" data-widget_type=\"button.default\">\n\t\t\t\t<div class=\"elementor-widget-container\">\n\t\t\t\t\t\t\t\t\t<div class=\"elementor-button-wrapper\">\n\t\t\t\t\t<a class=\"elementor-button elementor-button-link elementor-size-sm\" href=\"https:\/\/hotelhappy.rs\/en\/contact\/\">\n\t\t\t\t\t\t<span class=\"elementor-button-content-wrapper\">\n\t\t\t\t\t\t\t\t\t<span class=\"elementor-button-text\">BOOK ACCOMMODATION<\/span>\n\t\t\t\t\t<\/span>\n\t\t\t\t\t<\/a>\n\t\t\t\t<\/div>\n\t\t\t\t\t\t\t\t<\/div>\n\t\t\t\t<\/div>\n\t\t\t\t\t<\/div>\n\t\t<\/div>\n\t\t\t\t\t<\/div>\n\t\t<\/section>\n\t\t\t\t<\/div>","protected":false},"excerpt":{"rendered":"<p>Petrla\u0161ke pe\u0107ine Pe\u0107ine su oduvek izazivale strahopo\u0161tovanje i divljenje kod ljudi. Fascinantna geolo\u0161ka \u010duda koja \u010desto kriju razne tajne duboko ispod povr\u0161ne. Ove prirodne formacije predstavljaju izuzetno kompleksan i interesantan deo na\u0161e planete, pru\u017eaju\u0107i uvid u dugu geolo\u0161ku istoriju i procese koji su oblikovali svet oko nas. Pe\u0107ine se mogu nalaziti svuda, kako u planinskim [&hellip;]<\/p>\n","protected":false},"author":1,"featured_media":0,"parent":621,"menu_order":0,"comment_status":"closed","ping_status":"closed","template":"","meta":{"site-sidebar-layout":"no-sidebar","site-content-layout":"page-builder","ast-site-content-layout":"full-width-container","site-content-style":"default","site-sidebar-style":"default","ast-global-header-display":"","ast-banner-title-visibility":"","ast-main-header-display":"","ast-hfb-above-header-display":"","ast-hfb-below-header-display":"","ast-hfb-mobile-header-display":"","site-post-title":"disabled","ast-breadcrumbs-content":"","ast-featured-img":"disabled","footer-sml-layout":"","ast-disable-related-posts":"","theme-transparent-header-meta":"","adv-header-id-meta":"","stick-header-meta":"","header-above-stick-meta":"","header-main-stick-meta":"","header-below-stick-meta":"","astra-migrate-meta-layouts":"set","ast-page-background-enabled":"default","ast-page-background-meta":{"desktop":{"background-color":"","background-image":"","background-repeat":"repeat","background-position":"center center","background-size":"auto","background-attachment":"scroll","background-type":"","background-media":"","overlay-type":"","overlay-color":"","overlay-opacity":"","overlay-gradient":""},"tablet":{"background-color":"","background-image":"","background-repeat":"repeat","background-position":"center center","background-size":"auto","background-attachment":"scroll","background-type":"","background-media":"","overlay-type":"","overlay-color":"","overlay-opacity":"","overlay-gradient":""},"mobile":{"background-color":"","background-image":"","background-repeat":"repeat","background-position":"center center","background-size":"auto","background-attachment":"scroll","background-type":"","background-media":"","overlay-type":"","overlay-color":"","overlay-opacity":"","overlay-gradient":""}},"ast-content-background-meta":{"desktop":{"background-color":"var(--ast-global-color-5)","background-image":"","background-repeat":"repeat","background-position":"center center","background-size":"auto","background-attachment":"scroll","background-type":"","background-media":"","overlay-type":"","overlay-color":"","overlay-opacity":"","overlay-gradient":""},"tablet":{"background-color":"var(--ast-global-color-5)","background-image":"","background-repeat":"repeat","background-position":"center center","background-size":"auto","background-attachment":"scroll","background-type":"","background-media":"","overlay-type":"","overlay-color":"","overlay-opacity":"","overlay-gradient":""},"mobile":{"background-color":"var(--ast-global-color-5)","background-image":"","background-repeat":"repeat","background-position":"center center","background-size":"auto","background-attachment":"scroll","background-type":"","background-media":"","overlay-type":"","overlay-color":"","overlay-opacity":"","overlay-gradient":""}},"footnotes":""},"class_list":["post-3490","page","type-page","status-publish","hentry"],"yoast_head":"<!-- This site is optimized with the Yoast SEO plugin v27.5 - https:\/\/yoast.com\/product\/yoast-seo-wordpress\/ -->\n<title>Petrla\u0161ke pe\u0107ine - Hotel Happy Dimitrovgrad Va\u0161 vodi\u010d<\/title>\n<meta name=\"description\" content=\"Petrla\u0161ke pe\u0107ine nalaze se na 15 km od Dimitrovgrada. Posetite ovaj prirodni fenomen koji obiluje stalagmitima i stalaktitima.\" \/>\n<meta name=\"robots\" content=\"index, follow, max-snippet:-1, max-image-preview:large, max-video-preview:-1\" \/>\n<link rel=\"canonical\" href=\"https:\/\/hotelhappy.rs\/en\/tourist-attractions\/petrlaske-caves\/\" \/>\n<meta property=\"og:locale\" content=\"en_US\" \/>\n<meta property=\"og:type\" content=\"article\" \/>\n<meta property=\"og:title\" content=\"Petrla\u0161ke pe\u0107ine - Hotel Happy Dimitrovgrad Va\u0161 vodi\u010d\" \/>\n<meta property=\"og:description\" content=\"Petrla\u0161ke pe\u0107ine nalaze se na 15 km od Dimitrovgrada. Posetite ovaj prirodni fenomen koji obiluje stalagmitima i stalaktitima.\" \/>\n<meta property=\"og:url\" content=\"https:\/\/hotelhappy.rs\/en\/tourist-attractions\/petrlaske-caves\/\" \/>\n<meta property=\"og:site_name\" content=\"hotelhappy\" \/>\n<meta property=\"article:publisher\" content=\"https:\/\/www.facebook.com\/hotelhappy.rs\/\" \/>\n<meta property=\"article:modified_time\" content=\"2024-03-02T16:28:25+00:00\" \/>\n<meta property=\"og:image\" content=\"https:\/\/hotelhappy.rs\/wp-content\/uploads\/2024\/03\/petrlaske-pecine.jpg\" \/>\n<meta name=\"twitter:card\" content=\"summary_large_image\" \/>\n<meta name=\"twitter:label1\" content=\"Est. reading time\" \/>\n\t<meta name=\"twitter:data1\" content=\"2 minutes\" \/>\n<script type=\"application\/ld+json\" class=\"yoast-schema-graph\">{\"@context\":\"https:\\\/\\\/schema.org\",\"@graph\":[{\"@type\":\"WebPage\",\"@id\":\"https:\\\/\\\/hotelhappy.rs\\\/turisticke-atrakcije\\\/petrlaske-pecine\\\/\",\"url\":\"https:\\\/\\\/hotelhappy.rs\\\/turisticke-atrakcije\\\/petrlaske-pecine\\\/\",\"name\":\"Petrla\u0161ke pe\u0107ine - Hotel Happy Dimitrovgrad Va\u0161 vodi\u010d\",\"isPartOf\":{\"@id\":\"http:\\\/\\\/hotelhappy.rs\\\/#website\"},\"primaryImageOfPage\":{\"@id\":\"https:\\\/\\\/hotelhappy.rs\\\/turisticke-atrakcije\\\/petrlaske-pecine\\\/#primaryimage\"},\"image\":{\"@id\":\"https:\\\/\\\/hotelhappy.rs\\\/turisticke-atrakcije\\\/petrlaske-pecine\\\/#primaryimage\"},\"thumbnailUrl\":\"https:\\\/\\\/hotelhappy.rs\\\/wp-content\\\/uploads\\\/2024\\\/03\\\/petrlaske-pecine.jpg\",\"datePublished\":\"2024-03-02T08:34:02+00:00\",\"dateModified\":\"2024-03-02T16:28:25+00:00\",\"description\":\"Petrla\u0161ke pe\u0107ine nalaze se na 15 km od Dimitrovgrada. Posetite ovaj prirodni fenomen koji obiluje stalagmitima i stalaktitima.\",\"breadcrumb\":{\"@id\":\"https:\\\/\\\/hotelhappy.rs\\\/turisticke-atrakcije\\\/petrlaske-pecine\\\/#breadcrumb\"},\"inLanguage\":\"en-US\",\"potentialAction\":[{\"@type\":\"ReadAction\",\"target\":[\"https:\\\/\\\/hotelhappy.rs\\\/turisticke-atrakcije\\\/petrlaske-pecine\\\/\"]}]},{\"@type\":\"ImageObject\",\"inLanguage\":\"en-US\",\"@id\":\"https:\\\/\\\/hotelhappy.rs\\\/turisticke-atrakcije\\\/petrlaske-pecine\\\/#primaryimage\",\"url\":\"https:\\\/\\\/hotelhappy.rs\\\/wp-content\\\/uploads\\\/2024\\\/03\\\/petrlaske-pecine.jpg\",\"contentUrl\":\"https:\\\/\\\/hotelhappy.rs\\\/wp-content\\\/uploads\\\/2024\\\/03\\\/petrlaske-pecine.jpg\"},{\"@type\":\"BreadcrumbList\",\"@id\":\"https:\\\/\\\/hotelhappy.rs\\\/turisticke-atrakcije\\\/petrlaske-pecine\\\/#breadcrumb\",\"itemListElement\":[{\"@type\":\"ListItem\",\"position\":1,\"name\":\"Home\",\"item\":\"https:\\\/\\\/hotelhappy.rs\\\/\"},{\"@type\":\"ListItem\",\"position\":2,\"name\":\"TURISTI\u010cKE ATRAKCIJE\",\"item\":\"https:\\\/\\\/hotelhappy.rs\\\/turisticke-atrakcije\\\/\"},{\"@type\":\"ListItem\",\"position\":3,\"name\":\"Petrla\u0161ke pe\u0107ine\"}]},{\"@type\":\"WebSite\",\"@id\":\"http:\\\/\\\/hotelhappy.rs\\\/#website\",\"url\":\"http:\\\/\\\/hotelhappy.rs\\\/\",\"name\":\"hotelhappy\",\"description\":\"hotelhappy\",\"publisher\":{\"@id\":\"http:\\\/\\\/hotelhappy.rs\\\/#organization\"},\"potentialAction\":[{\"@type\":\"SearchAction\",\"target\":{\"@type\":\"EntryPoint\",\"urlTemplate\":\"http:\\\/\\\/hotelhappy.rs\\\/?s={search_term_string}\"},\"query-input\":{\"@type\":\"PropertyValueSpecification\",\"valueRequired\":true,\"valueName\":\"search_term_string\"}}],\"inLanguage\":\"en-US\"},{\"@type\":\"Organization\",\"@id\":\"http:\\\/\\\/hotelhappy.rs\\\/#organization\",\"name\":\"hotelhappy\",\"url\":\"http:\\\/\\\/hotelhappy.rs\\\/\",\"logo\":{\"@type\":\"ImageObject\",\"inLanguage\":\"en-US\",\"@id\":\"http:\\\/\\\/hotelhappy.rs\\\/#\\\/schema\\\/logo\\\/image\\\/\",\"url\":\"https:\\\/\\\/i0.wp.com\\\/hotelhappy.rs\\\/wp-content\\\/uploads\\\/2023\\\/01\\\/cropped-LOGO-HOTEL-HAPPY.png?fit=2011%2C2011&ssl=1\",\"contentUrl\":\"https:\\\/\\\/i0.wp.com\\\/hotelhappy.rs\\\/wp-content\\\/uploads\\\/2023\\\/01\\\/cropped-LOGO-HOTEL-HAPPY.png?fit=2011%2C2011&ssl=1\",\"width\":2011,\"height\":2011,\"caption\":\"hotelhappy\"},\"image\":{\"@id\":\"http:\\\/\\\/hotelhappy.rs\\\/#\\\/schema\\\/logo\\\/image\\\/\"},\"sameAs\":[\"https:\\\/\\\/www.facebook.com\\\/hotelhappy.rs\\\/\",\"https:\\\/\\\/www.instagram.com\\\/hotelhappy.rs\\\/\"]}]}<\/script>\n<!-- \/ Yoast SEO plugin. -->","yoast_head_json":{"title":"Petrla\u0161ke Caves - Hotel Happy Dimitrovgrad your guide","description":"The Petrla\u0161ke Caves are located 15 km from Dimitrovgrad. Visit this natural phenomenon that abounds with stalagmites and stalactites.","robots":{"index":"index","follow":"follow","max-snippet":"max-snippet:-1","max-image-preview":"max-image-preview:large","max-video-preview":"max-video-preview:-1"},"canonical":"https:\/\/hotelhappy.rs\/en\/tourist-attractions\/petrlaske-caves\/","og_locale":"en_US","og_type":"article","og_title":"Petrla\u0161ke pe\u0107ine - Hotel Happy Dimitrovgrad Va\u0161 vodi\u010d","og_description":"Petrla\u0161ke pe\u0107ine nalaze se na 15 km od Dimitrovgrada. Posetite ovaj prirodni fenomen koji obiluje stalagmitima i stalaktitima.","og_url":"https:\/\/hotelhappy.rs\/en\/tourist-attractions\/petrlaske-caves\/","og_site_name":"hotelhappy","article_publisher":"https:\/\/www.facebook.com\/hotelhappy.rs\/","article_modified_time":"2024-03-02T16:28:25+00:00","og_image":[{"url":"https:\/\/hotelhappy.rs\/wp-content\/uploads\/2024\/03\/petrlaske-pecine.jpg","type":"","width":"","height":""}],"twitter_card":"summary_large_image","twitter_misc":{"Est. reading time":"2 minutes"},"schema":{"@context":"https:\/\/schema.org","@graph":[{"@type":"WebPage","@id":"https:\/\/hotelhappy.rs\/turisticke-atrakcije\/petrlaske-pecine\/","url":"https:\/\/hotelhappy.rs\/turisticke-atrakcije\/petrlaske-pecine\/","name":"Petrla\u0161ke Caves - Hotel Happy Dimitrovgrad your guide","isPartOf":{"@id":"http:\/\/hotelhappy.rs\/#website"},"primaryImageOfPage":{"@id":"https:\/\/hotelhappy.rs\/turisticke-atrakcije\/petrlaske-pecine\/#primaryimage"},"image":{"@id":"https:\/\/hotelhappy.rs\/turisticke-atrakcije\/petrlaske-pecine\/#primaryimage"},"thumbnailUrl":"https:\/\/hotelhappy.rs\/wp-content\/uploads\/2024\/03\/petrlaske-pecine.jpg","datePublished":"2024-03-02T08:34:02+00:00","dateModified":"2024-03-02T16:28:25+00:00","description":"The Petrla\u0161ke Caves are located 15 km from Dimitrovgrad. Visit this natural phenomenon that abounds with stalagmites and stalactites.","breadcrumb":{"@id":"https:\/\/hotelhappy.rs\/turisticke-atrakcije\/petrlaske-pecine\/#breadcrumb"},"inLanguage":"en-US","potentialAction":[{"@type":"ReadAction","target":["https:\/\/hotelhappy.rs\/turisticke-atrakcije\/petrlaske-pecine\/"]}]},{"@type":"ImageObject","inLanguage":"en-US","@id":"https:\/\/hotelhappy.rs\/turisticke-atrakcije\/petrlaske-pecine\/#primaryimage","url":"https:\/\/hotelhappy.rs\/wp-content\/uploads\/2024\/03\/petrlaske-pecine.jpg","contentUrl":"https:\/\/hotelhappy.rs\/wp-content\/uploads\/2024\/03\/petrlaske-pecine.jpg"},{"@type":"BreadcrumbList","@id":"https:\/\/hotelhappy.rs\/turisticke-atrakcije\/petrlaske-pecine\/#breadcrumb","itemListElement":[{"@type":"ListItem","position":1,"name":"Home","item":"https:\/\/hotelhappy.rs\/"},{"@type":"ListItem","position":2,"name":"TURISTI\u010cKE ATRAKCIJE","item":"https:\/\/hotelhappy.rs\/turisticke-atrakcije\/"},{"@type":"ListItem","position":3,"name":"Petrla\u0161ke pe\u0107ine"}]},{"@type":"WebSite","@id":"http:\/\/hotelhappy.rs\/#website","url":"http:\/\/hotelhappy.rs\/","name":"hotelhappy","description":"hotelhappy","publisher":{"@id":"http:\/\/hotelhappy.rs\/#organization"},"potentialAction":[{"@type":"SearchAction","target":{"@type":"EntryPoint","urlTemplate":"http:\/\/hotelhappy.rs\/?s={search_term_string}"},"query-input":{"@type":"PropertyValueSpecification","valueRequired":true,"valueName":"search_term_string"}}],"inLanguage":"en-US"},{"@type":"Organization","@id":"http:\/\/hotelhappy.rs\/#organization","name":"hotelhappy","url":"http:\/\/hotelhappy.rs\/","logo":{"@type":"ImageObject","inLanguage":"en-US","@id":"http:\/\/hotelhappy.rs\/#\/schema\/logo\/image\/","url":"https:\/\/i0.wp.com\/hotelhappy.rs\/wp-content\/uploads\/2023\/01\/cropped-LOGO-HOTEL-HAPPY.png?fit=2011%2C2011&ssl=1","contentUrl":"https:\/\/i0.wp.com\/hotelhappy.rs\/wp-content\/uploads\/2023\/01\/cropped-LOGO-HOTEL-HAPPY.png?fit=2011%2C2011&ssl=1","width":2011,"height":2011,"caption":"hotelhappy"},"image":{"@id":"http:\/\/hotelhappy.rs\/#\/schema\/logo\/image\/"},"sameAs":["https:\/\/www.facebook.com\/hotelhappy.rs\/","https:\/\/www.instagram.com\/hotelhappy.rs\/"]}]}},"jetpack_sharing_enabled":true,"_links":{"self":[{"href":"https:\/\/hotelhappy.rs\/en\/wp-json\/wp\/v2\/pages\/3490","targetHints":{"allow":["GET"]}}],"collection":[{"href":"https:\/\/hotelhappy.rs\/en\/wp-json\/wp\/v2\/pages"}],"about":[{"href":"https:\/\/hotelhappy.rs\/en\/wp-json\/wp\/v2\/types\/page"}],"author":[{"embeddable":true,"href":"https:\/\/hotelhappy.rs\/en\/wp-json\/wp\/v2\/users\/1"}],"replies":[{"embeddable":true,"href":"https:\/\/hotelhappy.rs\/en\/wp-json\/wp\/v2\/comments?post=3490"}],"version-history":[{"count":5,"href":"https:\/\/hotelhappy.rs\/en\/wp-json\/wp\/v2\/pages\/3490\/revisions"}],"predecessor-version":[{"id":3502,"href":"https:\/\/hotelhappy.rs\/en\/wp-json\/wp\/v2\/pages\/3490\/revisions\/3502"}],"up":[{"embeddable":true,"href":"https:\/\/hotelhappy.rs\/en\/wp-json\/wp\/v2\/pages\/621"}],"wp:attachment":[{"href":"https:\/\/hotelhappy.rs\/en\/wp-json\/wp\/v2\/media?parent=3490"}],"curies":[{"name":"wp","href":"https:\/\/api.w.org\/{rel}","templated":true}]}}