{"id":3522,"date":"2024-04-12T12:18:41","date_gmt":"2024-04-12T10:18:41","guid":{"rendered":"https:\/\/hotelhappy.rs\/?page_id=3522"},"modified":"2025-05-15T16:30:15","modified_gmt":"2025-05-15T14:30:15","slug":"vodopad-skok","status":"publish","type":"page","link":"https:\/\/hotelhappy.rs\/en\/turisticke-atrakcije\/vodopad-skok\/","title":{"rendered":"Skok Waterfall"},"content":{"rendered":"<div data-elementor-type=\"wp-page\" data-elementor-id=\"3522\" class=\"elementor elementor-3522\">\n\t\t\t\t\t\t<section class=\"elementor-section elementor-top-section elementor-element elementor-element-296293ed elementor-section-boxed elementor-section-height-default elementor-section-height-default\" data-id=\"296293ed\" data-element_type=\"section\" data-e-type=\"section\" data-settings=\"{&quot;background_background&quot;:&quot;classic&quot;}\">\n\t\t\t\t\t\t\t<div class=\"elementor-background-overlay\"><\/div>\n\t\t\t\t\t\t\t<div class=\"elementor-container elementor-column-gap-default\">\n\t\t\t\t\t<div class=\"elementor-column elementor-col-100 elementor-top-column elementor-element elementor-element-7709bff8\" data-id=\"7709bff8\" data-element_type=\"column\" data-e-type=\"column\">\n\t\t\t<div class=\"elementor-widget-wrap elementor-element-populated\">\n\t\t\t\t\t\t<div class=\"elementor-element elementor-element-5f7b683c elementor-widget elementor-widget-heading\" data-id=\"5f7b683c\" data-element_type=\"widget\" data-e-type=\"widget\" data-widget_type=\"heading.default\">\n\t\t\t\t<div class=\"elementor-widget-container\">\n\t\t\t\t\t<h1 class=\"elementor-heading-title elementor-size-default\">Skok Waterfall<\/h1>\t\t\t\t<\/div>\n\t\t\t\t<\/div>\n\t\t\t\t\t<\/div>\n\t\t<\/div>\n\t\t\t\t\t<\/div>\n\t\t<\/section>\n\t\t\t\t<section class=\"elementor-section elementor-top-section elementor-element elementor-element-1031fe6b elementor-section-boxed elementor-section-height-default elementor-section-height-default\" data-id=\"1031fe6b\" data-element_type=\"section\" data-e-type=\"section\">\n\t\t\t\t\t\t<div class=\"elementor-container elementor-column-gap-default\">\n\t\t\t\t\t<div class=\"elementor-column elementor-col-100 elementor-top-column elementor-element elementor-element-33dc0733\" data-id=\"33dc0733\" data-element_type=\"column\" data-e-type=\"column\">\n\t\t\t<div class=\"elementor-widget-wrap elementor-element-populated\">\n\t\t\t\t\t\t<div class=\"elementor-element elementor-element-34ccd611 elementor-widget elementor-widget-text-editor\" data-id=\"34ccd611\" data-element_type=\"widget\" data-e-type=\"widget\" data-widget_type=\"text-editor.default\">\n\t\t\t\t<div class=\"elementor-widget-container\">\n\t\t\t\t\t\t\t\t\t<p>In waterfalls, nature manifests its power and elegance in a breathtaking manner. These spectacular natural phenomena have captivated the attention and admiration of people worldwide for centuries, evoking wonder and inspiration. Waterfalls are more than just streams of water cascading down cliffs; they are symbols of strength, beauty, and constant change. Their force and vitality remind us of the power of nature that shapes our world, simultaneously immersing us in the mystical realm of water and forests.<\/p><p>Intimately connected to the ecosystems surrounding them, waterfalls represent a vital part of the natural balance, providing life and resources to many plants and animals. Their presence creates unique habitats that support a wealth of biodiversity, making them valuable centres of ecological equilibrium.<\/p><p>While waterfalls are often considered places of peace and reflection, their powerful energy can awaken in us a sense of awe and respect for nature. This is the case with the Skok Waterfall.<\/p>\t\t\t\t\t\t\t\t<\/div>\n\t\t\t\t<\/div>\n\t\t\t\t<div class=\"elementor-element elementor-element-5cad066b elementor-widget elementor-widget-image\" data-id=\"5cad066b\" data-element_type=\"widget\" data-e-type=\"widget\" data-widget_type=\"image.default\">\n\t\t\t\t<div class=\"elementor-widget-container\">\n\t\t\t\t\t\t\t\t\t\t\t\t\t\t\t<img fetchpriority=\"high\" decoding=\"async\" width=\"750\" height=\"563\" src=\"https:\/\/i0.wp.com\/hotelhappy.rs\/wp-content\/uploads\/2024\/06\/Vodopad-skok-1.jpg?fit=750%2C563&amp;ssl=1\" class=\"attachment-large size-large wp-image-3617\" alt=\"Skok Waterfall\" srcset=\"https:\/\/i0.wp.com\/hotelhappy.rs\/wp-content\/uploads\/2024\/06\/Vodopad-skok-1.jpg?w=750&amp;ssl=1 750w, https:\/\/i0.wp.com\/hotelhappy.rs\/wp-content\/uploads\/2024\/06\/Vodopad-skok-1.jpg?resize=300%2C225&amp;ssl=1 300w, https:\/\/i0.wp.com\/hotelhappy.rs\/wp-content\/uploads\/2024\/06\/Vodopad-skok-1.jpg?resize=16%2C12&amp;ssl=1 16w\" sizes=\"(max-width: 750px) 100vw, 750px\" \/>\t\t\t\t\t\t\t\t\t\t\t\t\t\t\t<\/div>\n\t\t\t\t<\/div>\n\t\t\t\t<div class=\"elementor-element elementor-element-58b6ebe8 elementor-widget elementor-widget-heading\" data-id=\"58b6ebe8\" data-element_type=\"widget\" data-e-type=\"widget\" data-widget_type=\"heading.default\">\n\t\t\t\t<div class=\"elementor-widget-container\">\n\t\t\t\t\t<h2 class=\"elementor-heading-title elementor-size-default\">Where is Skok Waterfall located?<\/h2>\t\t\t\t<\/div>\n\t\t\t\t<\/div>\n\t\t\t\t<div class=\"elementor-element elementor-element-74a1335e elementor-widget elementor-widget-text-editor\" data-id=\"74a1335e\" data-element_type=\"widget\" data-e-type=\"widget\" data-widget_type=\"text-editor.default\">\n\t\t\t\t<div class=\"elementor-widget-container\">\n\t\t\t\t\t\t\t\t\t<p>Located approximately 40 kilometers from Dimitrovgrad, in the 'Stara Planina' natural reserve, Skok Waterfall is situated. More precisely, it lies on the Vodeni\u010dka River, about 4 kilometers from the village of Senkos towards the mountain peak of Srebrna glava. The path to it leads through a beautiful forest, enhancing the feeling of connection with nature. The waterfall can only be reached on foot or by suitable off-road vehicles.\u00a0<\/p><p>The journey from the village to the waterfall begins on a wide dirt road, about 3 kilometers long, which crosses a river at one point where you traverse over stones and an improvised bridge. The last kilometer follows a trail along the Vodeni\u010dka River until the junction for the waterfall, which is visible from the trail. Following the signs posted along this route will help you reach your desired destination more easily.<\/p>\t\t\t\t\t\t\t\t<\/div>\n\t\t\t\t<\/div>\n\t\t\t\t<div class=\"elementor-element elementor-element-75851b8d elementor-widget elementor-widget-heading\" data-id=\"75851b8d\" data-element_type=\"widget\" data-e-type=\"widget\" data-widget_type=\"heading.default\">\n\t\t\t\t<div class=\"elementor-widget-container\">\n\t\t\t\t\t<h2 class=\"elementor-heading-title elementor-size-default\">About the waterfall<\/h2>\t\t\t\t<\/div>\n\t\t\t\t<\/div>\n\t\t\t\t<div class=\"elementor-element elementor-element-2da7190f elementor-widget elementor-widget-text-editor\" data-id=\"2da7190f\" data-element_type=\"widget\" data-e-type=\"widget\" data-widget_type=\"text-editor.default\">\n\t\t\t\t<div class=\"elementor-widget-container\">\n\t\t\t\t\t\t\t\t\t<p>The waterfall is 10 meters high and represents a true natural attraction. What is specific about Skok Waterfall, setting it apart from other waterfalls, is that due to the specific shape of the rocks, it is possible to walk behind it. Such a maneuver requires a certain level of readiness and concentration, but it is definitely worth it, providing a feeling as if you are in a movie.\u00a0<\/p><p>Surrounded by rich forest vegetation, it contributes to a sense of peace and harmony with nature. It is a favorite spot for photographers and nature lovers, offering beautiful scenery throughout the year. Because of its beauty and accessibility, it has earned the title of the most popular waterfall in the Dimitrovgrad municipality.<\/p>\t\t\t\t\t\t\t\t<\/div>\n\t\t\t\t<\/div>\n\t\t\t\t<div class=\"elementor-element elementor-element-2892f70e elementor-widget elementor-widget-heading\" data-id=\"2892f70e\" data-element_type=\"widget\" data-e-type=\"widget\" data-widget_type=\"heading.default\">\n\t\t\t\t<div class=\"elementor-widget-container\">\n\t\t\t\t\t<h2 class=\"elementor-heading-title elementor-size-default\">When to visit Skok Waterfall?<\/h2>\t\t\t\t<\/div>\n\t\t\t\t<\/div>\n\t\t\t\t<div class=\"elementor-element elementor-element-27d5a022 elementor-widget elementor-widget-text-editor\" data-id=\"27d5a022\" data-element_type=\"widget\" data-e-type=\"widget\" data-widget_type=\"text-editor.default\">\n\t\t\t\t<div class=\"elementor-widget-container\">\n\t\t\t\t\t\t\t\t\t<p>Skok Waterfall on the Vodeni\u010dka River is attractive throughout the year, but it is most beautiful to visit during winter. During this time, the waterfall is often encased in ice, providing a magical sight. The winter atmosphere adds a special charm, and the icy formations make the scene even more impressive. However, summer also has its charm, as you can enjoy the refreshing water and lush nature around the waterfall. Any time of year is suitable for a visit, but many consider the winter months the best time to explore this natural wonder.<\/p>\t\t\t\t\t\t\t\t<\/div>\n\t\t\t\t<\/div>\n\t\t\t\t<div class=\"elementor-element elementor-element-37190120 elementor-widget elementor-widget-heading\" data-id=\"37190120\" data-element_type=\"widget\" data-e-type=\"widget\" data-widget_type=\"heading.default\">\n\t\t\t\t<div class=\"elementor-widget-container\">\n\t\t\t\t\t<h2 class=\"elementor-heading-title elementor-size-default\">Conclusion<\/h2>\t\t\t\t<\/div>\n\t\t\t\t<\/div>\n\t\t\t\t<div class=\"elementor-element elementor-element-336ed943 elementor-widget elementor-widget-text-editor\" data-id=\"336ed943\" data-element_type=\"widget\" data-e-type=\"widget\" data-widget_type=\"text-editor.default\">\n\t\t\t\t<div class=\"elementor-widget-container\">\n\t\t\t\t\t\t\t\t\t<p>If you are a nature lover and adventurer, be sure to visit the enchanting Skok Waterfall, which offers an unforgettable experience of enjoying the natural environment. We invite you to stay in&nbsp;<a href=\"https:\/\/hotelhappy.rs\/en\/rooms\/\" target=\"_blank\" rel=\"noopener\"><u><i>accommodation<\/i><\/u><\/a>&nbsp;at the Hotel Happy Dimitrovgrad after (or before) this adventure, where you will be greeted with another prism of adventure, the adventure of comfort and convenience offered by our hotel.&nbsp;<span style=\"font-style: inherit; font-weight: inherit; background-color: var(--ast-global-color-4);\">In addition,&nbsp;<\/span><a style=\"font-style: inherit; font-weight: inherit;\" href=\"https:\/\/hotelhappy.rs\/en\/restaurant\/\" target=\"_blank\" rel=\"noopener\"><u><i>restaurant<\/i><\/u><\/a><span style=\"font-style: inherit; font-weight: inherit; background-color: var(--ast-global-color-4);\">&nbsp;you can enjoy a rich range of traditional recipes specific to this region of Serbia.&nbsp;<\/span><span style=\"font-style: inherit; font-weight: inherit; background-color: var(--ast-global-color-4);\">For any additional information, the hotel's friendly staff is at your disposal. See you soon.<\/span><\/p>\t\t\t\t\t\t\t\t<\/div>\n\t\t\t\t<\/div>\n\t\t\t\t<div class=\"elementor-element elementor-element-58f5338a elementor-widget elementor-widget-spacer\" data-id=\"58f5338a\" data-element_type=\"widget\" data-e-type=\"widget\" data-widget_type=\"spacer.default\">\n\t\t\t\t<div class=\"elementor-widget-container\">\n\t\t\t\t\t\t\t<div class=\"elementor-spacer\">\n\t\t\t<div class=\"elementor-spacer-inner\"><\/div>\n\t\t<\/div>\n\t\t\t\t\t\t<\/div>\n\t\t\t\t<\/div>\n\t\t\t\t\t<\/div>\n\t\t<\/div>\n\t\t\t\t\t<\/div>\n\t\t<\/section>\n\t\t\t\t<section class=\"elementor-section elementor-top-section elementor-element elementor-element-6b485592 elementor-section-boxed elementor-section-height-default elementor-section-height-default\" data-id=\"6b485592\" data-element_type=\"section\" data-e-type=\"section\" data-settings=\"{&quot;background_background&quot;:&quot;classic&quot;}\">\n\t\t\t\t\t\t\t<div class=\"elementor-background-overlay\"><\/div>\n\t\t\t\t\t\t\t<div class=\"elementor-container elementor-column-gap-no\">\n\t\t\t\t\t<div class=\"elementor-column elementor-col-100 elementor-top-column elementor-element elementor-element-2aa50d72\" data-id=\"2aa50d72\" data-element_type=\"column\" data-e-type=\"column\">\n\t\t\t<div class=\"elementor-widget-wrap elementor-element-populated\">\n\t\t\t\t\t\t<div class=\"elementor-element elementor-element-70f1e26f elementor-widget elementor-widget-heading\" data-id=\"70f1e26f\" data-element_type=\"widget\" data-e-type=\"widget\" data-widget_type=\"heading.default\">\n\t\t\t\t<div class=\"elementor-widget-container\">\n\t\t\t\t\t<h2 class=\"elementor-heading-title elementor-size-default\">Plan your unforgettable Happy experience today!<\/h2>\t\t\t\t<\/div>\n\t\t\t\t<\/div>\n\t\t\t\t<div class=\"elementor-element elementor-element-197129e9 elementor-align-center elementor-widget elementor-widget-button\" data-id=\"197129e9\" data-element_type=\"widget\" data-e-type=\"widget\" data-widget_type=\"button.default\">\n\t\t\t\t<div class=\"elementor-widget-container\">\n\t\t\t\t\t\t\t\t\t<div class=\"elementor-button-wrapper\">\n\t\t\t\t\t<a class=\"elementor-button elementor-button-link elementor-size-sm\" href=\"https:\/\/hotelhappy.rs\/en\/contact\/\">\n\t\t\t\t\t\t<span class=\"elementor-button-content-wrapper\">\n\t\t\t\t\t\t\t\t\t<span class=\"elementor-button-text\">BOOK ACCOMMODATION<\/span>\n\t\t\t\t\t<\/span>\n\t\t\t\t\t<\/a>\n\t\t\t\t<\/div>\n\t\t\t\t\t\t\t\t<\/div>\n\t\t\t\t<\/div>\n\t\t\t\t\t<\/div>\n\t\t<\/div>\n\t\t\t\t\t<\/div>\n\t\t<\/section>\n\t\t\t\t<\/div>","protected":false},"excerpt":{"rendered":"<p>Vodopad Skok U vodopadima priroda manifestuje svoju mo\u0107 i eleganciju na na\u010din koji ostavlja bez daha. Ovi spektakularni prirodni fenomeni ve\u0107 vekovima privla\u010de pa\u017enju i divljenje ljudi \u0161irom sveta, izazivaju\u0107i \u010du\u0111enje i inspiraciju. Vodopadi su vi\u0161e od samo strujanja vode niz litice, oni su simbol snage, lepote i neprestane promene. Njihova sila i \u017eivost podse\u0107a [&hellip;]<\/p>\n","protected":false},"author":1,"featured_media":0,"parent":621,"menu_order":0,"comment_status":"closed","ping_status":"closed","template":"","meta":{"site-sidebar-layout":"no-sidebar","site-content-layout":"page-builder","ast-site-content-layout":"full-width-container","site-content-style":"default","site-sidebar-style":"default","ast-global-header-display":"","ast-banner-title-visibility":"","ast-main-header-display":"","ast-hfb-above-header-display":"","ast-hfb-below-header-display":"","ast-hfb-mobile-header-display":"","site-post-title":"disabled","ast-breadcrumbs-content":"","ast-featured-img":"disabled","footer-sml-layout":"","ast-disable-related-posts":"","theme-transparent-header-meta":"","adv-header-id-meta":"","stick-header-meta":"","header-above-stick-meta":"","header-main-stick-meta":"","header-below-stick-meta":"","astra-migrate-meta-layouts":"set","ast-page-background-enabled":"default","ast-page-background-meta":{"desktop":{"background-color":"","background-image":"","background-repeat":"repeat","background-position":"center center","background-size":"auto","background-attachment":"scroll","background-type":"","background-media":"","overlay-type":"","overlay-color":"","overlay-opacity":"","overlay-gradient":""},"tablet":{"background-color":"","background-image":"","background-repeat":"repeat","background-position":"center center","background-size":"auto","background-attachment":"scroll","background-type":"","background-media":"","overlay-type":"","overlay-color":"","overlay-opacity":"","overlay-gradient":""},"mobile":{"background-color":"","background-image":"","background-repeat":"repeat","background-position":"center center","background-size":"auto","background-attachment":"scroll","background-type":"","background-media":"","overlay-type":"","overlay-color":"","overlay-opacity":"","overlay-gradient":""}},"ast-content-background-meta":{"desktop":{"background-color":"var(--ast-global-color-5)","background-image":"","background-repeat":"repeat","background-position":"center center","background-size":"auto","background-attachment":"scroll","background-type":"","background-media":"","overlay-type":"","overlay-color":"","overlay-opacity":"","overlay-gradient":""},"tablet":{"background-color":"var(--ast-global-color-5)","background-image":"","background-repeat":"repeat","background-position":"center center","background-size":"auto","background-attachment":"scroll","background-type":"","background-media":"","overlay-type":"","overlay-color":"","overlay-opacity":"","overlay-gradient":""},"mobile":{"background-color":"var(--ast-global-color-5)","background-image":"","background-repeat":"repeat","background-position":"center center","background-size":"auto","background-attachment":"scroll","background-type":"","background-media":"","overlay-type":"","overlay-color":"","overlay-opacity":"","overlay-gradient":""}},"footnotes":""},"class_list":["post-3522","page","type-page","status-publish","hentry"],"yoast_head":"<!-- This site is optimized with the Yoast SEO plugin v27.5 - https:\/\/yoast.com\/product\/yoast-seo-wordpress\/ -->\n<title>Vodopad Skok - Hotel Happy Dimitrovgrad Va\u0161 vodi\u010d<\/title>\n<meta name=\"description\" content=\"Otkrijte \u010daroban Vodopad Skok na 40km od Dimitrovgrada - prirodni fenomen koji oduzima dah svojom snagom i lepotom\" \/>\n<meta name=\"robots\" content=\"index, follow, max-snippet:-1, max-image-preview:large, max-video-preview:-1\" \/>\n<link rel=\"canonical\" href=\"https:\/\/hotelhappy.rs\/en\/tourist-attractions\/waterfall-skok\/\" \/>\n<meta property=\"og:locale\" content=\"en_US\" \/>\n<meta property=\"og:type\" content=\"article\" \/>\n<meta property=\"og:title\" content=\"Vodopad Skok - Hotel Happy Dimitrovgrad Va\u0161 vodi\u010d\" \/>\n<meta property=\"og:description\" content=\"Otkrijte \u010daroban Vodopad Skok na 40km od Dimitrovgrada - prirodni fenomen koji oduzima dah svojom snagom i lepotom\" \/>\n<meta property=\"og:url\" content=\"https:\/\/hotelhappy.rs\/en\/tourist-attractions\/waterfall-skok\/\" \/>\n<meta property=\"og:site_name\" content=\"hotelhappy\" \/>\n<meta property=\"article:publisher\" content=\"https:\/\/www.facebook.com\/hotelhappy.rs\/\" \/>\n<meta property=\"article:modified_time\" content=\"2025-05-15T14:30:15+00:00\" \/>\n<meta property=\"og:image\" content=\"https:\/\/hotelhappy.rs\/wp-content\/uploads\/2024\/06\/Vodopad-skok-1.jpg\" \/>\n<meta name=\"twitter:card\" content=\"summary_large_image\" \/>\n<meta name=\"twitter:label1\" content=\"Est. reading time\" \/>\n\t<meta name=\"twitter:data1\" content=\"3 minutes\" \/>\n<script type=\"application\/ld+json\" class=\"yoast-schema-graph\">{\"@context\":\"https:\\\/\\\/schema.org\",\"@graph\":[{\"@type\":\"WebPage\",\"@id\":\"https:\\\/\\\/hotelhappy.rs\\\/turisticke-atrakcije\\\/vodopad-skok\\\/\",\"url\":\"https:\\\/\\\/hotelhappy.rs\\\/turisticke-atrakcije\\\/vodopad-skok\\\/\",\"name\":\"Vodopad Skok - Hotel Happy Dimitrovgrad Va\u0161 vodi\u010d\",\"isPartOf\":{\"@id\":\"http:\\\/\\\/hotelhappy.rs\\\/#website\"},\"primaryImageOfPage\":{\"@id\":\"https:\\\/\\\/hotelhappy.rs\\\/turisticke-atrakcije\\\/vodopad-skok\\\/#primaryimage\"},\"image\":{\"@id\":\"https:\\\/\\\/hotelhappy.rs\\\/turisticke-atrakcije\\\/vodopad-skok\\\/#primaryimage\"},\"thumbnailUrl\":\"https:\\\/\\\/hotelhappy.rs\\\/wp-content\\\/uploads\\\/2024\\\/06\\\/Vodopad-skok-1.jpg\",\"datePublished\":\"2024-04-12T10:18:41+00:00\",\"dateModified\":\"2025-05-15T14:30:15+00:00\",\"description\":\"Otkrijte \u010daroban Vodopad Skok na 40km od Dimitrovgrada - prirodni fenomen koji oduzima dah svojom snagom i lepotom\",\"breadcrumb\":{\"@id\":\"https:\\\/\\\/hotelhappy.rs\\\/turisticke-atrakcije\\\/vodopad-skok\\\/#breadcrumb\"},\"inLanguage\":\"en-US\",\"potentialAction\":[{\"@type\":\"ReadAction\",\"target\":[\"https:\\\/\\\/hotelhappy.rs\\\/turisticke-atrakcije\\\/vodopad-skok\\\/\"]}]},{\"@type\":\"ImageObject\",\"inLanguage\":\"en-US\",\"@id\":\"https:\\\/\\\/hotelhappy.rs\\\/turisticke-atrakcije\\\/vodopad-skok\\\/#primaryimage\",\"url\":\"https:\\\/\\\/hotelhappy.rs\\\/wp-content\\\/uploads\\\/2024\\\/06\\\/Vodopad-skok-1.jpg\",\"contentUrl\":\"https:\\\/\\\/hotelhappy.rs\\\/wp-content\\\/uploads\\\/2024\\\/06\\\/Vodopad-skok-1.jpg\"},{\"@type\":\"BreadcrumbList\",\"@id\":\"https:\\\/\\\/hotelhappy.rs\\\/turisticke-atrakcije\\\/vodopad-skok\\\/#breadcrumb\",\"itemListElement\":[{\"@type\":\"ListItem\",\"position\":1,\"name\":\"Home\",\"item\":\"https:\\\/\\\/hotelhappy.rs\\\/\"},{\"@type\":\"ListItem\",\"position\":2,\"name\":\"TURISTI\u010cKE ATRAKCIJE\",\"item\":\"https:\\\/\\\/hotelhappy.rs\\\/turisticke-atrakcije\\\/\"},{\"@type\":\"ListItem\",\"position\":3,\"name\":\"Vodopad Skok\"}]},{\"@type\":\"WebSite\",\"@id\":\"http:\\\/\\\/hotelhappy.rs\\\/#website\",\"url\":\"http:\\\/\\\/hotelhappy.rs\\\/\",\"name\":\"hotelhappy\",\"description\":\"hotelhappy\",\"publisher\":{\"@id\":\"http:\\\/\\\/hotelhappy.rs\\\/#organization\"},\"potentialAction\":[{\"@type\":\"SearchAction\",\"target\":{\"@type\":\"EntryPoint\",\"urlTemplate\":\"http:\\\/\\\/hotelhappy.rs\\\/?s={search_term_string}\"},\"query-input\":{\"@type\":\"PropertyValueSpecification\",\"valueRequired\":true,\"valueName\":\"search_term_string\"}}],\"inLanguage\":\"en-US\"},{\"@type\":\"Organization\",\"@id\":\"http:\\\/\\\/hotelhappy.rs\\\/#organization\",\"name\":\"hotelhappy\",\"url\":\"http:\\\/\\\/hotelhappy.rs\\\/\",\"logo\":{\"@type\":\"ImageObject\",\"inLanguage\":\"en-US\",\"@id\":\"http:\\\/\\\/hotelhappy.rs\\\/#\\\/schema\\\/logo\\\/image\\\/\",\"url\":\"https:\\\/\\\/i0.wp.com\\\/hotelhappy.rs\\\/wp-content\\\/uploads\\\/2023\\\/01\\\/cropped-LOGO-HOTEL-HAPPY.png?fit=2011%2C2011&ssl=1\",\"contentUrl\":\"https:\\\/\\\/i0.wp.com\\\/hotelhappy.rs\\\/wp-content\\\/uploads\\\/2023\\\/01\\\/cropped-LOGO-HOTEL-HAPPY.png?fit=2011%2C2011&ssl=1\",\"width\":2011,\"height\":2011,\"caption\":\"hotelhappy\"},\"image\":{\"@id\":\"http:\\\/\\\/hotelhappy.rs\\\/#\\\/schema\\\/logo\\\/image\\\/\"},\"sameAs\":[\"https:\\\/\\\/www.facebook.com\\\/hotelhappy.rs\\\/\",\"https:\\\/\\\/www.instagram.com\\\/hotelhappy.rs\\\/\"]}]}<\/script>\n<!-- \/ Yoast SEO plugin. -->","yoast_head_json":{"title":"Vodopad Skok - Hotel Happy Dimitrovgrad Va\u0161 vodi\u010d","description":"Discover the enchanting Skok Waterfall, located 40km from Dimitrovgrad - a natural phenomenon that takes your breath away with its power and beauty.","robots":{"index":"index","follow":"follow","max-snippet":"max-snippet:-1","max-image-preview":"max-image-preview:large","max-video-preview":"max-video-preview:-1"},"canonical":"https:\/\/hotelhappy.rs\/en\/tourist-attractions\/waterfall-skok\/","og_locale":"en_US","og_type":"article","og_title":"Vodopad Skok - Hotel Happy Dimitrovgrad Va\u0161 vodi\u010d","og_description":"Otkrijte \u010daroban Vodopad Skok na 40km od Dimitrovgrada - prirodni fenomen koji oduzima dah svojom snagom i lepotom","og_url":"https:\/\/hotelhappy.rs\/en\/tourist-attractions\/waterfall-skok\/","og_site_name":"hotelhappy","article_publisher":"https:\/\/www.facebook.com\/hotelhappy.rs\/","article_modified_time":"2025-05-15T14:30:15+00:00","og_image":[{"url":"https:\/\/hotelhappy.rs\/wp-content\/uploads\/2024\/06\/Vodopad-skok-1.jpg","type":"","width":"","height":""}],"twitter_card":"summary_large_image","twitter_misc":{"Est. reading time":"3 minutes"},"schema":{"@context":"https:\/\/schema.org","@graph":[{"@type":"WebPage","@id":"https:\/\/hotelhappy.rs\/turisticke-atrakcije\/vodopad-skok\/","url":"https:\/\/hotelhappy.rs\/turisticke-atrakcije\/vodopad-skok\/","name":"Vodopad Skok - Hotel Happy Dimitrovgrad Va\u0161 vodi\u010d","isPartOf":{"@id":"http:\/\/hotelhappy.rs\/#website"},"primaryImageOfPage":{"@id":"https:\/\/hotelhappy.rs\/turisticke-atrakcije\/vodopad-skok\/#primaryimage"},"image":{"@id":"https:\/\/hotelhappy.rs\/turisticke-atrakcije\/vodopad-skok\/#primaryimage"},"thumbnailUrl":"https:\/\/hotelhappy.rs\/wp-content\/uploads\/2024\/06\/Vodopad-skok-1.jpg","datePublished":"2024-04-12T10:18:41+00:00","dateModified":"2025-05-15T14:30:15+00:00","description":"Discover the enchanting Skok Waterfall, located 40km from Dimitrovgrad - a natural phenomenon that takes your breath away with its power and beauty.","breadcrumb":{"@id":"https:\/\/hotelhappy.rs\/turisticke-atrakcije\/vodopad-skok\/#breadcrumb"},"inLanguage":"en-US","potentialAction":[{"@type":"ReadAction","target":["https:\/\/hotelhappy.rs\/turisticke-atrakcije\/vodopad-skok\/"]}]},{"@type":"ImageObject","inLanguage":"en-US","@id":"https:\/\/hotelhappy.rs\/turisticke-atrakcije\/vodopad-skok\/#primaryimage","url":"https:\/\/hotelhappy.rs\/wp-content\/uploads\/2024\/06\/Vodopad-skok-1.jpg","contentUrl":"https:\/\/hotelhappy.rs\/wp-content\/uploads\/2024\/06\/Vodopad-skok-1.jpg"},{"@type":"BreadcrumbList","@id":"https:\/\/hotelhappy.rs\/turisticke-atrakcije\/vodopad-skok\/#breadcrumb","itemListElement":[{"@type":"ListItem","position":1,"name":"Home","item":"https:\/\/hotelhappy.rs\/"},{"@type":"ListItem","position":2,"name":"TURISTI\u010cKE ATRAKCIJE","item":"https:\/\/hotelhappy.rs\/turisticke-atrakcije\/"},{"@type":"ListItem","position":3,"name":"Vodopad Skok"}]},{"@type":"WebSite","@id":"http:\/\/hotelhappy.rs\/#website","url":"http:\/\/hotelhappy.rs\/","name":"hotelhappy","description":"hotelhappy","publisher":{"@id":"http:\/\/hotelhappy.rs\/#organization"},"potentialAction":[{"@type":"SearchAction","target":{"@type":"EntryPoint","urlTemplate":"http:\/\/hotelhappy.rs\/?s={search_term_string}"},"query-input":{"@type":"PropertyValueSpecification","valueRequired":true,"valueName":"search_term_string"}}],"inLanguage":"en-US"},{"@type":"Organization","@id":"http:\/\/hotelhappy.rs\/#organization","name":"hotelhappy","url":"http:\/\/hotelhappy.rs\/","logo":{"@type":"ImageObject","inLanguage":"en-US","@id":"http:\/\/hotelhappy.rs\/#\/schema\/logo\/image\/","url":"https:\/\/i0.wp.com\/hotelhappy.rs\/wp-content\/uploads\/2023\/01\/cropped-LOGO-HOTEL-HAPPY.png?fit=2011%2C2011&ssl=1","contentUrl":"https:\/\/i0.wp.com\/hotelhappy.rs\/wp-content\/uploads\/2023\/01\/cropped-LOGO-HOTEL-HAPPY.png?fit=2011%2C2011&ssl=1","width":2011,"height":2011,"caption":"hotelhappy"},"image":{"@id":"http:\/\/hotelhappy.rs\/#\/schema\/logo\/image\/"},"sameAs":["https:\/\/www.facebook.com\/hotelhappy.rs\/","https:\/\/www.instagram.com\/hotelhappy.rs\/"]}]}},"jetpack_sharing_enabled":true,"_links":{"self":[{"href":"https:\/\/hotelhappy.rs\/en\/wp-json\/wp\/v2\/pages\/3522","targetHints":{"allow":["GET"]}}],"collection":[{"href":"https:\/\/hotelhappy.rs\/en\/wp-json\/wp\/v2\/pages"}],"about":[{"href":"https:\/\/hotelhappy.rs\/en\/wp-json\/wp\/v2\/types\/page"}],"author":[{"embeddable":true,"href":"https:\/\/hotelhappy.rs\/en\/wp-json\/wp\/v2\/users\/1"}],"replies":[{"embeddable":true,"href":"https:\/\/hotelhappy.rs\/en\/wp-json\/wp\/v2\/comments?post=3522"}],"version-history":[{"count":11,"href":"https:\/\/hotelhappy.rs\/en\/wp-json\/wp\/v2\/pages\/3522\/revisions"}],"predecessor-version":[{"id":3861,"href":"https:\/\/hotelhappy.rs\/en\/wp-json\/wp\/v2\/pages\/3522\/revisions\/3861"}],"up":[{"embeddable":true,"href":"https:\/\/hotelhappy.rs\/en\/wp-json\/wp\/v2\/pages\/621"}],"wp:attachment":[{"href":"https:\/\/hotelhappy.rs\/en\/wp-json\/wp\/v2\/media?parent=3522"}],"curies":[{"name":"wp","href":"https:\/\/api.w.org\/{rel}","templated":true}]}}