{"id":875,"date":"2023-01-04T21:09:29","date_gmt":"2023-01-04T20:09:29","guid":{"rendered":"https:\/\/hotelhappy.rs\/?page_id=875"},"modified":"2025-05-15T16:28:18","modified_gmt":"2025-05-15T14:28:18","slug":"o-nama","status":"publish","type":"page","link":"https:\/\/hotelhappy.rs\/en\/o-nama\/","title":{"rendered":"ABOUT US"},"content":{"rendered":"<div data-elementor-type=\"wp-page\" data-elementor-id=\"875\" class=\"elementor elementor-875\">\n\t\t\t\t\t\t<section class=\"elementor-section elementor-top-section elementor-element elementor-element-4c956c01 elementor-section-boxed elementor-section-height-default elementor-section-height-default\" data-id=\"4c956c01\" data-element_type=\"section\" data-e-type=\"section\" data-settings=\"{&quot;background_background&quot;:&quot;classic&quot;}\">\n\t\t\t\t\t\t\t<div class=\"elementor-background-overlay\"><\/div>\n\t\t\t\t\t\t\t<div class=\"elementor-container elementor-column-gap-default\">\n\t\t\t\t\t<div class=\"elementor-column elementor-col-100 elementor-top-column elementor-element elementor-element-599c7f60\" data-id=\"599c7f60\" data-element_type=\"column\" data-e-type=\"column\">\n\t\t\t<div class=\"elementor-widget-wrap elementor-element-populated\">\n\t\t\t\t\t\t<div class=\"elementor-element elementor-element-2fb33a99 elementor-widget elementor-widget-heading\" data-id=\"2fb33a99\" data-element_type=\"widget\" data-e-type=\"widget\" data-widget_type=\"heading.default\">\n\t\t\t\t<div class=\"elementor-widget-container\">\n\t\t\t\t\t<h1 class=\"elementor-heading-title elementor-size-default\">About us<\/h1>\t\t\t\t<\/div>\n\t\t\t\t<\/div>\n\t\t\t\t<div class=\"elementor-element elementor-element-159111ef elementor-widget elementor-widget-text-editor\" data-id=\"159111ef\" data-element_type=\"widget\" data-e-type=\"widget\" data-widget_type=\"text-editor.default\">\n\t\t\t\t<div class=\"elementor-widget-container\">\n\t\t\t\t\t\t\t\t\t<p>About Hotelu Happy in Dimitrovgrad<\/p>\t\t\t\t\t\t\t\t<\/div>\n\t\t\t\t<\/div>\n\t\t\t\t\t<\/div>\n\t\t<\/div>\n\t\t\t\t\t<\/div>\n\t\t<\/section>\n\t\t\t\t<section class=\"elementor-section elementor-top-section elementor-element elementor-element-2603b04 elementor-section-boxed elementor-section-height-default elementor-section-height-default\" data-id=\"2603b04\" data-element_type=\"section\" data-e-type=\"section\">\n\t\t\t\t\t\t<div class=\"elementor-container elementor-column-gap-default\">\n\t\t\t\t\t<div class=\"elementor-column elementor-col-100 elementor-top-column elementor-element elementor-element-763f3aa\" data-id=\"763f3aa\" data-element_type=\"column\" data-e-type=\"column\">\n\t\t\t<div class=\"elementor-widget-wrap elementor-element-populated\">\n\t\t\t\t\t\t<div class=\"elementor-element elementor-element-e48e2b0 elementor-widget elementor-widget-heading\" data-id=\"e48e2b0\" data-element_type=\"widget\" data-e-type=\"widget\" data-widget_type=\"heading.default\">\n\t\t\t\t<div class=\"elementor-widget-container\">\n\t\t\t\t\t<h2 class=\"elementor-heading-title elementor-size-default\">Hotel Happy Dimitrovgrad Serbia<\/h2>\t\t\t\t<\/div>\n\t\t\t\t<\/div>\n\t\t\t\t<div class=\"elementor-element elementor-element-1daa6f6 elementor-widget elementor-widget-text-editor\" data-id=\"1daa6f6\" data-element_type=\"widget\" data-e-type=\"widget\" data-widget_type=\"text-editor.default\">\n\t\t\t\t<div class=\"elementor-widget-container\">\n\t\t\t\t\t\t\t\t\t<p>Was opened in 2015. From the first day, we work to justify the trust and expectations of our dear guests. We pride ourselves on providing the best possible service, and our satisfied guests are the best indicator that we are doing it right.<\/p><p>Hotel Happy je udaljen na svega par minuta od centra Dimitrovgrada. Na oko 20 kilometara od hotela, nalazi se park prirode &#8220;Stara Planina&#8220; a na 5 kilometra je granica sa Bugarskom. Sme\u0161ten u mirnom kraju okru\u017een prirodom, na uzvi\u0161enju sa koga se prostire predivan pogled na grad i okolinu.<\/p><p class=\"translation-block\">With an accommodation capacity of 30 rooms and suites, Hotel Happy offers a wide choice of accommodations for everyone's tastes and needs. Each accommodation has wi-fi internet, LCD TV, telephone and separate bathroom.<\/p><p><span style=\"font-style: inherit; font-weight: inherit; background-color: var(--ast-global-color-4); color: var(--ast-global-color-3);\">In addition to accommodation, Hotel Happy has\u00a0<\/span><a href=\"https:\/\/hotelhappy.rs\/en\/restaurant\/\" target=\"_blank\" rel=\"noopener\"><b><u>and restaurant<\/u><\/b><\/a>\u00a0<span style=\"font-style: inherit; font-weight: inherit; background-color: var(--ast-global-color-4); color: var(--ast-global-color-3);\">with 120 seats and a beautiful terrace with a view of the surroundings with an additional 60 seats. The terrace is open in summer and glazed in winter.<\/span><\/p><p>Near the hotel, there are waterfalls, beautiful viewpoints, lakes, and others\u00a0<span style=\"color: var(--ast-global-color-3); font-size: 1rem; background-color: var(--ast-global-color-4);\">natural phenomena that are abundant in our region. Read more about it\u00a0<\/span><a href=\"https:\/\/hotelhappy.rs\/en\/tourist-attractions\/\"><u><b>here<\/b><\/u><\/a><span style=\"color: var(--ast-global-color-3); font-size: 1rem; background-color: var(--ast-global-color-4);\">.<\/span><\/p><p style=\"font-size: 16px; font-style: normal; font-weight: 400;\">Hotel Happy has secured parking for all hotel guests.<\/p><p style=\"font-size: 16px; font-style: normal; font-weight: 400;\">The entire space is covered with wi-fi internet, which guests can use without restrictions.<\/p><p style=\"font-size: 16px; font-style: normal; font-weight: 400;\">Our hotel is also pet friendly, so you can bring your pet.<\/p><p style=\"font-size: 16px; font-style: normal; font-weight: 400;\">If you need a baby cot, just let us know when booking and we will do our best to provide it for you.<\/p><p style=\"font-size: 16px; font-style: normal; font-weight: 400;\">With us, in addition to standard services, you can organize weddings, birthdays, baptisms, corporate events\u00a0<span style=\"color: var(--ast-global-color-3); font-size: 1rem; background-color: var(--ast-global-color-4);\">celebrations, presentations, cocktails, and other events.<\/span><\/p><p>Reception opening hours are 00:00-24:00.<\/p><p>In 2023, we plan to open a swimming pool, a spa center, and many other surprises to provide our guests with comfort and an unforgettable experience.<\/p>\t\t\t\t\t\t\t\t<\/div>\n\t\t\t\t<\/div>\n\t\t\t\t\t<\/div>\n\t\t<\/div>\n\t\t\t\t\t<\/div>\n\t\t<\/section>\n\t\t\t\t<section class=\"elementor-section elementor-top-section elementor-element elementor-element-3dbeed21 elementor-section-boxed elementor-section-height-default elementor-section-height-default\" data-id=\"3dbeed21\" data-element_type=\"section\" data-e-type=\"section\" data-settings=\"{&quot;background_background&quot;:&quot;classic&quot;}\">\n\t\t\t\t\t\t\t<div class=\"elementor-background-overlay\"><\/div>\n\t\t\t\t\t\t\t<div class=\"elementor-container elementor-column-gap-no\">\n\t\t\t\t\t<div class=\"elementor-column elementor-col-100 elementor-top-column elementor-element elementor-element-5db72119\" data-id=\"5db72119\" data-element_type=\"column\" data-e-type=\"column\">\n\t\t\t<div class=\"elementor-widget-wrap elementor-element-populated\">\n\t\t\t\t\t\t<div class=\"elementor-element elementor-element-57b40abe elementor-widget elementor-widget-heading\" data-id=\"57b40abe\" data-element_type=\"widget\" data-e-type=\"widget\" data-widget_type=\"heading.default\">\n\t\t\t\t<div class=\"elementor-widget-container\">\n\t\t\t\t\t<h3 class=\"elementor-heading-title elementor-size-default\">Plan your unforgettable Happy experience today!<\/h3>\t\t\t\t<\/div>\n\t\t\t\t<\/div>\n\t\t\t\t<div class=\"elementor-element elementor-element-38d8798 elementor-align-center elementor-widget elementor-widget-button\" data-id=\"38d8798\" data-element_type=\"widget\" data-e-type=\"widget\" data-widget_type=\"button.default\">\n\t\t\t\t<div class=\"elementor-widget-container\">\n\t\t\t\t\t\t\t\t\t<div class=\"elementor-button-wrapper\">\n\t\t\t\t\t<a class=\"elementor-button elementor-button-link elementor-size-sm\" href=\"https:\/\/hotelhappy.rs\/en\/contact\/\">\n\t\t\t\t\t\t<span class=\"elementor-button-content-wrapper\">\n\t\t\t\t\t\t\t\t\t<span class=\"elementor-button-text\">BOOK ACCOMMODATION<\/span>\n\t\t\t\t\t<\/span>\n\t\t\t\t\t<\/a>\n\t\t\t\t<\/div>\n\t\t\t\t\t\t\t\t<\/div>\n\t\t\t\t<\/div>\n\t\t\t\t\t<\/div>\n\t\t<\/div>\n\t\t\t\t\t<\/div>\n\t\t<\/section>\n\t\t\t\t<\/div>","protected":false},"excerpt":{"rendered":"<p>O Nama O Hotelu Happy u Dimitrovgradu Hotel Happy Dimitrovgrad Otvoren je 2015. godine. Od prvog dana radimo na tome da opravdamo poverenje i o\u010dekivanja na\u0161ih dragih gostiju. Ponosni smo na to \u0161to mo\u017eemo da pru\u017eimo\u00a0 najbolju mogu\u0107u uslugu, a na\u0161i zadovoljni gosti su najbolji pokazatelj da to radimo na pravi na\u010din. Hotel Happy je [&hellip;]<\/p>\n","protected":false},"author":1,"featured_media":0,"parent":0,"menu_order":0,"comment_status":"closed","ping_status":"closed","template":"","meta":{"site-sidebar-layout":"no-sidebar","site-content-layout":"page-builder","ast-site-content-layout":"full-width-container","site-content-style":"unboxed","site-sidebar-style":"unboxed","ast-global-header-display":"","ast-banner-title-visibility":"","ast-main-header-display":"","ast-hfb-above-header-display":"","ast-hfb-below-header-display":"","ast-hfb-mobile-header-display":"","site-post-title":"disabled","ast-breadcrumbs-content":"","ast-featured-img":"disabled","footer-sml-layout":"","ast-disable-related-posts":"","theme-transparent-header-meta":"","adv-header-id-meta":"","stick-header-meta":"","header-above-stick-meta":"","header-main-stick-meta":"","header-below-stick-meta":"","astra-migrate-meta-layouts":"set","ast-page-background-enabled":"default","ast-page-background-meta":{"desktop":{"background-color":"","background-image":"","background-repeat":"repeat","background-position":"center center","background-size":"auto","background-attachment":"scroll","background-type":"","background-media":"","overlay-type":"","overlay-color":"","overlay-opacity":"","overlay-gradient":""},"tablet":{"background-color":"","background-image":"","background-repeat":"repeat","background-position":"center center","background-size":"auto","background-attachment":"scroll","background-type":"","background-media":"","overlay-type":"","overlay-color":"","overlay-opacity":"","overlay-gradient":""},"mobile":{"background-color":"","background-image":"","background-repeat":"repeat","background-position":"center center","background-size":"auto","background-attachment":"scroll","background-type":"","background-media":"","overlay-type":"","overlay-color":"","overlay-opacity":"","overlay-gradient":""}},"ast-content-background-meta":{"desktop":{"background-color":"var(--ast-global-color-5)","background-image":"","background-repeat":"repeat","background-position":"center center","background-size":"auto","background-attachment":"scroll","background-type":"","background-media":"","overlay-type":"","overlay-color":"","overlay-opacity":"","overlay-gradient":""},"tablet":{"background-color":"var(--ast-global-color-5)","background-image":"","background-repeat":"repeat","background-position":"center center","background-size":"auto","background-attachment":"scroll","background-type":"","background-media":"","overlay-type":"","overlay-color":"","overlay-opacity":"","overlay-gradient":""},"mobile":{"background-color":"var(--ast-global-color-5)","background-image":"","background-repeat":"repeat","background-position":"center center","background-size":"auto","background-attachment":"scroll","background-type":"","background-media":"","overlay-type":"","overlay-color":"","overlay-opacity":"","overlay-gradient":""}},"footnotes":""},"class_list":["post-875","page","type-page","status-publish","hentry"],"yoast_head":"<!-- This site is optimized with the Yoast SEO plugin v27.4 - https:\/\/yoast.com\/product\/yoast-seo-wordpress\/ -->\n<title>Sve neophodne informacije o nama - Hotel Happy Dimitrovgrad<\/title>\n<meta name=\"description\" content=\"Hotel Happy je udaljen na svega par minuta od centra Dimitrovgrada. Na oko 20 kilometara od hotela, nalazi se park prirode Stara Planina\" \/>\n<meta name=\"robots\" content=\"index, follow, max-snippet:-1, max-image-preview:large, max-video-preview:-1\" \/>\n<link rel=\"canonical\" href=\"https:\/\/hotelhappy.rs\/en\/about-us\/\" \/>\n<meta property=\"og:locale\" content=\"en_US\" \/>\n<meta property=\"og:type\" content=\"article\" \/>\n<meta property=\"og:title\" content=\"Sve neophodne informacije o nama - Hotel Happy Dimitrovgrad\" \/>\n<meta property=\"og:description\" content=\"Hotel Happy je udaljen na svega par minuta od centra Dimitrovgrada. Na oko 20 kilometara od hotela, nalazi se park prirode Stara Planina\" \/>\n<meta property=\"og:url\" content=\"https:\/\/hotelhappy.rs\/en\/about-us\/\" \/>\n<meta property=\"og:site_name\" content=\"hotelhappy\" \/>\n<meta property=\"article:publisher\" content=\"https:\/\/www.facebook.com\/hotelhappy.rs\/\" \/>\n<meta property=\"article:modified_time\" content=\"2025-05-15T14:28:18+00:00\" \/>\n<meta name=\"twitter:card\" content=\"summary_large_image\" \/>\n<meta name=\"twitter:label1\" content=\"Est. reading time\" \/>\n\t<meta name=\"twitter:data1\" content=\"2 minutes\" \/>\n<script type=\"application\/ld+json\" class=\"yoast-schema-graph\">{\"@context\":\"https:\\\/\\\/schema.org\",\"@graph\":[{\"@type\":\"WebPage\",\"@id\":\"https:\\\/\\\/hotelhappy.rs\\\/o-nama\\\/\",\"url\":\"https:\\\/\\\/hotelhappy.rs\\\/o-nama\\\/\",\"name\":\"Sve neophodne informacije o nama - Hotel Happy Dimitrovgrad\",\"isPartOf\":{\"@id\":\"http:\\\/\\\/hotelhappy.rs\\\/#website\"},\"datePublished\":\"2023-01-04T20:09:29+00:00\",\"dateModified\":\"2025-05-15T14:28:18+00:00\",\"description\":\"Hotel Happy je udaljen na svega par minuta od centra Dimitrovgrada. Na oko 20 kilometara od hotela, nalazi se park prirode Stara Planina\",\"breadcrumb\":{\"@id\":\"https:\\\/\\\/hotelhappy.rs\\\/o-nama\\\/#breadcrumb\"},\"inLanguage\":\"en-US\",\"potentialAction\":[{\"@type\":\"ReadAction\",\"target\":[\"https:\\\/\\\/hotelhappy.rs\\\/o-nama\\\/\"]}]},{\"@type\":\"BreadcrumbList\",\"@id\":\"https:\\\/\\\/hotelhappy.rs\\\/o-nama\\\/#breadcrumb\",\"itemListElement\":[{\"@type\":\"ListItem\",\"position\":1,\"name\":\"Home\",\"item\":\"https:\\\/\\\/hotelhappy.rs\\\/\"},{\"@type\":\"ListItem\",\"position\":2,\"name\":\"O NAMA\"}]},{\"@type\":\"WebSite\",\"@id\":\"http:\\\/\\\/hotelhappy.rs\\\/#website\",\"url\":\"http:\\\/\\\/hotelhappy.rs\\\/\",\"name\":\"hotelhappy\",\"description\":\"hotelhappy\",\"publisher\":{\"@id\":\"http:\\\/\\\/hotelhappy.rs\\\/#organization\"},\"potentialAction\":[{\"@type\":\"SearchAction\",\"target\":{\"@type\":\"EntryPoint\",\"urlTemplate\":\"http:\\\/\\\/hotelhappy.rs\\\/?s={search_term_string}\"},\"query-input\":{\"@type\":\"PropertyValueSpecification\",\"valueRequired\":true,\"valueName\":\"search_term_string\"}}],\"inLanguage\":\"en-US\"},{\"@type\":\"Organization\",\"@id\":\"http:\\\/\\\/hotelhappy.rs\\\/#organization\",\"name\":\"hotelhappy\",\"url\":\"http:\\\/\\\/hotelhappy.rs\\\/\",\"logo\":{\"@type\":\"ImageObject\",\"inLanguage\":\"en-US\",\"@id\":\"http:\\\/\\\/hotelhappy.rs\\\/#\\\/schema\\\/logo\\\/image\\\/\",\"url\":\"https:\\\/\\\/i0.wp.com\\\/hotelhappy.rs\\\/wp-content\\\/uploads\\\/2023\\\/01\\\/cropped-LOGO-HOTEL-HAPPY.png?fit=2011%2C2011&ssl=1\",\"contentUrl\":\"https:\\\/\\\/i0.wp.com\\\/hotelhappy.rs\\\/wp-content\\\/uploads\\\/2023\\\/01\\\/cropped-LOGO-HOTEL-HAPPY.png?fit=2011%2C2011&ssl=1\",\"width\":2011,\"height\":2011,\"caption\":\"hotelhappy\"},\"image\":{\"@id\":\"http:\\\/\\\/hotelhappy.rs\\\/#\\\/schema\\\/logo\\\/image\\\/\"},\"sameAs\":[\"https:\\\/\\\/www.facebook.com\\\/hotelhappy.rs\\\/\",\"https:\\\/\\\/www.instagram.com\\\/hotelhappy.rs\\\/\"]}]}<\/script>\n<!-- \/ Yoast SEO plugin. -->","yoast_head_json":{"title":"Hotel Happy Dimitrovgrad - All necessary information about us","description":"Hotel Happy is only a few minutes away from the center of Dimitrovgrad. About 20 kilometers from the hotel, there is the Stara Planina nature park","robots":{"index":"index","follow":"follow","max-snippet":"max-snippet:-1","max-image-preview":"max-image-preview:large","max-video-preview":"max-video-preview:-1"},"canonical":"https:\/\/hotelhappy.rs\/en\/about-us\/","og_locale":"en_US","og_type":"article","og_title":"Sve neophodne informacije o nama - Hotel Happy Dimitrovgrad","og_description":"Hotel Happy je udaljen na svega par minuta od centra Dimitrovgrada. Na oko 20 kilometara od hotela, nalazi se park prirode Stara Planina","og_url":"https:\/\/hotelhappy.rs\/en\/about-us\/","og_site_name":"hotelhappy","article_publisher":"https:\/\/www.facebook.com\/hotelhappy.rs\/","article_modified_time":"2025-05-15T14:28:18+00:00","twitter_card":"summary_large_image","twitter_misc":{"Est. reading time":"2 minutes"},"schema":{"@context":"https:\/\/schema.org","@graph":[{"@type":"WebPage","@id":"https:\/\/hotelhappy.rs\/o-nama\/","url":"https:\/\/hotelhappy.rs\/o-nama\/","name":"Hotel Happy Dimitrovgrad - All necessary information about us","isPartOf":{"@id":"http:\/\/hotelhappy.rs\/#website"},"datePublished":"2023-01-04T20:09:29+00:00","dateModified":"2025-05-15T14:28:18+00:00","description":"Hotel Happy is only a few minutes away from the center of Dimitrovgrad. About 20 kilometers from the hotel, there is the Stara Planina nature park","breadcrumb":{"@id":"https:\/\/hotelhappy.rs\/o-nama\/#breadcrumb"},"inLanguage":"en-US","potentialAction":[{"@type":"ReadAction","target":["https:\/\/hotelhappy.rs\/o-nama\/"]}]},{"@type":"BreadcrumbList","@id":"https:\/\/hotelhappy.rs\/o-nama\/#breadcrumb","itemListElement":[{"@type":"ListItem","position":1,"name":"Home","item":"https:\/\/hotelhappy.rs\/"},{"@type":"ListItem","position":2,"name":"O NAMA"}]},{"@type":"WebSite","@id":"http:\/\/hotelhappy.rs\/#website","url":"http:\/\/hotelhappy.rs\/","name":"hotelhappy","description":"hotelhappy","publisher":{"@id":"http:\/\/hotelhappy.rs\/#organization"},"potentialAction":[{"@type":"SearchAction","target":{"@type":"EntryPoint","urlTemplate":"http:\/\/hotelhappy.rs\/?s={search_term_string}"},"query-input":{"@type":"PropertyValueSpecification","valueRequired":true,"valueName":"search_term_string"}}],"inLanguage":"en-US"},{"@type":"Organization","@id":"http:\/\/hotelhappy.rs\/#organization","name":"hotelhappy","url":"http:\/\/hotelhappy.rs\/","logo":{"@type":"ImageObject","inLanguage":"en-US","@id":"http:\/\/hotelhappy.rs\/#\/schema\/logo\/image\/","url":"https:\/\/i0.wp.com\/hotelhappy.rs\/wp-content\/uploads\/2023\/01\/cropped-LOGO-HOTEL-HAPPY.png?fit=2011%2C2011&ssl=1","contentUrl":"https:\/\/i0.wp.com\/hotelhappy.rs\/wp-content\/uploads\/2023\/01\/cropped-LOGO-HOTEL-HAPPY.png?fit=2011%2C2011&ssl=1","width":2011,"height":2011,"caption":"hotelhappy"},"image":{"@id":"http:\/\/hotelhappy.rs\/#\/schema\/logo\/image\/"},"sameAs":["https:\/\/www.facebook.com\/hotelhappy.rs\/","https:\/\/www.instagram.com\/hotelhappy.rs\/"]}]}},"jetpack_sharing_enabled":true,"_links":{"self":[{"href":"https:\/\/hotelhappy.rs\/en\/wp-json\/wp\/v2\/pages\/875","targetHints":{"allow":["GET"]}}],"collection":[{"href":"https:\/\/hotelhappy.rs\/en\/wp-json\/wp\/v2\/pages"}],"about":[{"href":"https:\/\/hotelhappy.rs\/en\/wp-json\/wp\/v2\/types\/page"}],"author":[{"embeddable":true,"href":"https:\/\/hotelhappy.rs\/en\/wp-json\/wp\/v2\/users\/1"}],"replies":[{"embeddable":true,"href":"https:\/\/hotelhappy.rs\/en\/wp-json\/wp\/v2\/comments?post=875"}],"version-history":[{"count":20,"href":"https:\/\/hotelhappy.rs\/en\/wp-json\/wp\/v2\/pages\/875\/revisions"}],"predecessor-version":[{"id":3855,"href":"https:\/\/hotelhappy.rs\/en\/wp-json\/wp\/v2\/pages\/875\/revisions\/3855"}],"wp:attachment":[{"href":"https:\/\/hotelhappy.rs\/en\/wp-json\/wp\/v2\/media?parent=875"}],"curies":[{"name":"wp","href":"https:\/\/api.w.org\/{rel}","templated":true}]}}